{"id":1199,"date":"2015-03-12T11:00:26","date_gmt":"2015-03-12T02:00:26","guid":{"rendered":"http:\/\/trimunt.atworks-jp.net\/?page_id=1199"},"modified":"2023-12-26T12:42:41","modified_gmt":"2023-12-26T03:42:41","slug":"optional-parts","status":"publish","type":"page","link":"https:\/\/www.trimunt.co.jp\/es\/adem-dental-simulator\/phantom-system\/optional-parts\/","title":{"rendered":"Partes Opcionales"},"content":{"rendered":"<p><\/p>\n<p>&nbsp;<\/p>\n<table border=\"0\" width=\"100%\">\n<tbody>\n<tr>\n<td style=\"text-align: right !important;\"><a class=\"button hvr-rectangle-out\" title=\"ADEM Sistema Fantasma\" href=\"http:\/\/www.trimunt.co.jp\/?page_id=228\">ADEM Sistema Fantasma<\/a><\/td>\n<\/tr>\n<\/tbody>\n<\/table>\n<p>&nbsp;<\/p>\n<div class=\"example11-wrap\">\n<table style=\"width: 100%;\">\n<tbody>\n<tr>\n<td rowspan=\"2\" width=\"200\">\n<p><img loading=\"lazy\" decoding=\"async\" class=\"alignleft wp-image-801 size-full\" src=\"http:\/\/www.trimunt.co.jp\/wp-content\/uploads\/2014\/12\/item10.jpg\" alt=\"item10\" width=\"200\" height=\"200\" srcset=\"https:\/\/www.trimunt.co.jp\/wp-content\/uploads\/2014\/12\/item10.jpg 200w, https:\/\/www.trimunt.co.jp\/wp-content\/uploads\/2014\/12\/item10-150x150.jpg 150w\" sizes=\"(max-width: 200px) 100vw, 200px\" \/><\/p>\n<\/td>\n<td style=\"vertical-align: top;\" colspan=\"2\">\n<h4>ADM-020-MG\u00a0\u00a0Base Metalica con Pins Magneticos para el Modelo Superior de la Quijada<\/h4>\n<p>Aplicarla a la quijada superior del Modelo<br \/>Nota: Estos no estan incluidos en los modelos de quijada.<\/p>\n<\/td>\n<\/tr>\n<tr>\n<td style=\"vertical-align: bottom;\" width=\"130\"><img loading=\"lazy\" decoding=\"async\" class=\"alignleft wp-image-1204\" src=\"http:\/\/www.trimunt.co.jp\/wp-content\/uploads\/2015\/03\/op02-150x150.jpg\" alt=\"op02\" width=\"130\" height=\"130\" srcset=\"https:\/\/www.trimunt.co.jp\/wp-content\/uploads\/2015\/03\/op02-150x150.jpg 150w, https:\/\/www.trimunt.co.jp\/wp-content\/uploads\/2015\/03\/op02.jpg 300w\" sizes=\"(max-width: 130px) 100vw, 130px\" \/><\/td>\n<td style=\"vertical-align: bottom;\"><img loading=\"lazy\" decoding=\"async\" class=\"alignleft wp-image-1203\" src=\"http:\/\/www.trimunt.co.jp\/wp-content\/uploads\/2015\/03\/op01-150x150.jpg\" alt=\"op01\" width=\"130\" height=\"130\" srcset=\"https:\/\/www.trimunt.co.jp\/wp-content\/uploads\/2015\/03\/op01-150x150.jpg 150w, https:\/\/www.trimunt.co.jp\/wp-content\/uploads\/2015\/03\/op01.jpg 300w\" sizes=\"(max-width: 130px) 100vw, 130px\" \/><\/td>\n<\/tr>\n<\/tbody>\n<\/table>\n<\/div>\n<p>&nbsp;<\/p>\n<div class=\"example11-wrap\">\n<table style=\"width: 100%;\">\n<tbody>\n<tr>\n<td rowspan=\"2\" width=\"200\">\n<p><img loading=\"lazy\" decoding=\"async\" class=\"alignleft wp-image-1210\" src=\"http:\/\/www.trimunt.co.jp\/wp-content\/uploads\/2015\/03\/op03-150x150.jpg\" alt=\"op03\" width=\"200\" height=\"200\" srcset=\"https:\/\/www.trimunt.co.jp\/wp-content\/uploads\/2015\/03\/op03-150x150.jpg 150w, https:\/\/www.trimunt.co.jp\/wp-content\/uploads\/2015\/03\/op03.jpg 300w\" sizes=\"(max-width: 200px) 100vw, 200px\" \/><\/p>\n<\/td>\n<td style=\"vertical-align: top;\">\n<h4>ADM-015 Mascara Fantasma<\/h4>\n<p>Esta mascara viene adherida con la cabeza.<br \/> La mascara Fantasma puede ser utilizada con la aplicacion de la cavidad oral.<br \/> Viene con su tubo de drenaje.<\/p>\n<\/td>\n<\/tr>\n<tr>\n<td style=\"vertical-align: bottom;\"><img loading=\"lazy\" decoding=\"async\" class=\"alignleft wp-image-1211\" src=\"http:\/\/www.trimunt.co.jp\/wp-content\/uploads\/2015\/03\/op04.jpg\" alt=\"op04\" width=\"130\" height=\"130\" srcset=\"https:\/\/www.trimunt.co.jp\/wp-content\/uploads\/2015\/03\/op04.jpg 300w, https:\/\/www.trimunt.co.jp\/wp-content\/uploads\/2015\/03\/op04-150x150.jpg 150w\" sizes=\"(max-width: 130px) 100vw, 130px\" \/><\/td>\n<\/tr>\n<\/tbody>\n<\/table>\n<\/div>\n<p>&nbsp;<\/p>\n<div class=\"example11-wrap\">\n<table style=\"width: 100%;\">\n<tbody>\n<tr>\n<td colspan=\"4\">\n<h4>Cubierta para la cavidad oral<\/h4>\n<p>Cubierta anat\u00f3mica de la cavidad oral que ofrece resistencia realista durante el uso. Cubierta de la cavidad oral sin desag\u00fce est\u00e1 tambi\u00e9n disponible.<\/p>\n<p>Cubierta transparente para checar el entrenamiento visualmente.<\/p>\n<\/td>\n<\/tr>\n<tr>\n<td rowspan=\"2\" width=\"200\">\n<p><img loading=\"lazy\" decoding=\"async\" class=\"alignleft wp-image-1213\" src=\"http:\/\/www.trimunt.co.jp\/wp-content\/uploads\/2015\/03\/op05-150x150.jpg\" alt=\"op05\" width=\"200\" height=\"200\" srcset=\"https:\/\/www.trimunt.co.jp\/wp-content\/uploads\/2015\/03\/op05-150x150.jpg 150w, https:\/\/www.trimunt.co.jp\/wp-content\/uploads\/2015\/03\/op05.jpg 300w\" sizes=\"(max-width: 200px) 100vw, 200px\" \/><\/p>\n<\/td>\n<td style=\"vertical-align: top;\">\n<h4>OTH-013<\/h4>\n<p>color Rosa<\/p>\n<p>&nbsp;<\/p>\n<\/td>\n<td style=\"vertical-align: top;\" rowspan=\"2\" width=\"200\">\n<h4><img loading=\"lazy\" decoding=\"async\" class=\"alignleft wp-image-1216\" src=\"http:\/\/www.trimunt.co.jp\/wp-content\/uploads\/2015\/03\/op08-150x150.jpg\" alt=\"op08\" width=\"200\" height=\"200\" srcset=\"https:\/\/www.trimunt.co.jp\/wp-content\/uploads\/2015\/03\/op08-150x150.jpg 150w, https:\/\/www.trimunt.co.jp\/wp-content\/uploads\/2015\/03\/op08.jpg 300w\" sizes=\"(max-width: 200px) 100vw, 200px\" \/><\/h4>\n<\/td>\n<td style=\"vertical-align: top;\">\n<h4>OTH-017<\/h4>\n<p>transparente<\/p>\n<p>&nbsp;<\/p>\n<\/td>\n<\/tr>\n<tr>\n<td style=\"vertical-align: bottom;\" width=\"130\"><img loading=\"lazy\" decoding=\"async\" class=\"alignleft wp-image-1214\" src=\"http:\/\/www.trimunt.co.jp\/wp-content\/uploads\/2015\/03\/op06-150x150.jpg\" alt=\"op06\" width=\"120\" height=\"120\" srcset=\"https:\/\/www.trimunt.co.jp\/wp-content\/uploads\/2015\/03\/op06-150x150.jpg 150w, https:\/\/www.trimunt.co.jp\/wp-content\/uploads\/2015\/03\/op06.jpg 300w\" sizes=\"(max-width: 120px) 100vw, 120px\" \/><\/td>\n<td style=\"vertical-align: bottom;\" width=\"130\"><img loading=\"lazy\" decoding=\"async\" class=\"alignleft wp-image-1215\" src=\"http:\/\/www.trimunt.co.jp\/wp-content\/uploads\/2015\/03\/op07-150x150.jpg\" alt=\"op07\" width=\"120\" height=\"120\" srcset=\"https:\/\/www.trimunt.co.jp\/wp-content\/uploads\/2015\/03\/op07-150x150.jpg 150w, https:\/\/www.trimunt.co.jp\/wp-content\/uploads\/2015\/03\/op07.jpg 300w\" sizes=\"(max-width: 120px) 100vw, 120px\" \/><\/td>\n<\/tr>\n<\/tbody>\n<\/table>\n<\/div>\n<p>&nbsp;<\/p>\n<div class=\"example11-wrap\">\n<table style=\"width: 100%;\">\n<tbody>\n<tr>\n<td rowspan=\"2\" width=\"200\">\n<p><img loading=\"lazy\" decoding=\"async\" class=\"alignleft wp-image-812 size-full\" src=\"http:\/\/www.trimunt.co.jp\/wp-content\/uploads\/2014\/12\/item18.jpg\" alt=\"item18\" width=\"200\" height=\"200\" srcset=\"https:\/\/www.trimunt.co.jp\/wp-content\/uploads\/2014\/12\/item18.jpg 200w, https:\/\/www.trimunt.co.jp\/wp-content\/uploads\/2014\/12\/item18-150x150.jpg 150w\" sizes=\"(max-width: 200px) 100vw, 200px\" \/><\/p>\n<\/td>\n<td style=\"vertical-align: top;\" colspan=\"2\">\n<h4>OTH-002 Arandela (Volandera)<\/h4>\n<p>Estas 4 arandelas son aplicadas a la cubierta de los modelos de mandibula f\u00e1cilmente sin perder la reproducibilidad de la obstrucci\u00f3n.<\/p>\n<\/td>\n<\/tr>\n<tr>\n<td style=\"vertical-align: bottom;\" width=\"130\"><img loading=\"lazy\" decoding=\"async\" class=\"alignleft wp-image-1221\" src=\"http:\/\/www.trimunt.co.jp\/wp-content\/uploads\/2015\/03\/op09-150x150.jpg\" alt=\"op09\" width=\"130\" height=\"130\" srcset=\"https:\/\/www.trimunt.co.jp\/wp-content\/uploads\/2015\/03\/op09-150x150.jpg 150w, https:\/\/www.trimunt.co.jp\/wp-content\/uploads\/2015\/03\/op09.jpg 300w\" sizes=\"(max-width: 130px) 100vw, 130px\" \/><\/td>\n<td style=\"vertical-align: bottom;\"><\/td>\n<\/tr>\n<\/tbody>\n<\/table>\n<\/div>\n<p>&nbsp;<\/p>\n<div class=\"example11-wrap\">\n<table style=\"width: 100%;\">\n<tbody>\n<tr>\n<td width=\"130\">\n<p><img loading=\"lazy\" decoding=\"async\" class=\"alignleft size-full wp-image-811\" src=\"http:\/\/www.trimunt.co.jp\/wp-content\/uploads\/2014\/12\/item17.jpg\" alt=\"item17\" width=\"200\" height=\"200\" srcset=\"https:\/\/www.trimunt.co.jp\/wp-content\/uploads\/2014\/12\/item17.jpg 200w, https:\/\/www.trimunt.co.jp\/wp-content\/uploads\/2014\/12\/item17-150x150.jpg 150w\" sizes=\"(max-width: 200px) 100vw, 200px\" \/><\/p>\n<\/td>\n<td style=\"vertical-align: top;\" colspan=\"2\">\n<h4>ADM-018 Placa magnetica inferior<\/h4>\n<p>Placa para fijar magneticamente a la mandibula inferior una vez instalada la cubierta de cavidad oral.<\/p>\n<\/td>\n<\/tr>\n<\/tbody>\n<\/table>\n<\/div>\n<p>&nbsp;<\/p>\n<div class=\"example11-wrap\">\n<table style=\"width: 100%;\">\n<tbody>\n<tr>\n<td rowspan=\"2\" width=\"200\">\n<p><img loading=\"lazy\" decoding=\"async\" class=\"alignleft size-full wp-image-841\" src=\"http:\/\/www.trimunt.co.jp\/wp-content\/uploads\/2015\/03\/basicKit03.jpg\" alt=\"basicKit03\" width=\"200\" height=\"200\" srcset=\"https:\/\/www.trimunt.co.jp\/wp-content\/uploads\/2015\/03\/basicKit03.jpg 200w, https:\/\/www.trimunt.co.jp\/wp-content\/uploads\/2015\/03\/basicKit03-150x150.jpg 150w\" sizes=\"(max-width: 200px) 100vw, 200px\" \/><\/p>\n<\/td>\n<td style=\"vertical-align: top;\">\n<h4><img loading=\"lazy\" decoding=\"async\" class=\"alignleft wp-image-813\" src=\"http:\/\/www.trimunt.co.jp\/wp-content\/uploads\/2014\/12\/item19-150x150.jpg\" alt=\"item19\" width=\"100\" height=\"100\" srcset=\"https:\/\/www.trimunt.co.jp\/wp-content\/uploads\/2014\/12\/item19-150x150.jpg 150w, https:\/\/www.trimunt.co.jp\/wp-content\/uploads\/2014\/12\/item19.jpg 200w\" sizes=\"(max-width: 100px) 100vw, 100px\" \/><\/h4>\n<\/td>\n<td style=\"vertical-align: top;\">\n<h4>ADM-016 Hoja de goma<\/h4>\n<p>Cara de goma resistible viene conjunto con la cubierta de cavidad oral.<\/p>\n<\/td>\n<\/tr>\n<tr>\n<td>\u00a0<a href=\"http:\/\/www.trimunt.co.jp\/wp-content\/uploads\/2014\/12\/item20.jpg\"><img loading=\"lazy\" decoding=\"async\" class=\"alignleft wp-image-814\" src=\"http:\/\/www.trimunt.co.jp\/wp-content\/uploads\/2014\/12\/item20-150x150.jpg\" alt=\"item20\" width=\"100\" height=\"100\" srcset=\"https:\/\/www.trimunt.co.jp\/wp-content\/uploads\/2014\/12\/item20-150x150.jpg 150w, https:\/\/www.trimunt.co.jp\/wp-content\/uploads\/2014\/12\/item20.jpg 200w\" sizes=\"(max-width: 100px) 100vw, 100px\" \/><\/a><\/td>\n<td style=\"vertical-align: top;\">\n<h4>ADM-017 Tornillos para la hoja de goma<\/h4>\n<p>Tornillos para el montaje<br \/> de la hoja de goma<\/p>\n<p>(total de 6 piezas)<\/p>\n<\/td>\n<\/tr>\n<\/tbody>\n<\/table>\n<\/div>\n<p>&nbsp;<\/p>\n<div class=\"example11-wrap\">\n<table style=\"width: 100%;\">\n<tbody>\n<tr>\n<td rowspan=\"2\" width=\"200\">\n<p><img loading=\"lazy\" decoding=\"async\" class=\"alignleft wp-image-817 size-full\" src=\"http:\/\/www.trimunt.co.jp\/wp-content\/uploads\/2014\/12\/item23.jpg\" alt=\"item23\" width=\"200\" height=\"200\" srcset=\"https:\/\/www.trimunt.co.jp\/wp-content\/uploads\/2014\/12\/item23.jpg 200w, https:\/\/www.trimunt.co.jp\/wp-content\/uploads\/2014\/12\/item23-150x150.jpg 150w\" sizes=\"(max-width: 200px) 100vw, 200px\" \/><\/p>\n<\/td>\n<td style=\"vertical-align: top;\">\n<h4>ADM-022 Kit de Drenaje<\/h4>\n<p>( Normalmente 1 metro en longitud)<br \/> Insertar la junta del acoplamiento con la salida de\u00a0la M\u00e1scara de Goma.<\/p>\n<\/td>\n<\/tr>\n<tr>\n<td style=\"vertical-align: bottom;\"><img loading=\"lazy\" decoding=\"async\" class=\"alignleft wp-image-1233\" src=\"http:\/\/www.trimunt.co.jp\/wp-content\/uploads\/2015\/03\/op101-150x150.jpg\" alt=\"op10\" width=\"130\" height=\"130\" srcset=\"https:\/\/www.trimunt.co.jp\/wp-content\/uploads\/2015\/03\/op101-150x150.jpg 150w, https:\/\/www.trimunt.co.jp\/wp-content\/uploads\/2015\/03\/op101.jpg 300w\" sizes=\"(max-width: 130px) 100vw, 130px\" \/><\/td>\n<\/tr>\n<\/tbody>\n<\/table>\n<\/div>\n<p>&nbsp;<\/p>\n<div class=\"example11-wrap\">\n<table style=\"width: 100%;\">\n<tbody>\n<tr>\n<td rowspan=\"2\" width=\"200\">\n<p><img loading=\"lazy\" decoding=\"async\" class=\"alignleft wp-image-802 size-full\" src=\"http:\/\/www.trimunt.co.jp\/wp-content\/uploads\/2014\/12\/item11.jpg\" alt=\"item11\" width=\"200\" height=\"200\" srcset=\"https:\/\/www.trimunt.co.jp\/wp-content\/uploads\/2014\/12\/item11.jpg 200w, https:\/\/www.trimunt.co.jp\/wp-content\/uploads\/2014\/12\/item11-150x150.jpg 150w\" sizes=\"(max-width: 200px) 100vw, 200px\" \/><\/p>\n<\/td>\n<td style=\"vertical-align: top;\" colspan=\"2\">\n<h4>ADM-021-MG\u00a0Bandeja Metalica del articulador para la Cabeza Fantasma<\/h4>\n<p>Bandeja Met\u00e1lica del articulador Superior e Inferior para la Cabeza Fantasma<br \/> Para Montar los modelos de Yeso a la Cabeza Fantasma.<\/p>\n<\/td>\n<\/tr>\n<tr>\n<td style=\"vertical-align: bottom;\" width=\"130\"><img loading=\"lazy\" decoding=\"async\" class=\"alignleft wp-image-1235\" src=\"http:\/\/www.trimunt.co.jp\/wp-content\/uploads\/2015\/03\/op11-150x150.jpg\" alt=\"op11\" width=\"130\" height=\"130\" srcset=\"https:\/\/www.trimunt.co.jp\/wp-content\/uploads\/2015\/03\/op11-150x150.jpg 150w, https:\/\/www.trimunt.co.jp\/wp-content\/uploads\/2015\/03\/op11.jpg 300w\" sizes=\"(max-width: 130px) 100vw, 130px\" \/><\/td>\n<td style=\"vertical-align: top;\"><\/td>\n<\/tr>\n<\/tbody>\n<\/table>\n<\/div>\n<p>&nbsp;<\/p>\n<p><!--\n\n\n<div class=\"example11-wrap\">\n\n\n<table style=\"width: 100%;\">\n\n\n<tbody>\n\n\n<tr>\n\n\n<td rowspan=\"2\" width=\"200\">\n\n\n<p><img loading=\"lazy\" decoding=\"async\" class=\"alignleft size-full wp-image-816\" src=\"http:\/\/www.trimunt.co.jp\/wp-content\/uploads\/2014\/12\/item22.jpg\" alt=\"item22\" width=\"200\" height=\"200\" srcset=\"https:\/\/www.trimunt.co.jp\/wp-content\/uploads\/2014\/12\/item22.jpg 200w, https:\/\/www.trimunt.co.jp\/wp-content\/uploads\/2014\/12\/item22-150x150.jpg 150w\" sizes=\"(max-width: 200px) 100vw, 200px\" \/><\/p>\n\n<\/td>\n\n\n\n\n<td style=\"vertical-align: top;\">\n\n\n<h4>ADM-014 P\u00f3muloss<\/h4>\n\n\n\n\n<p>Estos sustituyaran el p\u00f3mulo. El reproducimiento del p\u00f3mulo ayudara a la practica de la posicion de mano e instrumentos.<\/p>\n\n<\/td>\n\n\n<\/tr>\n\n\n\n\n<tr>\n\n\n<td style=\"vertical-align: bottom;\"><img loading=\"lazy\" decoding=\"async\" class=\"alignleft wp-image-1237\" src=\"http:\/\/www.trimunt.co.jp\/wp-content\/uploads\/2015\/03\/op12-150x150.jpg\" alt=\"op12\" width=\"130\" height=\"130\" srcset=\"https:\/\/www.trimunt.co.jp\/wp-content\/uploads\/2015\/03\/op12-150x150.jpg 150w, https:\/\/www.trimunt.co.jp\/wp-content\/uploads\/2015\/03\/op12.jpg 300w\" sizes=\"(max-width: 130px) 100vw, 130px\" \/><\/td>\n\n\n<\/tr>\n\n\n<\/tbody>\n\n<\/table>\n\n\n<\/div>\n\n\n--><\/p>\n<p>&nbsp;<\/p>\n<\/p>\n<p><\/p>","protected":false},"excerpt":{"rendered":"<p>&nbsp; ADEM Sistema Fantasma &nbsp; ADM-020-MG\u00a0\u00a0Base Metalica con Pins Magneticos para el Modelo Superior de la Quijada Aplicarla a la quijada superior del ModeloNota: Estos no estan incluidos en los modelos de quijada. &nbsp; ADM-015 Mascara Fantasma Esta mascara viene adherida con la cabeza. La mascara Fantasma puede ser utilizada con la aplicacion de la [&hellip;]<\/p>\n","protected":false},"author":1,"featured_media":0,"parent":228,"menu_order":0,"comment_status":"closed","ping_status":"closed","template":"","meta":{"jetpack_post_was_ever_published":false,"footnotes":""},"aioseo_notices":[],"jetpack_sharing_enabled":true,"jetpack_shortlink":"https:\/\/wp.me\/P6kiPj-jl","jetpack_likes_enabled":true,"_links":{"self":[{"href":"https:\/\/www.trimunt.co.jp\/es\/wp-json\/wp\/v2\/pages\/1199"}],"collection":[{"href":"https:\/\/www.trimunt.co.jp\/es\/wp-json\/wp\/v2\/pages"}],"about":[{"href":"https:\/\/www.trimunt.co.jp\/es\/wp-json\/wp\/v2\/types\/page"}],"author":[{"embeddable":true,"href":"https:\/\/www.trimunt.co.jp\/es\/wp-json\/wp\/v2\/users\/1"}],"replies":[{"embeddable":true,"href":"https:\/\/www.trimunt.co.jp\/es\/wp-json\/wp\/v2\/comments?post=1199"}],"version-history":[{"count":58,"href":"https:\/\/www.trimunt.co.jp\/es\/wp-json\/wp\/v2\/pages\/1199\/revisions"}],"predecessor-version":[{"id":17691,"href":"https:\/\/www.trimunt.co.jp\/es\/wp-json\/wp\/v2\/pages\/1199\/revisions\/17691"}],"up":[{"embeddable":true,"href":"https:\/\/www.trimunt.co.jp\/es\/wp-json\/wp\/v2\/pages\/228"}],"wp:attachment":[{"href":"https:\/\/www.trimunt.co.jp\/es\/wp-json\/wp\/v2\/media?parent=1199"}],"curies":[{"name":"wp","href":"https:\/\/api.w.org\/{rel}","templated":true}]}}