{"id":1249,"date":"2015-03-12T14:52:51","date_gmt":"2015-03-12T05:52:51","guid":{"rendered":"http:\/\/trimunt.atworks-jp.net\/?page_id=1249"},"modified":"2025-04-24T19:38:16","modified_gmt":"2025-04-24T10:38:16","slug":"optional-parts","status":"publish","type":"page","link":"https:\/\/www.trimunt.co.jp\/es\/adem-dental-simulator\/simple-manikin-kit\/optional-parts\/","title":{"rendered":"Partes Opcionales"},"content":{"rendered":"<p>&nbsp;<\/p>\n<table border=\"0\" width=\"100%\">\n<tbody>\n<tr>\n<td style=\"text-align: right !important;\"><a class=\"button hvr-rectangle-out\" title=\"Manequi Simple\" href=\"http:\/\/www.trimunt.co.jp\/?page_id=230\">Manequi Simple<\/a><\/td>\n<\/tr>\n<\/tbody>\n<\/table>\n<p>&nbsp;<\/p>\n<div class=\"example11-wrap\">\n<table style=\"width: 100%;\">\n<tbody>\n<tr>\n<td colspan=\"4\">\n<h4>Cubierta para la cavidad oral<\/h4>\n<p>Cubierta anat\u00f3mica de la cavidad oral que ofrece resistencia realista durante el uso. Cubierta de la cavidad oral sin desag\u00fce est\u00e1 tambi\u00e9n disponible.<\/p>\n<p>Cubierta transparente para checar el entrenamiento visualmente.<\/td>\n<\/tr>\n<tr>\n<td rowspan=\"2\" width=\"200\"><img loading=\"lazy\" decoding=\"async\" class=\"alignleft wp-image-1213\" src=\"http:\/\/www.trimunt.co.jp\/wp-content\/uploads\/2015\/03\/op05-150x150.jpg\" alt=\"op05\" width=\"200\" height=\"200\" srcset=\"https:\/\/www.trimunt.co.jp\/wp-content\/uploads\/2015\/03\/op05-150x150.jpg 150w, https:\/\/www.trimunt.co.jp\/wp-content\/uploads\/2015\/03\/op05.jpg 300w\" sizes=\"(max-width: 200px) 100vw, 200px\" \/><\/td>\n<td style=\"vertical-align: top;\">\n<h4>OTH-013<\/h4>\n<p>color Rosa<\/p>\n<p>&nbsp;<\/td>\n<td style=\"vertical-align: top;\" rowspan=\"2\" width=\"200\">\n<h4><img loading=\"lazy\" decoding=\"async\" class=\"alignleft wp-image-1216\" src=\"http:\/\/www.trimunt.co.jp\/wp-content\/uploads\/2015\/03\/op08-150x150.jpg\" alt=\"op08\" width=\"200\" height=\"200\" srcset=\"https:\/\/www.trimunt.co.jp\/wp-content\/uploads\/2015\/03\/op08-150x150.jpg 150w, https:\/\/www.trimunt.co.jp\/wp-content\/uploads\/2015\/03\/op08.jpg 300w\" sizes=\"(max-width: 200px) 100vw, 200px\" \/><\/h4>\n<\/td>\n<td style=\"vertical-align: top;\">\n<h4>OTH-017<\/h4>\n<p>transparente<\/p>\n<p>&nbsp;<\/td>\n<\/tr>\n<tr>\n<td style=\"vertical-align: bottom;\" width=\"130\"><img loading=\"lazy\" decoding=\"async\" class=\"alignleft wp-image-1214\" src=\"http:\/\/www.trimunt.co.jp\/wp-content\/uploads\/2015\/03\/op06-150x150.jpg\" alt=\"op06\" width=\"120\" height=\"120\" srcset=\"https:\/\/www.trimunt.co.jp\/wp-content\/uploads\/2015\/03\/op06-150x150.jpg 150w, https:\/\/www.trimunt.co.jp\/wp-content\/uploads\/2015\/03\/op06.jpg 300w\" sizes=\"(max-width: 120px) 100vw, 120px\" \/><\/td>\n<td style=\"vertical-align: bottom;\" width=\"130\"><img loading=\"lazy\" decoding=\"async\" class=\"alignleft wp-image-1215\" src=\"http:\/\/www.trimunt.co.jp\/wp-content\/uploads\/2015\/03\/op07-150x150.jpg\" alt=\"op07\" width=\"120\" height=\"120\" srcset=\"https:\/\/www.trimunt.co.jp\/wp-content\/uploads\/2015\/03\/op07-150x150.jpg 150w, https:\/\/www.trimunt.co.jp\/wp-content\/uploads\/2015\/03\/op07.jpg 300w\" sizes=\"(max-width: 120px) 100vw, 120px\" \/><\/td>\n<\/tr>\n<\/tbody>\n<\/table>\n<\/div>\n<p>&nbsp;<\/p>\n<div class=\"example11-wrap\">\n<table style=\"width: 100%;\">\n<tbody>\n<tr>\n<td rowspan=\"2\" width=\"200\"><img loading=\"lazy\" decoding=\"async\" class=\"alignnone size-full wp-image-17775\" src=\"https:\/\/www.trimunt.co.jp\/wp-content\/uploads\/2025\/04\/item11.jpg\" alt=\"\" width=\"200\" height=\"200\" srcset=\"https:\/\/www.trimunt.co.jp\/wp-content\/uploads\/2025\/04\/item11.jpg 200w, https:\/\/www.trimunt.co.jp\/wp-content\/uploads\/2025\/04\/item11-150x150.jpg 150w\" sizes=\"(max-width: 200px) 100vw, 200px\" \/><\/td>\n<td style=\"vertical-align: top;  padding-left: 10px;\" colspan=\"2\">\n<h4>ADM-021\u00a0\u00a0Bandeja Met\u00e1lica del Articulador para el simple Maniqu\u00ed<\/h4>\n<p>Bandeja Met\u00e1lica del Articulador Superior e Inferiror<br \/>\nPara el uso de los Modelos de Yeso en el simple maniqu\u00ed.<br \/>\nPara montar los modelos de yeso en el simple maniqu\u00ed.<\/td>\n<\/tr>\n<tr>\n<td style=\"vertical-align: bottom;\" width=\"130\"><img loading=\"lazy\" decoding=\"async\" class=\"alignnone size-full wp-image-17777\" src=\"https:\/\/www.trimunt.co.jp\/wp-content\/uploads\/2025\/04\/op11-150x150-1.jpg\" alt=\"\" width=\"150\" height=\"150\" \/><\/td>\n<td style=\"vertical-align: top;\"><\/td>\n<\/tr>\n<\/tbody>\n<\/table>\n<\/div>\n<p>&nbsp;<\/p>","protected":false},"excerpt":{"rendered":"<p>&nbsp; Manequi Simple &nbsp; Cubierta para la cavidad oral Cubierta anat\u00f3mica de la cavidad oral que ofrece resistencia realista durante el uso. Cubierta de la cavidad oral sin desag\u00fce est\u00e1 tambi\u00e9n disponible. Cubierta transparente para checar el entrenamiento visualmente. OTH-013 color Rosa &nbsp; OTH-017 transparente &nbsp; &nbsp; ADM-021\u00a0\u00a0Bandeja Met\u00e1lica del Articulador para el simple Maniqu\u00ed [&hellip;]<\/p>\n","protected":false},"author":1,"featured_media":0,"parent":230,"menu_order":0,"comment_status":"closed","ping_status":"closed","template":"","meta":{"jetpack_post_was_ever_published":false,"footnotes":""},"aioseo_notices":[],"jetpack_sharing_enabled":true,"jetpack_shortlink":"https:\/\/wp.me\/P6kiPj-k9","jetpack_likes_enabled":true,"_links":{"self":[{"href":"https:\/\/www.trimunt.co.jp\/es\/wp-json\/wp\/v2\/pages\/1249"}],"collection":[{"href":"https:\/\/www.trimunt.co.jp\/es\/wp-json\/wp\/v2\/pages"}],"about":[{"href":"https:\/\/www.trimunt.co.jp\/es\/wp-json\/wp\/v2\/types\/page"}],"author":[{"embeddable":true,"href":"https:\/\/www.trimunt.co.jp\/es\/wp-json\/wp\/v2\/users\/1"}],"replies":[{"embeddable":true,"href":"https:\/\/www.trimunt.co.jp\/es\/wp-json\/wp\/v2\/comments?post=1249"}],"version-history":[{"count":34,"href":"https:\/\/www.trimunt.co.jp\/es\/wp-json\/wp\/v2\/pages\/1249\/revisions"}],"predecessor-version":[{"id":17786,"href":"https:\/\/www.trimunt.co.jp\/es\/wp-json\/wp\/v2\/pages\/1249\/revisions\/17786"}],"up":[{"embeddable":true,"href":"https:\/\/www.trimunt.co.jp\/es\/wp-json\/wp\/v2\/pages\/230"}],"wp:attachment":[{"href":"https:\/\/www.trimunt.co.jp\/es\/wp-json\/wp\/v2\/media?parent=1249"}],"curies":[{"name":"wp","href":"https:\/\/api.w.org\/{rel}","templated":true}]}}