{"id":1472,"date":"2015-03-16T16:13:30","date_gmt":"2015-03-16T07:13:30","guid":{"rendered":"http:\/\/trimunt.atworks-jp.net\/?page_id=1472"},"modified":"2020-04-23T19:48:34","modified_gmt":"2020-04-23T10:48:34","slug":"std-series-optional-parts","status":"publish","type":"page","link":"https:\/\/www.trimunt.co.jp\/es\/dental-study-models\/prosthetic-series\/crown-bridge\/std-series-optional-parts\/","title":{"rendered":"Series STD Partes Opcionales"},"content":{"rendered":"<p><\/p>\n<p>&nbsp;<\/p>\n<div class=\"example11-wrap\">\n<table width=\"100%\">\n<tbody>\n<tr>\n<td><\/td>\n<\/tr>\n<tr>\n<td>\n<table class=\"sample_01\">\n<tbody>\n<tr>\n<th>\n<p>N\u00famero de Dientes<\/p>\n<\/th>\n<td colspan=\"2\" rowspan=\"1\">\n<p>11<\/p>\n<\/td>\n<td>\n<p>12<\/p>\n<\/td>\n<td colspan=\"3\" rowspan=\"1\">\n<p>16<\/p>\n<\/td>\n<td>\n<p>17<\/p>\n<\/td>\n<\/tr>\n<tr>\n<th>\n<p>N\u00famero de art\u00edculo<\/p>\n<\/th>\n<td width=\"60\">\n<p><strong>PREP-T11-C02<\/strong><\/p>\n<\/td>\n<td width=\"60\">\n<p><strong>PREP-T11-D01<\/strong><\/p>\n<\/td>\n<td width=\"60\">\n<p><strong>PREP-T12-F01<\/strong><\/p>\n<\/td>\n<td width=\"60\">\n<p><strong>PREP-T16-D01<\/strong><\/p>\n<\/td>\n<td width=\"60\">\n<p><strong>PREP-T16-E01<\/strong><\/p>\n<\/td>\n<td width=\"60\">\n<p><strong>PREP-T16-G01<\/strong><\/p>\n<\/td>\n<td width=\"60\">\n<p><strong>PREP-T17-C01<\/strong><\/p>\n<\/td>\n<\/tr>\n<tr>\n<th>\n<p>Forma<\/p>\n<\/th>\n<td>\n<p>Corona Completa<\/p>\n<\/td>\n<td>\n<p>Clase III<\/p>\n<\/td>\n<td>\n<p>Clase V<\/p>\n<\/td>\n<td>\n<p>Clase I<\/p>\n<\/td>\n<td>\n<p>Clase II<\/p>\n<\/td>\n<td>\n<p>MOD<\/p>\n<\/td>\n<td>\n<p>Corona completa<\/p>\n<\/td>\n<\/tr>\n<tr>\n<th width=\"75\">\n<p>Imagen<\/p>\n<\/th>\n<td><img loading=\"lazy\" decoding=\"async\" class=\"alignnone wp-image-1483\" src=\"http:\/\/www.trimunt.co.jp\/wp-content\/uploads\/2015\/03\/prep_01-02.jpg\" alt=\"prep_01-02\" width=\"50\" height=\"71\" \/><\/td>\n<td><img loading=\"lazy\" decoding=\"async\" class=\"alignnone wp-image-1484\" src=\"http:\/\/www.trimunt.co.jp\/wp-content\/uploads\/2015\/03\/prep_02.jpg\" alt=\"prep_02\" width=\"50\" height=\"71\" \/><\/td>\n<td><img loading=\"lazy\" decoding=\"async\" class=\"alignnone wp-image-1485\" src=\"http:\/\/www.trimunt.co.jp\/wp-content\/uploads\/2015\/03\/prep_03.jpg\" alt=\"prep_03\" width=\"50\" height=\"71\" \/><\/td>\n<td><img loading=\"lazy\" decoding=\"async\" class=\"alignnone wp-image-1486\" src=\"http:\/\/www.trimunt.co.jp\/wp-content\/uploads\/2015\/03\/prep_04.jpg\" alt=\"prep_04\" width=\"50\" height=\"71\" \/><\/td>\n<td><img loading=\"lazy\" decoding=\"async\" class=\"alignnone wp-image-1487\" src=\"http:\/\/www.trimunt.co.jp\/wp-content\/uploads\/2015\/03\/prep_05.jpg\" alt=\"prep_05\" width=\"50\" height=\"71\" \/><\/td>\n<td><img loading=\"lazy\" decoding=\"async\" class=\"alignnone wp-image-1488\" src=\"http:\/\/www.trimunt.co.jp\/wp-content\/uploads\/2015\/03\/prep_06.jpg\" alt=\"prep_06\" width=\"50\" height=\"71\" \/><\/td>\n<td><img loading=\"lazy\" decoding=\"async\" class=\"alignnone wp-image-1489\" src=\"http:\/\/www.trimunt.co.jp\/wp-content\/uploads\/2015\/03\/prep_07.jpg\" alt=\"prep_07\" width=\"50\" height=\"71\" \/><\/td>\n<\/tr>\n<\/tbody>\n<\/table>\n<p>&nbsp;<\/p>\n<table class=\"sample_01\">\n<tbody>\n<tr>\n<th>\n<p>N\u00famero de Dientes<\/p>\n<\/th>\n<td colspan=\"4\" rowspan=\"1\">\n<p>21<\/p>\n<\/td>\n<td>\n<p>22<\/p>\n<\/td>\n<td>\n<p>23<\/p>\n<\/td>\n<td>\n<p>25<\/p>\n<\/td>\n<td colspan=\"2\" rowspan=\"1\">\n<p>26<\/p>\n<\/td>\n<\/tr>\n<tr>\n<th>\n<p>N\u00famero de art\u00edculo<\/p>\n<\/th>\n<td width=\"60\">\n<p><strong>PREP-T21-C01<\/strong><\/p>\n<\/td>\n<td width=\"60\">\n<p><strong>PREP-T21-F01<\/strong><\/p>\n<\/td>\n<td width=\"60\">\n<p><strong>PREP-T21-S01<\/strong><\/p>\n<\/td>\n<td width=\"60\">\n<p><strong>PREP-T21-S02<\/strong><\/p>\n<\/td>\n<td width=\"60\">\n<p><strong>PREP-T22-D01<\/strong><\/p>\n<\/td>\n<td width=\"60\">\n<p><strong>PREP-T23-F01<\/strong><\/p>\n<\/td>\n<td width=\"60\">\n<p><strong>PREP-T25-S01<\/strong><\/p>\n<\/td>\n<td width=\"60\">\n<p><strong>PREP-T-26-E01<\/strong><\/p>\n<\/td>\n<td width=\"60\">\n<p><strong>PREP-T26-G02<\/strong><\/p>\n<\/td>\n<\/tr>\n<tr>\n<th>\n<p>Forma<\/p>\n<\/th>\n<td>\n<p>Corona Completa<\/p>\n<\/td>\n<td>\n<p>Clase V<\/p>\n<\/td>\n<td>\n<p>Caries Interproximal en el lado Distal<\/p>\n<\/td>\n<td>\n<p>Diente Fracturado<\/p>\n<\/td>\n<td>\n<p>Clase III<\/p>\n<\/td>\n<td>\n<p>Clase V<\/p>\n<\/td>\n<td>\n<p>Caries Interproximal en el lado Distal<\/p>\n<\/td>\n<td>\n<p>Clase II<\/p>\n<\/td>\n<td>\n<p>MOD<\/p>\n<\/td>\n<\/tr>\n<tr>\n<th width=\"75\">\n<p>Imagen<\/p>\n<\/th>\n<td><img loading=\"lazy\" decoding=\"async\" class=\"alignnone wp-image-1490\" src=\"http:\/\/www.trimunt.co.jp\/wp-content\/uploads\/2015\/03\/prep_10.jpg\" alt=\"prep_10\" width=\"50\" height=\"71\" \/><\/td>\n<td><img loading=\"lazy\" decoding=\"async\" class=\"alignnone wp-image-1491\" src=\"http:\/\/www.trimunt.co.jp\/wp-content\/uploads\/2015\/03\/prep_11.jpg\" alt=\"prep_11\" width=\"50\" height=\"71\" \/><\/td>\n<td><img loading=\"lazy\" decoding=\"async\" class=\"alignnone wp-image-1492\" src=\"http:\/\/www.trimunt.co.jp\/wp-content\/uploads\/2015\/03\/prep_12.jpg\" alt=\"prep_12\" width=\"50\" height=\"71\" \/><\/td>\n<td><img loading=\"lazy\" decoding=\"async\" class=\"alignnone wp-image-1493\" src=\"http:\/\/www.trimunt.co.jp\/wp-content\/uploads\/2015\/03\/prep_13.jpg\" alt=\"prep_13\" width=\"50\" height=\"71\" \/><\/td>\n<td><img loading=\"lazy\" decoding=\"async\" class=\"alignnone wp-image-1494\" src=\"http:\/\/www.trimunt.co.jp\/wp-content\/uploads\/2015\/03\/prep_14.jpg\" alt=\"prep_14\" width=\"50\" height=\"71\" \/><\/td>\n<td><img loading=\"lazy\" decoding=\"async\" class=\"alignnone wp-image-1495\" src=\"http:\/\/www.trimunt.co.jp\/wp-content\/uploads\/2015\/03\/prep_15.jpg\" alt=\"prep_15\" width=\"50\" height=\"71\" \/><\/td>\n<td><img loading=\"lazy\" decoding=\"async\" class=\"alignnone wp-image-1496\" src=\"http:\/\/www.trimunt.co.jp\/wp-content\/uploads\/2015\/03\/prep_16.jpg\" alt=\"prep_16\" width=\"50\" height=\"71\" \/><\/td>\n<td><img loading=\"lazy\" decoding=\"async\" class=\"alignnone wp-image-1497\" src=\"http:\/\/www.trimunt.co.jp\/wp-content\/uploads\/2015\/03\/prep_17.jpg\" alt=\"prep_17\" width=\"50\" height=\"71\" \/><\/td>\n<td><img loading=\"lazy\" decoding=\"async\" class=\"alignnone wp-image-1498\" src=\"http:\/\/www.trimunt.co.jp\/wp-content\/uploads\/2015\/03\/prep_18.jpg\" alt=\"prep_18\" width=\"50\" height=\"71\" \/><\/td>\n<\/tr>\n<\/tbody>\n<\/table>\n<p>&nbsp;<\/p>\n<table class=\"sample_01\">\n<tbody>\n<tr>\n<th>\n<p>N\u00famero de Dientes<\/p>\n<\/th>\n<td colspan=\"4\" rowspan=\"1\">\n<p>36<\/p>\n<\/td>\n<td>\n<p>37<\/p>\n<\/td>\n<\/tr>\n<tr>\n<th>\n<p>N\u00famero de art\u00edculo<\/p>\n<\/th>\n<td width=\"60\">\n<p><strong>PREP-T36-C01<\/strong><\/p>\n<\/td>\n<td width=\"60\">\n<p><strong>PREP-T36-D01<\/strong><\/p>\n<\/td>\n<td width=\"60\">\n<p><strong>PREP-T36-E01<\/strong><\/p>\n<\/td>\n<td width=\"60\">\n<p><strong>PREP-T36-G01<\/strong><\/p>\n<\/td>\n<td width=\"60\">\n<p><strong>PREP-T37-D01<\/strong><\/p>\n<\/td>\n<\/tr>\n<tr>\n<th>\n<p>Forma<\/p>\n<\/th>\n<td>\n<p>Corona Completa<\/p>\n<\/td>\n<td>\n<p>Clase I<\/p>\n<\/td>\n<td>\n<p>Clase II MO<\/p>\n<\/td>\n<td>\n<p>MOD<\/p>\n<\/td>\n<td>\n<p>Clase I<\/p>\n<\/td>\n<\/tr>\n<tr>\n<th width=\"75\">\n<p>Imagen<\/p>\n<\/th>\n<td><img loading=\"lazy\" decoding=\"async\" class=\"alignnone wp-image-1499\" src=\"http:\/\/www.trimunt.co.jp\/wp-content\/uploads\/2015\/03\/prep_20.jpg\" alt=\"prep_20\" width=\"50\" height=\"71\" \/><\/td>\n<td><img loading=\"lazy\" decoding=\"async\" class=\"alignnone wp-image-1500\" src=\"http:\/\/www.trimunt.co.jp\/wp-content\/uploads\/2015\/03\/prep_21.jpg\" alt=\"prep_21\" width=\"50\" height=\"71\" \/><\/td>\n<td><img loading=\"lazy\" decoding=\"async\" class=\"alignnone wp-image-1501\" src=\"http:\/\/www.trimunt.co.jp\/wp-content\/uploads\/2015\/03\/prep_22.jpg\" alt=\"prep_22\" width=\"50\" height=\"71\" \/><\/td>\n<td><img loading=\"lazy\" decoding=\"async\" class=\"alignnone wp-image-1502\" src=\"http:\/\/www.trimunt.co.jp\/wp-content\/uploads\/2015\/03\/prep_23.jpg\" alt=\"prep_23\" width=\"50\" height=\"71\" \/><\/td>\n<td><img loading=\"lazy\" decoding=\"async\" class=\"alignnone wp-image-1503\" src=\"http:\/\/www.trimunt.co.jp\/wp-content\/uploads\/2015\/03\/prep_24.jpg\" alt=\"prep_24\" width=\"50\" height=\"71\" \/><\/td>\n<\/tr>\n<\/tbody>\n<\/table>\n<p>&nbsp;<\/p>\n<table class=\"sample_01\">\n<tbody>\n<tr>\n<th>\n<p>N\u00famero de Dientes<\/p>\n<\/th>\n<td>\n<p>43<\/p>\n<\/td>\n<td>\n<p>45<\/p>\n<\/td>\n<td>\n<p>46<\/p>\n<\/td>\n<\/tr>\n<tr>\n<th>\n<p>N\u00famero de art\u00edculo<\/p>\n<\/th>\n<td width=\"60\">\n<p><strong>PREP-T43-S01<\/strong><\/p>\n<\/td>\n<td width=\"60\">\n<p><strong>PREP-T45-D01<\/strong><\/p>\n<\/td>\n<td width=\"60\">\n<p><strong>PREP-T46-S01<\/strong><\/p>\n<\/td>\n<\/tr>\n<tr>\n<th>\n<p>Forma<\/p>\n<\/th>\n<td>\n<p>Empaste RCF<\/p>\n<\/td>\n<td>\n<p>Clase I<\/p>\n<\/td>\n<td>\n<p>Empaste RCF<\/p>\n<\/td>\n<\/tr>\n<tr>\n<th width=\"75\">\n<p>Imagen<\/p>\n<\/th>\n<td><img loading=\"lazy\" decoding=\"async\" class=\"alignnone wp-image-1504\" src=\"http:\/\/www.trimunt.co.jp\/wp-content\/uploads\/2015\/03\/prep_26.jpg\" alt=\"prep_26\" width=\"50\" height=\"71\" \/><\/td>\n<td><img loading=\"lazy\" decoding=\"async\" class=\"alignnone wp-image-1505\" src=\"http:\/\/www.trimunt.co.jp\/wp-content\/uploads\/2015\/03\/prep_27.jpg\" alt=\"prep_27\" width=\"50\" height=\"71\" \/><\/td>\n<td><img loading=\"lazy\" decoding=\"async\" class=\"alignnone wp-image-1506\" src=\"http:\/\/www.trimunt.co.jp\/wp-content\/uploads\/2015\/03\/prep_28.jpg\" alt=\"prep_28\" width=\"50\" height=\"71\" \/><\/td>\n<\/tr>\n<\/tbody>\n<\/table>\n<p>&nbsp;<\/p>\n<table class=\"sample_01\">\n<tbody>\n<tr>\n<th>\n<p>N\u00famero de Dientes<\/p>\n<\/th>\n<td>\n<p>13<\/p>\n<\/td>\n<td>\n<p>16<\/p>\n<\/td>\n<td>\n<p>21<\/p>\n<\/td>\n<td>\n<p>23<\/p>\n<\/td>\n<td>\n<p>25<\/p>\n<\/td>\n<td>\n<p>36<\/p>\n<\/td>\n<td>\n<p>36<\/p>\n<\/td>\n<\/tr>\n<tr>\n<th>\n<p>N\u00famero de art\u00edculo<\/p>\n<\/th>\n<td width=\"60\">\n<p><strong>SIM-DL-13<\/strong><\/p>\n<\/td>\n<td width=\"60\">\n<p><strong>SIM-DL-16<\/strong><\/p>\n<\/td>\n<td width=\"60\">\n<p><strong>SIM-DL-21<\/strong><\/p>\n<\/td>\n<td width=\"60\">\n<p><strong>SIM-DL-23<\/strong><\/p>\n<\/td>\n<td width=\"60\">\n<p><strong>SIM-DL-25<\/strong><\/p>\n<\/td>\n<td width=\"60\">\n<p><strong>SIM-DL-36<\/strong><\/p>\n<\/td>\n<td width=\"60\">\n<p><strong>SIM-DL-46<\/strong><\/p>\n<\/td>\n<\/tr>\n<tr>\n<th width=\"75\">\n<p>Imagen<\/p>\n<\/th>\n<td><img loading=\"lazy\" decoding=\"async\" class=\"alignnone wp-image-1507\" src=\"http:\/\/www.trimunt.co.jp\/wp-content\/uploads\/2015\/03\/prep_30.jpg\" alt=\"prep_30\" width=\"50\" height=\"71\" \/><\/td>\n<td><img loading=\"lazy\" decoding=\"async\" class=\"alignnone wp-image-1508\" src=\"http:\/\/www.trimunt.co.jp\/wp-content\/uploads\/2015\/03\/prep_31.jpg\" alt=\"prep_31\" width=\"50\" height=\"71\" \/><\/td>\n<td><img loading=\"lazy\" decoding=\"async\" class=\"alignnone wp-image-1509\" src=\"http:\/\/www.trimunt.co.jp\/wp-content\/uploads\/2015\/03\/prep_32.jpg\" alt=\"prep_32\" width=\"50\" height=\"71\" \/><\/td>\n<td><img loading=\"lazy\" decoding=\"async\" class=\"alignnone wp-image-1510\" src=\"http:\/\/www.trimunt.co.jp\/wp-content\/uploads\/2015\/03\/prep_33.jpg\" alt=\"prep_33\" width=\"50\" height=\"71\" \/><\/td>\n<td><img loading=\"lazy\" decoding=\"async\" class=\"alignnone wp-image-1511\" src=\"http:\/\/www.trimunt.co.jp\/wp-content\/uploads\/2015\/03\/prep_34.jpg\" alt=\"prep_34\" width=\"50\" height=\"71\" \/><\/td>\n<td><img loading=\"lazy\" decoding=\"async\" class=\"alignnone wp-image-1512\" src=\"http:\/\/www.trimunt.co.jp\/wp-content\/uploads\/2015\/03\/prep_35.jpg\" alt=\"prep_35\" width=\"50\" height=\"71\" \/><\/td>\n<td><img loading=\"lazy\" decoding=\"async\" class=\"alignnone wp-image-1513\" src=\"http:\/\/www.trimunt.co.jp\/wp-content\/uploads\/2015\/03\/prep_36.jpg\" alt=\"prep_36\" width=\"50\" height=\"71\" \/><\/td>\n<\/tr>\n<\/tbody>\n<\/table>\n<p>&nbsp;<\/p>\n<\/td>\n<\/tr>\n<\/tbody>\n<\/table>\n<\/div>\n<p><\/p>","protected":false},"excerpt":{"rendered":"<p>&nbsp; N\u00famero de Dientes 11 12 16 17 N\u00famero de art\u00edculo PREP-T11-C02 PREP-T11-D01 PREP-T12-F01 PREP-T16-D01 PREP-T16-E01 PREP-T16-G01 PREP-T17-C01 Forma Corona Completa Clase III Clase V Clase I Clase II MOD Corona completa Imagen &nbsp; N\u00famero de Dientes 21 22 23 25 26 N\u00famero de art\u00edculo PREP-T21-C01 PREP-T21-F01 PREP-T21-S01 PREP-T21-S02 PREP-T22-D01 PREP-T23-F01 PREP-T25-S01 PREP-T-26-E01 PREP-T26-G02 Forma [&hellip;]<\/p>\n","protected":false},"author":1,"featured_media":0,"parent":452,"menu_order":0,"comment_status":"closed","ping_status":"closed","template":"","meta":{"jetpack_post_was_ever_published":false,"footnotes":""},"aioseo_notices":[],"jetpack_sharing_enabled":true,"jetpack_shortlink":"https:\/\/wp.me\/P6kiPj-nK","jetpack_likes_enabled":true,"_links":{"self":[{"href":"https:\/\/www.trimunt.co.jp\/es\/wp-json\/wp\/v2\/pages\/1472"}],"collection":[{"href":"https:\/\/www.trimunt.co.jp\/es\/wp-json\/wp\/v2\/pages"}],"about":[{"href":"https:\/\/www.trimunt.co.jp\/es\/wp-json\/wp\/v2\/types\/page"}],"author":[{"embeddable":true,"href":"https:\/\/www.trimunt.co.jp\/es\/wp-json\/wp\/v2\/users\/1"}],"replies":[{"embeddable":true,"href":"https:\/\/www.trimunt.co.jp\/es\/wp-json\/wp\/v2\/comments?post=1472"}],"version-history":[{"count":27,"href":"https:\/\/www.trimunt.co.jp\/es\/wp-json\/wp\/v2\/pages\/1472\/revisions"}],"predecessor-version":[{"id":17592,"href":"https:\/\/www.trimunt.co.jp\/es\/wp-json\/wp\/v2\/pages\/1472\/revisions\/17592"}],"up":[{"embeddable":true,"href":"https:\/\/www.trimunt.co.jp\/es\/wp-json\/wp\/v2\/pages\/452"}],"wp:attachment":[{"href":"https:\/\/www.trimunt.co.jp\/es\/wp-json\/wp\/v2\/media?parent=1472"}],"curies":[{"name":"wp","href":"https:\/\/api.w.org\/{rel}","templated":true}]}}