{"id":1865,"date":"2015-03-20T17:14:46","date_gmt":"2015-03-20T08:14:46","guid":{"rendered":"http:\/\/trimunt.atworks-jp.net\/?page_id=1865"},"modified":"2020-04-23T19:50:11","modified_gmt":"2020-04-23T10:50:11","slug":"periodontic-series","status":"publish","type":"page","link":"https:\/\/www.trimunt.co.jp\/es\/dental-study-models\/periodontic-series\/","title":{"rendered":"Series Periodontales"},"content":{"rendered":"<p><\/p>\n<p>&nbsp;<\/p>\n<div class=\"prod\">\n<table width=\"100%\" cellspacing=\"0\" cellpadding=\"10\">\n<tbody>\n<tr>\n<th>PER28F-<strong>SSTLA009 Modelo Est\u00e1ndar de la Enfermedad Periodontal<\/strong><\/th>\n<\/tr>\n<tr>\n<td>\n<table class=\"none\" width=\"100%\" cellspacing=\"0\" cellpadding=\"0\">\n<tbody>\n<tr>\n<td rowspan=\"2\" width=\"200\"><img loading=\"lazy\" decoding=\"async\" class=\"alignnone size-full wp-image-1885\" src=\"http:\/\/www.trimunt.co.jp\/wp-content\/uploads\/2015\/03\/per01.jpg\" alt=\"per01\" width=\"200\" height=\"200\" srcset=\"https:\/\/www.trimunt.co.jp\/wp-content\/uploads\/2015\/03\/per01.jpg 200w, https:\/\/www.trimunt.co.jp\/wp-content\/uploads\/2015\/03\/per01-150x150.jpg 150w\" sizes=\"(max-width: 200px) 100vw, 200px\" \/><\/td>\n<td colspan=\"3\">\n<p>Condici\u00f3n de la lesi\u00f3n en la enc\u00eda y el hueso alveolar para la pr\u00e1ctica de la enfermedad periodontal. Dientes atornillados de raiz simple excepto los dientes #16,26,36,46, cuales estan anatomicamente arraigados. Todo el hueso alveolar tiene resorci\u00f3n \u00f3sea y tambien tiene defectos en el canino y primer molar. Para practicar tratamientos de la\u00a0lesi\u00f3n de\u00a0furcaci\u00f3n en\u00a0la area del primer molar y el control de la placa en el retroceso de\u00a0las encias.<\/p>\n<\/td>\n<\/tr>\n<tr>\n<td style=\"vertical-align: bottom;\" width=\"125\"><img loading=\"lazy\" decoding=\"async\" class=\"alignnone wp-image-1887\" src=\"http:\/\/www.trimunt.co.jp\/wp-content\/uploads\/2015\/03\/per03-150x150.jpg\" alt=\"per03\" width=\"125\" height=\"125\" srcset=\"https:\/\/www.trimunt.co.jp\/wp-content\/uploads\/2015\/03\/per03-150x150.jpg 150w, https:\/\/www.trimunt.co.jp\/wp-content\/uploads\/2015\/03\/per03.jpg 200w\" sizes=\"(max-width: 125px) 100vw, 125px\" \/><\/td>\n<td style=\"vertical-align: bottom;\" width=\"150\"><img loading=\"lazy\" decoding=\"async\" class=\"alignnone wp-image-1886\" src=\"http:\/\/www.trimunt.co.jp\/wp-content\/uploads\/2015\/03\/per02-150x150.jpg\" alt=\"per02\" width=\"125\" height=\"125\" srcset=\"https:\/\/www.trimunt.co.jp\/wp-content\/uploads\/2015\/03\/per02-150x150.jpg 150w, https:\/\/www.trimunt.co.jp\/wp-content\/uploads\/2015\/03\/per02.jpg 200w\" sizes=\"(max-width: 125px) 100vw, 125px\" \/><\/td>\n<td>\n<p><a class=\"button hvr-rectangle-out\" title=\"PER28F-SPLA009 Replacement parts\" href=\"http:\/\/www.trimunt.co.jp\/?page_id=1876\">Repuestos<\/a><br \/><a class=\"button hvr-rectangle-out2\" title=\"Optional Parts\" href=\"http:\/\/www.trimunt.co.jp\/?page_id=1894\">Partes Opcionales<\/a><\/p>\n<\/td>\n<\/tr>\n<\/tbody>\n<\/table>\n<\/td>\n<\/tr>\n<\/tbody>\n<\/table>\n<p>&nbsp;<\/p>\n<table width=\"100%\" cellspacing=\"0\" cellpadding=\"10\">\n<tbody>\n<tr>\n<th>PER31F-SPLA001 Modelo de Enfermedad Periodontal Severo<\/th>\n<\/tr>\n<tr>\n<td>\n<table class=\"none\" width=\"100%\" cellspacing=\"0\" cellpadding=\"0\">\n<tbody>\n<tr>\n<td rowspan=\"2\" width=\"200\"><img loading=\"lazy\" decoding=\"async\" class=\"alignnone size-full wp-image-1890\" src=\"http:\/\/www.trimunt.co.jp\/wp-content\/uploads\/2015\/03\/per04.jpg\" alt=\"per04\" width=\"200\" height=\"200\" srcset=\"https:\/\/www.trimunt.co.jp\/wp-content\/uploads\/2015\/03\/per04.jpg 200w, https:\/\/www.trimunt.co.jp\/wp-content\/uploads\/2015\/03\/per04-150x150.jpg 150w\" sizes=\"(max-width: 200px) 100vw, 200px\" \/><\/td>\n<td colspan=\"3\">\n<p>Modelo de entrenamiento asumiendo\u00a0la severa enfermedad periodontal. Viene con la\u00a0enc\u00eda suave para\u00a0cirug\u00eda y sutura para practica de cirug\u00eda de colgajo.\u00a0\u00a0Cada diente tiene calculo para practicar la escala de la placa supragingival y subgingival.<\/p>\n<\/td>\n<\/tr>\n<tr>\n<td style=\"vertical-align: bottom;\" width=\"125\"><img loading=\"lazy\" decoding=\"async\" class=\"alignnone wp-image-1891\" src=\"http:\/\/www.trimunt.co.jp\/wp-content\/uploads\/2015\/03\/per05.jpg\" alt=\"per05\" width=\"125\" height=\"125\" srcset=\"https:\/\/www.trimunt.co.jp\/wp-content\/uploads\/2015\/03\/per05.jpg 200w, https:\/\/www.trimunt.co.jp\/wp-content\/uploads\/2015\/03\/per05-150x150.jpg 150w\" sizes=\"(max-width: 125px) 100vw, 125px\" \/><\/td>\n<td style=\"vertical-align: bottom;\" width=\"125\"><img loading=\"lazy\" decoding=\"async\" class=\"alignnone wp-image-1892\" src=\"http:\/\/www.trimunt.co.jp\/wp-content\/uploads\/2015\/03\/per06.jpg\" alt=\"per06\" width=\"125\" height=\"125\" srcset=\"https:\/\/www.trimunt.co.jp\/wp-content\/uploads\/2015\/03\/per06.jpg 200w, https:\/\/www.trimunt.co.jp\/wp-content\/uploads\/2015\/03\/per06-150x150.jpg 150w\" sizes=\"(max-width: 125px) 100vw, 125px\" \/><\/td>\n<td>\n<p><a class=\"button hvr-rectangle-out\" title=\"PER31F-SPLA001\u3000\u4ea4\u63db\u7528\u30d1\u30fc\u30c4\" href=\"http:\/\/www.trimunt.co.jp\/?page_id=1961\">Repuestos<\/a><br \/><a class=\"button hvr-rectangle-out2\" title=\"Optional Parts\" href=\"http:\/\/www.trimunt.co.jp\/?page_id=1894\">Partes Opcionales<\/a><\/p>\n<\/td>\n<\/tr>\n<\/tbody>\n<\/table>\n<\/td>\n<\/tr>\n<\/tbody>\n<\/table>\n<\/div>\n<p><\/p>","protected":false},"excerpt":{"rendered":"<p>&nbsp; PER28F-SSTLA009 Modelo Est\u00e1ndar de la Enfermedad Periodontal Condici\u00f3n de la lesi\u00f3n en la enc\u00eda y el hueso alveolar para la pr\u00e1ctica de la enfermedad periodontal. Dientes atornillados de raiz simple excepto los dientes #16,26,36,46, cuales estan anatomicamente arraigados. Todo el hueso alveolar tiene resorci\u00f3n \u00f3sea y tambien tiene defectos en el canino y primer [&hellip;]<\/p>\n","protected":false},"author":1,"featured_media":0,"parent":447,"menu_order":25,"comment_status":"closed","ping_status":"closed","template":"","meta":{"jetpack_post_was_ever_published":false,"footnotes":""},"aioseo_notices":[],"jetpack_sharing_enabled":true,"jetpack_shortlink":"https:\/\/wp.me\/P6kiPj-u5","jetpack_likes_enabled":true,"_links":{"self":[{"href":"https:\/\/www.trimunt.co.jp\/es\/wp-json\/wp\/v2\/pages\/1865"}],"collection":[{"href":"https:\/\/www.trimunt.co.jp\/es\/wp-json\/wp\/v2\/pages"}],"about":[{"href":"https:\/\/www.trimunt.co.jp\/es\/wp-json\/wp\/v2\/types\/page"}],"author":[{"embeddable":true,"href":"https:\/\/www.trimunt.co.jp\/es\/wp-json\/wp\/v2\/users\/1"}],"replies":[{"embeddable":true,"href":"https:\/\/www.trimunt.co.jp\/es\/wp-json\/wp\/v2\/comments?post=1865"}],"version-history":[{"count":33,"href":"https:\/\/www.trimunt.co.jp\/es\/wp-json\/wp\/v2\/pages\/1865\/revisions"}],"predecessor-version":[{"id":17597,"href":"https:\/\/www.trimunt.co.jp\/es\/wp-json\/wp\/v2\/pages\/1865\/revisions\/17597"}],"up":[{"embeddable":true,"href":"https:\/\/www.trimunt.co.jp\/es\/wp-json\/wp\/v2\/pages\/447"}],"wp:attachment":[{"href":"https:\/\/www.trimunt.co.jp\/es\/wp-json\/wp\/v2\/media?parent=1865"}],"curies":[{"name":"wp","href":"https:\/\/api.w.org\/{rel}","templated":true}]}}