{"id":2,"date":"2014-11-18T03:23:42","date_gmt":"2014-11-17T18:23:42","guid":{"rendered":"http:\/\/trimunt.atworks-jp.net\/?page_id=2"},"modified":"2020-04-23T19:43:06","modified_gmt":"2020-04-23T10:43:06","slug":"home","status":"publish","type":"page","link":"https:\/\/www.trimunt.co.jp\/es\/","title":{"rendered":"Inicio"},"content":{"rendered":"<p><\/p>\n<div id=\"metaslider-id-2862\" style=\"max-width: 743px;\" class=\"ml-slider-3-109-0 metaslider metaslider-flex metaslider-2862 ml-slider has-dots-nav ms-theme-default\" role=\"region\" aria-label=\"TOP-es\" data-height=\"309\" data-width=\"743\">\n    <div id=\"metaslider_container_2862\">\n        <div id=\"metaslider_2862\">\n            <ul class='slides'>\n                <li style=\"display: block; width: 100%;\" class=\"slide-2863 ms-image \" aria-roledescription=\"slide\" data-date=\"2015-06-15 12:12:25\" data-filename=\"es01.jpg\" data-slide-type=\"image\"><a href=\"http:\/\/www.trimunt.co.jp\/es\/?page_id=228\" target=\"_self\" aria-label=\"Ver detalles de la diapositiva\" class=\"metaslider_image_link\"><img loading=\"lazy\" decoding=\"async\" src=\"https:\/\/www.trimunt.co.jp\/wp-content\/uploads\/2015\/06\/es01.jpg\" height=\"309\" width=\"743\" alt=\"ADEM Sistema Fantasma\" class=\"slider-2862 slide-2863 msDefaultImage\" title=\"ADEM Sistema Fantasma\" \/><\/a><div class=\"caption-wrap\"><div class=\"caption\"><h2>ADEM Sistema Fantasma<\/h2>\n<p><strong>-ADEM Sistema Fantasma desarrollado para la facilidad de uso-<\/strong>Innovadoramente por la b\u00fasqueda de utilidad \u00faltima. Permitiendo tanto profesores como alumnos a preparar f\u00e1cilmente y r\u00e1pidamente antes de cada clase aparte de sus caracter\u00edsticas sobresalientes.<\/p><\/div><\/div><\/li>\n                <li style=\"display: none; width: 100%;\" class=\"slide-2864 ms-image \" aria-roledescription=\"slide\" data-date=\"2015-06-15 12:12:26\" data-filename=\"es02.jpg\" data-slide-type=\"image\"><a href=\"http:\/\/www.trimunt.co.jp\/es\/?page_id=230\" target=\"_self\" aria-label=\"Ver detalles de la diapositiva\" class=\"metaslider_image_link\"><img loading=\"lazy\" decoding=\"async\" src=\"https:\/\/www.trimunt.co.jp\/wp-content\/uploads\/2015\/06\/es02.jpg\" height=\"309\" width=\"743\" alt=\"ADEM Manequi Simple\" class=\"slider-2862 slide-2864 msDefaultImage\" title=\"ADEM Manequi Simple\" \/><\/a><div class=\"caption-wrap\"><div class=\"caption\"><h2>ADEM Manequi Simple<\/h2>\n<p><strong>-ADEM Manequi Simple \u2013 F\u00e1cil de preparar y guardar-<\/strong>\nRecomendado a ellos que no quieren las funciones del Fantasma pero un sencillo sistema para la oficina o entrenamiento personal. \nSe puede guardar facilmente en el maletin despues de uso.<\/p><\/div><\/div><\/li>\n                <li style=\"display: none; width: 100%;\" class=\"slide-2865 ms-image \" aria-roledescription=\"slide\" data-date=\"2015-06-15 12:12:27\" data-filename=\"es03.jpg\" data-slide-type=\"image\"><a href=\"http:\/\/www.trimunt.co.jp\/es\/?page_id=868\" target=\"_self\" aria-label=\"Ver detalles de la diapositiva\" class=\"metaslider_image_link\"><img loading=\"lazy\" decoding=\"async\" src=\"https:\/\/www.trimunt.co.jp\/wp-content\/uploads\/2015\/06\/es03.jpg\" height=\"309\" width=\"743\" alt=\"Unidad de doble Postes\" class=\"slider-2862 slide-2865 msDefaultImage\" title=\"Unidad de doble Postes\" \/><\/a><div class=\"caption-wrap\"><div class=\"caption\"><h2>Unidad de doble Postes<\/h2>\n<p>Los indicadores digitales ayudan al ajuste de la rotaci\u00f3n de la cabeza y el \u00e1ngulo maxilar, para los terminos de uniformadidad y en las condiciones de entrenamiento.\nLa altura de la cabeza se puede ajustar verticalmente en el poste principal.<\/p><\/div><\/div><\/li>\n                <li style=\"display: none; width: 100%;\" class=\"slide-2866 ms-image \" aria-roledescription=\"slide\" data-date=\"2015-06-15 12:12:28\" data-filename=\"es04.jpg\" data-slide-type=\"image\"><a href=\"http:\/\/www.trimunt.co.jp\/es\/?page_id=1303\" target=\"_self\" aria-label=\"Ver detalles de la diapositiva\" class=\"metaslider_image_link\"><img loading=\"lazy\" decoding=\"async\" src=\"https:\/\/www.trimunt.co.jp\/wp-content\/uploads\/2015\/06\/es04.jpg\" height=\"309\" width=\"743\" alt=\"Unidad Deslizante de Barra\" class=\"slider-2862 slide-2866 msDefaultImage\" title=\"Unidad Deslizante de Barra\" \/><\/a><div class=\"caption-wrap\"><div class=\"caption\"><h2>Unidad Deslizante de Barra<\/h2>\n<p>Para ser uitlizado en la instalacion De la Cabeza Fantasma o Simple Maniqui a la silla dental.\n La mejor herramienta para la demostracion o estudio en la oficina debido a su peso ligero y facil de uso.<\/p><\/div><\/div><\/li>\n                <li style=\"display: none; width: 100%;\" class=\"slide-2867 ms-image \" aria-roledescription=\"slide\" data-date=\"2015-06-15 12:12:29\" data-filename=\"es05.jpg\" data-slide-type=\"image\"><a href=\"http:\/\/www.trimunt.co.jp\/es\/?page_id=454#OSI-002\" target=\"_self\" aria-label=\"Ver detalles de la diapositiva\" class=\"metaslider_image_link\"><img loading=\"lazy\" decoding=\"async\" src=\"https:\/\/www.trimunt.co.jp\/wp-content\/uploads\/2015\/06\/es05.jpg\" height=\"309\" width=\"743\" alt=\"Ope-Block\" class=\"slider-2862 slide-2867 msDefaultImage\" title=\"Ope-Block\" \/><\/a><div class=\"caption-wrap\"><div class=\"caption\"><h2>Ope-Block<\/h2>\n<p>Ope-Block is compact designed disposable training model for implant drilling, incisional and sutural practices. This handy small block reproduce three-layer structure, representing alveolar bone, periosteum gingivae.<\/p><\/div><\/div><\/li>\n                <li style=\"display: none; width: 100%;\" class=\"slide-2868 ms-image \" aria-roledescription=\"slide\" data-date=\"2015-06-15 12:12:29\" data-filename=\"es06.jpg\" data-slide-type=\"image\"><a href=\"http:\/\/www.trimunt.co.jp\/es\/?page_id=452#HSCT\" target=\"_self\" aria-label=\"Ver detalles de la diapositiva\" class=\"metaslider_image_link\"><img loading=\"lazy\" decoding=\"async\" src=\"https:\/\/www.trimunt.co.jp\/wp-content\/uploads\/2015\/06\/es06.jpg\" height=\"309\" width=\"743\" alt=\"HSCT-Block High Speed Cutting Training Block\" class=\"slider-2862 slide-2868 msDefaultImage\" title=\"HSCT-Block High Speed Cutting Training Block\" \/><\/a><div class=\"caption-wrap\"><div class=\"caption\"><h2>HSCT-Block High Speed Cutting Training Block<\/h2>\n<p>Selectable model for high speed cutting practice with fix-in teeth for hands-on and workshop programs or for self-training purpose.\nAfter practice, this can be used for educational demo model for patients.<\/p><\/div><\/div><\/li>\n                <li style=\"display: none; width: 100%;\" class=\"slide-2869 ms-image \" aria-roledescription=\"slide\" data-date=\"2015-06-15 12:12:30\" data-filename=\"es07.jpg\" data-slide-type=\"image\"><a href=\"http:\/\/www.trimunt.co.jp\/es\/?page_id=454\" target=\"_self\" aria-label=\"Ver detalles de la diapositiva\" class=\"metaslider_image_link\"><img loading=\"lazy\" decoding=\"async\" src=\"https:\/\/www.trimunt.co.jp\/wp-content\/uploads\/2015\/06\/es07.jpg\" height=\"309\" width=\"743\" alt=\"Implantes\" class=\"slider-2862 slide-2869 msDefaultImage\" title=\"Implantes\" \/><\/a><div class=\"caption-wrap\"><div class=\"caption\"><h2>Implantes<\/h2>\n<p><\/p><\/div><\/div><\/li>\n                <li style=\"display: none; width: 100%;\" class=\"slide-2870 ms-image \" aria-roledescription=\"slide\" data-date=\"2015-06-15 12:12:31\" data-filename=\"es08.jpg\" data-slide-type=\"image\"><a href=\"http:\/\/www.trimunt.co.jp\/es\/?page_id=1865\" target=\"_self\" aria-label=\"Ver detalles de la diapositiva\" class=\"metaslider_image_link\"><img loading=\"lazy\" decoding=\"async\" src=\"https:\/\/www.trimunt.co.jp\/wp-content\/uploads\/2015\/06\/es08.jpg\" height=\"309\" width=\"743\" alt=\"Series Periodontales\" class=\"slider-2862 slide-2870 msDefaultImage\" title=\"Series Periodontales\" \/><\/a><div class=\"caption-wrap\"><div class=\"caption\"><h2>Series Periodontales<\/h2>\n<p><\/p><\/div><\/div><\/li>\n                <li style=\"display: none; width: 100%;\" class=\"slide-2871 ms-image \" aria-roledescription=\"slide\" data-date=\"2015-06-15 12:12:32\" data-filename=\"es09.jpg\" data-slide-type=\"image\"><a href=\"http:\/\/www.trimunt.co.jp\/es\/?page_id=460\" target=\"_self\" aria-label=\"Ver detalles de la diapositiva\" class=\"metaslider_image_link\"><img loading=\"lazy\" decoding=\"async\" src=\"https:\/\/www.trimunt.co.jp\/wp-content\/uploads\/2015\/06\/es09.jpg\" height=\"309\" width=\"743\" alt=\"Series Ortodonticas\" class=\"slider-2862 slide-2871 msDefaultImage\" title=\"Series Ortodonticas\" \/><\/a><div class=\"caption-wrap\"><div class=\"caption\"><h2>Series Ortodonticas<\/h2>\n<p><\/p><\/div><\/div><\/li>\n                <li style=\"display: none; width: 100%;\" class=\"slide-2872 ms-image \" aria-roledescription=\"slide\" data-date=\"2015-06-15 12:12:33\" data-filename=\"es10.jpg\" data-slide-type=\"image\"><a href=\"http:\/\/www.trimunt.co.jp\/es\/?page_id=466\" target=\"_self\" aria-label=\"Ver detalles de la diapositiva\" class=\"metaslider_image_link\"><img loading=\"lazy\" decoding=\"async\" src=\"https:\/\/www.trimunt.co.jp\/wp-content\/uploads\/2015\/06\/es10.jpg\" height=\"309\" width=\"743\" alt=\"\" class=\"slider-2862 slide-2872 msDefaultImage\" \/><\/a><div class=\"caption-wrap\"><div class=\"caption\"><h2>Modelos para la educacion del Paciente<\/h2>\n<p><\/p><\/div><\/div><\/li>\n            <\/ul>\n        <\/div>\n        \n    <\/div>\n<\/div>\n<h1 class=\"tr-postheader\">Trimunt Corporation<\/h1>\n<h4>Lo nuevo<\/h4>\n<p><!--[list num=\"5\" cat=\"33\"]--><\/p>\n<p><\/p>","protected":false},"excerpt":{"rendered":"<p>Trimunt Corporation Lo nuevo<\/p>\n","protected":false},"author":1,"featured_media":0,"parent":0,"menu_order":0,"comment_status":"closed","ping_status":"closed","template":"","meta":{"jetpack_post_was_ever_published":false,"footnotes":""},"aioseo_notices":[],"jetpack_sharing_enabled":true,"jetpack_shortlink":"https:\/\/wp.me\/P6kiPj-2","jetpack_likes_enabled":true,"_links":{"self":[{"href":"https:\/\/www.trimunt.co.jp\/es\/wp-json\/wp\/v2\/pages\/2"}],"collection":[{"href":"https:\/\/www.trimunt.co.jp\/es\/wp-json\/wp\/v2\/pages"}],"about":[{"href":"https:\/\/www.trimunt.co.jp\/es\/wp-json\/wp\/v2\/types\/page"}],"author":[{"embeddable":true,"href":"https:\/\/www.trimunt.co.jp\/es\/wp-json\/wp\/v2\/users\/1"}],"replies":[{"embeddable":true,"href":"https:\/\/www.trimunt.co.jp\/es\/wp-json\/wp\/v2\/comments?post=2"}],"version-history":[{"count":80,"href":"https:\/\/www.trimunt.co.jp\/es\/wp-json\/wp\/v2\/pages\/2\/revisions"}],"predecessor-version":[{"id":17558,"href":"https:\/\/www.trimunt.co.jp\/es\/wp-json\/wp\/v2\/pages\/2\/revisions\/17558"}],"wp:attachment":[{"href":"https:\/\/www.trimunt.co.jp\/es\/wp-json\/wp\/v2\/media?parent=2"}],"curies":[{"name":"wp","href":"https:\/\/api.w.org\/{rel}","templated":true}]}}