{"id":228,"date":"2014-11-28T12:56:07","date_gmt":"2014-11-28T03:56:07","guid":{"rendered":"http:\/\/trimunt.atworks-jp.net\/?page_id=228"},"modified":"2020-04-23T19:44:20","modified_gmt":"2020-04-23T10:44:20","slug":"phantom-system","status":"publish","type":"page","link":"https:\/\/www.trimunt.co.jp\/es\/adem-dental-simulator\/phantom-system\/","title":{"rendered":"Cabeza Fantasma"},"content":{"rendered":"<p><\/p>\n<p>&nbsp;<\/p>\n<p>&nbsp;<\/p>\n<table border=\"0\" width=\"100%\">\n<tbody>\n<tr>\n<td style=\"text-align: right !important;\"><a class=\"button hvr-rectangle-out\" title=\"Partes Opcionales\" href=\"http:\/\/www.trimunt.co.jp\/?page_id=1199\">Partes Opcionales<\/a><\/td>\n<\/tr>\n<\/tbody>\n<\/table>\n<h2><span style=\"font-size: 21px;\">\uff5e ADEM Sistema Fantasma desarrollado para la facilidad de uso \uff5e<\/span><\/h2>\n<p>Innovadoramente por la b\u00fasqueda de utilidad \u00faltima. Permitiendo tanto profesores como alumnos a preparar f\u00e1cilmente y r\u00e1pidamente antes de cada clase aparte de sus caracter\u00edsticas sobresalientes.<\/p>\n<hr class=\"style-two\" \/>\n<h3 class=\"product_adem_h3\">\u301c Sistema de un toque \u301c<\/h3>\n<table width=\"100%\">\n<tbody>\n<tr>\n<td valign=\"top\">Su mecanismo \u00fanico de montaje y desmontaje que permite poner m\u00e1s f\u00e1cil y m\u00e1s r\u00e1pida\u00a0la oclusi\u00f3n.<\/td>\n<td width=\"250\"><img loading=\"lazy\" decoding=\"async\" class=\" wp-image-2563 size-full aligncenter\" src=\"http:\/\/www.trimunt.co.jp\/wp-content\/uploads\/2014\/11\/PHrelease.gif\" alt=\"PHrelease\" width=\"250\" height=\"224\" \/><\/td>\n<\/tr>\n<tr>\n<td colspan=\"2\" valign=\"top\"><a href=\"http:\/\/www.trimunt.co.jp\/wp-content\/uploads\/2014\/11\/ph01.jpg\"><img loading=\"lazy\" decoding=\"async\" class=\"aligncenter size-full wp-image-725\" src=\"http:\/\/www.trimunt.co.jp\/wp-content\/uploads\/2014\/11\/ph01.jpg\" alt=\"ph01\" width=\"692\" height=\"138\" srcset=\"https:\/\/www.trimunt.co.jp\/wp-content\/uploads\/2014\/11\/ph01.jpg 692w, https:\/\/www.trimunt.co.jp\/wp-content\/uploads\/2014\/11\/ph01-300x60.jpg 300w\" sizes=\"(max-width: 692px) 100vw, 692px\" \/><\/a><\/td>\n<\/tr>\n<\/tbody>\n<\/table>\n<hr class=\"style-two\" \/>\n<h3 class=\"product_adem_h3\">\uff5e La apertura de la boca puede ponerse en cualquier volumen requerido \uff5e<\/h3>\n<table width=\"100%\">\n<tbody>\n<tr>\n<td valign=\"top\" width=\"250\"><img loading=\"lazy\" decoding=\"async\" class=\"alignnone wp-image-2565\" src=\"http:\/\/www.trimunt.co.jp\/wp-content\/uploads\/2014\/11\/sys_3.png\" alt=\"sys_3\" width=\"250\" height=\"167\" \/><\/td>\n<td valign=\"top\" width=\"168\"><img loading=\"lazy\" decoding=\"async\" class=\"alignnone wp-image-2566\" src=\"http:\/\/www.trimunt.co.jp\/wp-content\/uploads\/2014\/11\/kaikou.gif\" alt=\"kaikou\" width=\"167\" height=\"167\" \/><\/td>\n<td valign=\"top\">La apertura de la boca puede ajustarse libremente subiendo o bajando la barra trasera.<\/td>\n<\/tr>\n<\/tbody>\n<\/table>\n<hr class=\"style-two\" \/>\n<h3>\uff5eSimple Desmontaje\uff5e<\/h3>\n<table width=\"100%\">\n<tbody>\n<tr>\n<td valign=\"top\">\u00a0El montaje y desmontaje se logra simplemente presionando un boton<\/td>\n<\/tr>\n<tr>\n<td valign=\"top\"><img loading=\"lazy\" decoding=\"async\" class=\"aligncenter size-full wp-image-734\" src=\"http:\/\/www.trimunt.co.jp\/wp-content\/uploads\/2014\/11\/ph02.jpg\" alt=\"ph02\" width=\"692\" height=\"150\" srcset=\"https:\/\/www.trimunt.co.jp\/wp-content\/uploads\/2014\/11\/ph02.jpg 692w, https:\/\/www.trimunt.co.jp\/wp-content\/uploads\/2014\/11\/ph02-300x65.jpg 300w\" sizes=\"(max-width: 692px) 100vw, 692px\" \/><\/td>\n<\/tr>\n<\/tbody>\n<\/table>\n<hr class=\"style-two\" \/>\n<h3>\u301c Sistema de montadura de libre elecci\u00f3n \u301c<\/h3>\n<table width=\"100%\">\n<tbody>\n<tr>\n<td align=\"center\" valign=\"top\" width=\"50%\"><img loading=\"lazy\" decoding=\"async\" class=\" size-full wp-image-2568 aligncenter\" src=\"http:\/\/www.trimunt.co.jp\/wp-content\/uploads\/2014\/11\/PHchair.gif\" alt=\"PHchair\" width=\"216\" height=\"240\" \/><br \/>Escritorio y silla dental<\/td>\n<td align=\"center\" valign=\"top\" width=\"50%\"><img loading=\"lazy\" decoding=\"async\" class=\" size-full wp-image-2569 aligncenter\" src=\"http:\/\/www.trimunt.co.jp\/wp-content\/uploads\/2014\/11\/PHdesk.gif\" alt=\"PHdesk\" width=\"216\" height=\"240\" \/><br \/>Escritorio<\/td>\n<\/tr>\n<tr>\n<td colspan=\"2\" valign=\"top\">El sistema ADEM est\u00e1 disponible con muchas opciones de componentes para cumplir con sus especificaciones.<br \/>Por favor escoja cualquiera combinacion de partes con la cabeza Fantasma.<\/td>\n<\/tr>\n<\/tbody>\n<\/table>\n<hr class=\"style-two\" \/>\n<h3 class=\"product_adem_h3\">\u301c El marco de la m\u00e1scara est\u00e1 integrada en la cabeza \u301c<\/h3>\n<table width=\"100%\">\n<tbody>\n<tr>\n<td valign=\"top\">El marco de la m\u00e1scara esta incorporada en la cabeza que permite el retiro y la instalaci\u00f3n de la m\u00e1scara de goma r\u00e1pidamente sin cualquier problema.<\/td>\n<td valign=\"top\"><img loading=\"lazy\" decoding=\"async\" class=\"alignnone  wp-image-2570\" src=\"http:\/\/www.trimunt.co.jp\/wp-content\/uploads\/2014\/11\/PHmask.gif\" alt=\"PHmask\" width=\"200\" height=\"243\" \/><\/td>\n<\/tr>\n<\/tbody>\n<\/table>\n<hr class=\"style-two\" \/>\n<h3 class=\"product_adem_h3\">\u301c Junta de r\u00f3tula se puede reproducir en cualquier \u00e1ngulo deseado \u301c<\/h3>\n<table width=\"100%\">\n<tbody>\n<tr>\n<td colspan=\"2\" valign=\"top\">\n<p>La r\u00f3tula se gira 360 grados, permitiendo libremente la posicion de la cabeza con el estudiante liberadamente.<\/p>\n<p>&nbsp;<\/p>\n<p>&nbsp;<\/p>\n<\/td>\n<\/tr>\n<tr>\n<td align=\"center\" valign=\"top\">El angulo de la cabeza se puede ser ajustada a la derecha o izquierda.\u00a0<br \/><img loading=\"lazy\" decoding=\"async\" class=\"  aligncenter wp-image-2571 \" src=\"http:\/\/www.trimunt.co.jp\/wp-content\/uploads\/2014\/11\/360lr-300x136.jpg\" alt=\"360lr\" width=\"340\" height=\"154\" srcset=\"https:\/\/www.trimunt.co.jp\/wp-content\/uploads\/2014\/11\/360lr-300x136.jpg 300w, https:\/\/www.trimunt.co.jp\/wp-content\/uploads\/2014\/11\/360lr.jpg 442w\" sizes=\"(max-width: 340px) 100vw, 340px\" \/><\/td>\n<td align=\"center\" valign=\"top\">El angulo oclusal puede ser ajustado.<br \/><img loading=\"lazy\" decoding=\"async\" class=\"  aligncenter wp-image-2572 \" src=\"http:\/\/www.trimunt.co.jp\/wp-content\/uploads\/2014\/11\/360ub.jpg\" alt=\"360ub\" width=\"341\" height=\"155\" srcset=\"https:\/\/www.trimunt.co.jp\/wp-content\/uploads\/2014\/11\/360ub.jpg 440w, https:\/\/www.trimunt.co.jp\/wp-content\/uploads\/2014\/11\/360ub-300x136.jpg 300w\" sizes=\"(max-width: 341px) 100vw, 341px\" \/><\/td>\n<\/tr>\n<\/tbody>\n<\/table>\n<p>&nbsp;<\/p>\n<p><\/p>","protected":false},"excerpt":{"rendered":"<p>&nbsp; &nbsp; Partes Opcionales \uff5e ADEM Sistema Fantasma desarrollado para la facilidad de uso \uff5e Innovadoramente por la b\u00fasqueda de utilidad \u00faltima. Permitiendo tanto profesores como alumnos a preparar f\u00e1cilmente y r\u00e1pidamente antes de cada clase aparte de sus caracter\u00edsticas sobresalientes. \u301c Sistema de un toque \u301c Su mecanismo \u00fanico de montaje y desmontaje que [&hellip;]<\/p>\n","protected":false},"author":1,"featured_media":0,"parent":9,"menu_order":10,"comment_status":"closed","ping_status":"closed","template":"","meta":{"jetpack_post_was_ever_published":false,"footnotes":""},"aioseo_notices":[],"jetpack_sharing_enabled":true,"jetpack_shortlink":"https:\/\/wp.me\/P6kiPj-3G","jetpack_likes_enabled":true,"_links":{"self":[{"href":"https:\/\/www.trimunt.co.jp\/es\/wp-json\/wp\/v2\/pages\/228"}],"collection":[{"href":"https:\/\/www.trimunt.co.jp\/es\/wp-json\/wp\/v2\/pages"}],"about":[{"href":"https:\/\/www.trimunt.co.jp\/es\/wp-json\/wp\/v2\/types\/page"}],"author":[{"embeddable":true,"href":"https:\/\/www.trimunt.co.jp\/es\/wp-json\/wp\/v2\/users\/1"}],"replies":[{"embeddable":true,"href":"https:\/\/www.trimunt.co.jp\/es\/wp-json\/wp\/v2\/comments?post=228"}],"version-history":[{"count":46,"href":"https:\/\/www.trimunt.co.jp\/es\/wp-json\/wp\/v2\/pages\/228\/revisions"}],"predecessor-version":[{"id":17565,"href":"https:\/\/www.trimunt.co.jp\/es\/wp-json\/wp\/v2\/pages\/228\/revisions\/17565"}],"up":[{"embeddable":true,"href":"https:\/\/www.trimunt.co.jp\/es\/wp-json\/wp\/v2\/pages\/9"}],"wp:attachment":[{"href":"https:\/\/www.trimunt.co.jp\/es\/wp-json\/wp\/v2\/media?parent=228"}],"curies":[{"name":"wp","href":"https:\/\/api.w.org\/{rel}","templated":true}]}}