{"id":3032,"date":"2016-02-02T19:04:42","date_gmt":"2016-02-02T10:04:42","guid":{"rendered":"http:\/\/www.trimunt.co.jp\/?page_id=3032"},"modified":"2020-06-09T13:20:40","modified_gmt":"2020-06-09T04:20:40","slug":"en-instruction","status":"publish","type":"page","link":"https:\/\/www.trimunt.co.jp\/es\/en-instruction\/","title":{"rendered":"(English) Instruction"},"content":{"rendered":"<p class=\"qtranxs-available-languages-message qtranxs-available-languages-message-es\">Disculpa, pero esta entrada est\u00e1 disponible s\u00f3lo en <a href=\"https:\/\/www.trimunt.co.jp\/en\/wp-json\/wp\/v2\/pages\/3032\" class=\"qtranxs-available-language-link qtranxs-available-language-link-en\" title=\"English\">Ingl\u00e9s Estadounidense<\/a>. For the sake of viewer convenience, the content is shown below in the alternative language. You may click the link to switch the active language.<\/p><p><\/p>\n<div class=\"youtube_channel default responsive ytc_display_thumbnail\"><div class=\"ytc_video_container ytc_video_1 ytc_video_first ar16_9\" style=\"width:150px\"><a href=\"https:\/\/www.youtube.com\/watch?v=yn05mcI4XjU&amp;\" class=\"ytc_thumb ytc-nolightbox ar16_9\" target=\"youtube\" title=\"How to attach the Articulator to the Jaw Models\" data-iframe=\"https:\/\/www.youtube.com\/embed\/yn05mcI4XjU?\" data-title=\"How to attach the Articulator to the Jaw Models\"><span style=\"background-image: url(https:\/\/img.youtube.com\/vi\/yn05mcI4XjU\/hqdefault.jpg)\" title=\"How to attach the Articulator to the Jaw Models\" id=\"ytc_yn05mcI4XjU\"><\/span><\/a><h3 class=\"ytc_title ytc_title_below\">How to attach the Articulator to the Jaw Models<\/h3><\/div><!-- .ytc_video_container --><div class=\"ytc_video_container ytc_video_2 ytc_video_mid ar16_9\" style=\"width:150px\"><a href=\"https:\/\/www.youtube.com\/watch?v=Hb2hfCnqZ1Y&amp;\" class=\"ytc_thumb ytc-nolightbox ar16_9\" target=\"youtube\" title=\"How to attach the Oral Cavity Cover\" data-iframe=\"https:\/\/www.youtube.com\/embed\/Hb2hfCnqZ1Y?\" data-title=\"How to attach the Oral Cavity Cover\"><span style=\"background-image: url(https:\/\/img.youtube.com\/vi\/Hb2hfCnqZ1Y\/hqdefault.jpg)\" title=\"How to attach the Oral Cavity Cover\" id=\"ytc_Hb2hfCnqZ1Y\"><\/span><\/a><h3 class=\"ytc_title ytc_title_below\">How to attach the Oral Cavity Cover<\/h3><\/div><!-- .ytc_video_container --><div class=\"ytc_video_container ytc_video_3 ytc_video_mid ar16_9\" style=\"width:150px\"><a href=\"https:\/\/www.youtube.com\/watch?v=yeC8xs1w694&amp;\" class=\"ytc_thumb ytc-nolightbox ar16_9\" target=\"youtube\" title=\"How to attach the Base Plate with Magnetic Pins to the Upper Jaw Model\" data-iframe=\"https:\/\/www.youtube.com\/embed\/yeC8xs1w694?\" data-title=\"How to attach the Base Plate with Magnetic Pins to the Upper Jaw Model\"><span style=\"background-image: url(https:\/\/img.youtube.com\/vi\/yeC8xs1w694\/hqdefault.jpg)\" title=\"How to attach the Base Plate with Magnetic Pins to the Upper Jaw Model\" id=\"ytc_yeC8xs1w694\"><\/span><\/a><h3 class=\"ytc_title ytc_title_below\">How to attach the Base Plate with Magnetic Pins to the Upper Jaw Model<\/h3><\/div><!-- .ytc_video_container --><div class=\"ytc_video_container ytc_video_4 ytc_video_mid ar16_9\" style=\"width:150px\"><a href=\"https:\/\/www.youtube.com\/watch?v=SCgjMLLaeMQ&amp;\" class=\"ytc_thumb ytc-nolightbox ar16_9\" target=\"youtube\" title=\"How to attach the Base Plate with Magnetic Pins to the Upper Jaw Model OCC\" data-iframe=\"https:\/\/www.youtube.com\/embed\/SCgjMLLaeMQ?\" data-title=\"How to attach the Base Plate with Magnetic Pins to the Upper Jaw Model OCC\"><span style=\"background-image: url(https:\/\/img.youtube.com\/vi\/SCgjMLLaeMQ\/hqdefault.jpg)\" title=\"How to attach the Base Plate with Magnetic Pins to the Upper Jaw Model OCC\" id=\"ytc_SCgjMLLaeMQ\"><\/span><\/a><h3 class=\"ytc_title ytc_title_below\">How to attach the Base Plate with Magnetic Pins to the Upper Jaw Model OCC<\/h3><\/div><!-- .ytc_video_container --><div class=\"ytc_video_container ytc_video_5 ytc_video_mid ar16_9\" style=\"width:150px\"><a href=\"https:\/\/www.youtube.com\/watch?v=Jl59k8xwaeY&amp;\" class=\"ytc_thumb ytc-nolightbox ar16_9\" target=\"youtube\" title=\"How to attach the Lower Plate to the Lower Jaw Model\" data-iframe=\"https:\/\/www.youtube.com\/embed\/Jl59k8xwaeY?\" data-title=\"How to attach the Lower Plate to the Lower Jaw Model\"><span style=\"background-image: url(https:\/\/img.youtube.com\/vi\/Jl59k8xwaeY\/hqdefault.jpg)\" title=\"How to attach the Lower Plate to the Lower Jaw Model\" id=\"ytc_Jl59k8xwaeY\"><\/span><\/a><h3 class=\"ytc_title ytc_title_below\">How to attach the Lower Plate to the Lower Jaw Model<\/h3><\/div><!-- .ytc_video_container --><div class=\"ytc_video_container ytc_video_6 ytc_video_mid ar16_9\" style=\"width:150px\"><a href=\"https:\/\/www.youtube.com\/watch?v=FJddVnj4TiQ&amp;\" class=\"ytc_thumb ytc-nolightbox ar16_9\" target=\"youtube\" title=\"How to make the Plaster Models\" data-iframe=\"https:\/\/www.youtube.com\/embed\/FJddVnj4TiQ?\" data-title=\"How to make the Plaster Models\"><span style=\"background-image: url(https:\/\/img.youtube.com\/vi\/FJddVnj4TiQ\/hqdefault.jpg)\" title=\"How to make the Plaster Models\" id=\"ytc_FJddVnj4TiQ\"><\/span><\/a><h3 class=\"ytc_title ytc_title_below\">How to make the Plaster Models<\/h3><\/div><!-- .ytc_video_container --><div class=\"ytc_video_container ytc_video_7 ytc_video_mid ar16_9\" style=\"width:150px\"><a href=\"https:\/\/www.youtube.com\/watch?v=xa9STG0uAxE&amp;\" class=\"ytc_thumb ytc-nolightbox ar16_9\" target=\"youtube\" title=\"How to attach the Plaster Models to the Metal Tray Base\" data-iframe=\"https:\/\/www.youtube.com\/embed\/xa9STG0uAxE?\" data-title=\"How to attach the Plaster Models to the Metal Tray Base\"><span style=\"background-image: url(https:\/\/img.youtube.com\/vi\/xa9STG0uAxE\/hqdefault.jpg)\" title=\"How to attach the Plaster Models to the Metal Tray Base\" id=\"ytc_xa9STG0uAxE\"><\/span><\/a><h3 class=\"ytc_title ytc_title_below\">How to attach the Plaster Models to the Metal Tray Base<\/h3><\/div><!-- .ytc_video_container --><div class=\"ytc_video_container ytc_video_8 ytc_video_mid ar16_9\" style=\"width:150px\"><a href=\"https:\/\/www.youtube.com\/watch?v=ASIlV26TaeM&amp;\" class=\"ytc_thumb ytc-nolightbox ar16_9\" target=\"youtube\" title=\"How to assemble the Phantom Head\" data-iframe=\"https:\/\/www.youtube.com\/embed\/ASIlV26TaeM?\" data-title=\"How to assemble the Phantom Head\"><span style=\"background-image: url(https:\/\/img.youtube.com\/vi\/ASIlV26TaeM\/hqdefault.jpg)\" title=\"How to assemble the Phantom Head\" id=\"ytc_ASIlV26TaeM\"><\/span><\/a><h3 class=\"ytc_title ytc_title_below\">How to assemble the Phantom Head<\/h3><\/div><!-- .ytc_video_container --><div class=\"ytc_video_container ytc_video_9 ytc_video_mid ar16_9\" style=\"width:150px\"><a href=\"https:\/\/www.youtube.com\/watch?v=XS5BPqTsPoY&amp;\" class=\"ytc_thumb ytc-nolightbox ar16_9\" target=\"youtube\" title=\"How to disassemble the Phantom Head\" data-iframe=\"https:\/\/www.youtube.com\/embed\/XS5BPqTsPoY?\" data-title=\"How to disassemble the Phantom Head\"><span style=\"background-image: url(https:\/\/img.youtube.com\/vi\/XS5BPqTsPoY\/hqdefault.jpg)\" title=\"How to disassemble the Phantom Head\" id=\"ytc_XS5BPqTsPoY\"><\/span><\/a><h3 class=\"ytc_title ytc_title_below\">How to disassemble the Phantom Head<\/h3><\/div><!-- .ytc_video_container --><div class=\"ytc_video_container ytc_video_10 ytc_video_last ar16_9\" style=\"width:150px\"><a href=\"https:\/\/www.youtube.com\/watch?v=Wq6tDhC8214&amp;\" class=\"ytc_thumb ytc-nolightbox ar16_9\" target=\"youtube\" title=\"How to attach the Rubber Mask to the Phantom Head\" data-iframe=\"https:\/\/www.youtube.com\/embed\/Wq6tDhC8214?\" data-title=\"How to attach the Rubber Mask to the Phantom Head\"><span style=\"background-image: url(https:\/\/img.youtube.com\/vi\/Wq6tDhC8214\/hqdefault.jpg)\" title=\"How to attach the Rubber Mask to the Phantom Head\" id=\"ytc_Wq6tDhC8214\"><\/span><\/a><h3 class=\"ytc_title ytc_title_below\">How to attach the Rubber Mask to the Phantom Head<\/h3><\/div><!-- .ytc_video_container --><div class=\"clearfix\"><\/div><div class=\"ytc_link\"><p><a href=\"https:\/\/www.youtube.com\/channel\/UC9pApn0oT2aZNAJN-THg4Qg\" target=\"youtube\" title=\"Visit our channel in new window\/tab\">Visit our channel<\/a><\/p><\/div><\/div><!-- .youtube_channel --><div class=\"clearfix\"><\/div>\n<p><\/p>","protected":false},"excerpt":{"rendered":"<p>Disculpa, pero esta entrada est\u00e1 disponible s\u00f3lo en Ingl\u00e9s Estadounidense. For the sake of viewer convenience, the content is shown below in the alternative language. You may click the link to switch the active language.<\/p>\n","protected":false},"author":3,"featured_media":0,"parent":0,"menu_order":0,"comment_status":"closed","ping_status":"closed","template":"","meta":{"jetpack_post_was_ever_published":false,"footnotes":""},"aioseo_notices":[],"jetpack_sharing_enabled":true,"jetpack_shortlink":"https:\/\/wp.me\/P6kiPj-MU","jetpack_likes_enabled":true,"_links":{"self":[{"href":"https:\/\/www.trimunt.co.jp\/es\/wp-json\/wp\/v2\/pages\/3032"}],"collection":[{"href":"https:\/\/www.trimunt.co.jp\/es\/wp-json\/wp\/v2\/pages"}],"about":[{"href":"https:\/\/www.trimunt.co.jp\/es\/wp-json\/wp\/v2\/types\/page"}],"author":[{"embeddable":true,"href":"https:\/\/www.trimunt.co.jp\/es\/wp-json\/wp\/v2\/users\/3"}],"replies":[{"embeddable":true,"href":"https:\/\/www.trimunt.co.jp\/es\/wp-json\/wp\/v2\/comments?post=3032"}],"version-history":[{"count":5,"href":"https:\/\/www.trimunt.co.jp\/es\/wp-json\/wp\/v2\/pages\/3032\/revisions"}],"predecessor-version":[{"id":17521,"href":"https:\/\/www.trimunt.co.jp\/es\/wp-json\/wp\/v2\/pages\/3032\/revisions\/17521"}],"wp:attachment":[{"href":"https:\/\/www.trimunt.co.jp\/es\/wp-json\/wp\/v2\/media?parent=3032"}],"curies":[{"name":"wp","href":"https:\/\/api.w.org\/{rel}","templated":true}]}}