{"id":447,"date":"2014-12-02T09:59:21","date_gmt":"2014-12-02T00:59:21","guid":{"rendered":"http:\/\/trimunt.atworks-jp.net\/?page_id=447"},"modified":"2020-04-23T19:47:37","modified_gmt":"2020-04-23T10:47:37","slug":"dental-study-models","status":"publish","type":"page","link":"https:\/\/www.trimunt.co.jp\/es\/dental-study-models\/","title":{"rendered":"Modelos de Entrenamiento Dentales"},"content":{"rendered":"<p><\/p>\n<p>&nbsp;<\/p>\n<table width=\"100%\">\n<tbody>\n<tr>\n<td width=\"50%\">\n<div class=\"example11-wrap\">\n<table class=\"example11-table\" width=\"100%\">\n<tbody>\n<tr>\n<td class=\"bottom-noline\" width=\"100\"><a title=\"Prosthetic Series\" href=\"http:\/\/www.trimunt.co.jp\/?page_id=450\"><img loading=\"lazy\" decoding=\"async\" class=\"aligncenter wp-image-1369\" src=\"http:\/\/www.trimunt.co.jp\/wp-content\/uploads\/2014\/12\/PS32-01.jpg\" alt=\"PS32-01\" width=\"100\" height=\"100\" srcset=\"https:\/\/www.trimunt.co.jp\/wp-content\/uploads\/2014\/12\/PS32-01.jpg 200w, https:\/\/www.trimunt.co.jp\/wp-content\/uploads\/2014\/12\/PS32-01-150x150.jpg 150w\" sizes=\"(max-width: 100px) 100vw, 100px\" \/><\/a><\/td>\n<td class=\"right-noline bottom-noline\">\n<h3><a title=\"Prosthetic Series\" href=\"http:\/\/www.trimunt.co.jp\/?page_id=450\">Series de Pr\u00f3tesis<\/a><\/h3>\n<\/td>\n<\/tr>\n<\/tbody>\n<\/table>\n<\/div>\n<\/td>\n<td width=\"50%\">\n<div class=\"example11-wrap\">\n<table class=\"example11-table\" width=\"100%\">\n<tbody>\n<tr>\n<td class=\"bottom-noline\" width=\"100\"><a title=\"\u8907\u88fd\u6839\u6a21\u578b\" href=\"http:\/\/www.trimunt.co.jp\/?page_id=458\"><img loading=\"lazy\" decoding=\"async\" class=\"alignleft wp-image-1695 size-full\" src=\"http:\/\/www.trimunt.co.jp\/wp-content\/uploads\/2014\/12\/ana01.jpg\" alt=\"ana01\" width=\"100\" height=\"100\" srcset=\"https:\/\/www.trimunt.co.jp\/wp-content\/uploads\/2014\/12\/ana01.jpg 200w, https:\/\/www.trimunt.co.jp\/wp-content\/uploads\/2014\/12\/ana01-150x150.jpg 150w\" sizes=\"(max-width: 100px) 100vw, 100px\" \/><\/a><\/td>\n<td class=\"right-noline bottom-noline\">\n<h3><a title=\"\u8907\u88fd\u6839\u6a21\u578b\" href=\"http:\/\/www.trimunt.co.jp\/?page_id=458\">Series de Dientes A<span class=\"tran_main\">nat\u00f3micas<\/span><\/a><\/h3>\n<\/td>\n<\/tr>\n<\/tbody>\n<\/table>\n<\/div>\n<\/td>\n<\/tr>\n<tr>\n<td>\n<div class=\"example11-wrap\">\n<table class=\"example11-table\" width=\"100%\">\n<tbody>\n<tr>\n<td class=\"bottom-noline\" width=\"100\"><a title=\"\u77ef\u6b63\u6a21\u578b\" href=\"http:\/\/www.trimunt.co.jp\/?page_id=460\"><img loading=\"lazy\" decoding=\"async\" class=\"alignnone size-full wp-image-1746\" src=\"http:\/\/www.trimunt.co.jp\/wp-content\/uploads\/2014\/12\/ort01.jpg\" alt=\"ort01\" width=\"100\" height=\"100\" srcset=\"https:\/\/www.trimunt.co.jp\/wp-content\/uploads\/2014\/12\/ort01.jpg 200w, https:\/\/www.trimunt.co.jp\/wp-content\/uploads\/2014\/12\/ort01-150x150.jpg 150w\" sizes=\"(max-width: 100px) 100vw, 100px\" \/><\/a><\/td>\n<td class=\"right-noline bottom-noline\">\n<h3><a title=\"\u77ef\u6b63\u6a21\u578b\" href=\"http:\/\/www.trimunt.co.jp\/?page_id=460\">Series Ortodonticas<\/a><\/h3>\n<\/td>\n<\/tr>\n<\/tbody>\n<\/table>\n<\/div>\n<\/td>\n<td>\n<div class=\"example11-wrap\">\n<table class=\"example11-table\" width=\"100%\">\n<tbody>\n<tr>\n<td class=\"bottom-noline\" width=\"100\"><a title=\"\u53e3\u8154\u5916\u79d1\" href=\"http:\/\/www.trimunt.co.jp\/?page_id=462\"><img loading=\"lazy\" decoding=\"async\" class=\"alignnone wp-image-1613 size-full\" src=\"http:\/\/www.trimunt.co.jp\/wp-content\/uploads\/2014\/12\/imp011.jpg\" alt=\"\" width=\"100\" height=\"100\" srcset=\"https:\/\/www.trimunt.co.jp\/wp-content\/uploads\/2014\/12\/imp011.jpg 200w, https:\/\/www.trimunt.co.jp\/wp-content\/uploads\/2014\/12\/imp011-150x150.jpg 150w\" sizes=\"(max-width: 100px) 100vw, 100px\" \/><\/a><\/td>\n<td class=\"right-noline bottom-noline\">\n<h3><a title=\"\u53e3\u8154\u5916\u79d1\" href=\"http:\/\/www.trimunt.co.jp\/?page_id=462\">Series de Cirug\u00eda Oral<\/a><\/h3>\n<\/td>\n<\/tr>\n<\/tbody>\n<\/table>\n<\/div>\n<\/td>\n<\/tr>\n<tr>\n<td>\n<div class=\"example11-wrap\">\n<table class=\"example11-table\" width=\"100%\">\n<tbody>\n<tr>\n<td class=\"bottom-noline\" width=\"100\"><a title=\"\u5c0f\u5150\u6a21\u578b\" href=\"http:\/\/www.trimunt.co.jp\/?page_id=464\"><img loading=\"lazy\" decoding=\"async\" class=\"alignnone size-full wp-image-1830\" src=\"http:\/\/www.trimunt.co.jp\/wp-content\/uploads\/2014\/12\/pdo01.jpg\" alt=\"pdo01\" width=\"100\" height=\"100\" srcset=\"https:\/\/www.trimunt.co.jp\/wp-content\/uploads\/2014\/12\/pdo01.jpg 200w, https:\/\/www.trimunt.co.jp\/wp-content\/uploads\/2014\/12\/pdo01-150x150.jpg 150w\" sizes=\"(max-width: 100px) 100vw, 100px\" \/><\/a><\/td>\n<td class=\"right-noline bottom-noline\">\n<h3><a title=\"\u5c0f\u5150\u6a21\u578b\" href=\"http:\/\/www.trimunt.co.jp\/?page_id=464\">Series P<\/a><a href=\"http:\/\/www.spanishdict.com\/translate\/pedi%C3%A1trico\">edi\u00e1trico<\/a><a title=\"\u5c0f\u5150\u6a21\u578b\" href=\"http:\/\/www.trimunt.co.jp\/?page_id=464\">s<\/a><\/h3>\n<\/td>\n<\/tr>\n<\/tbody>\n<\/table>\n<\/div>\n<\/td>\n<td>\n<div class=\"example11-wrap\">\n<table class=\"example11-table\" width=\"100%\">\n<tbody>\n<tr>\n<td class=\"bottom-noline\" width=\"100\"><a title=\"Periodontic Series\" href=\"http:\/\/www.trimunt.co.jp\/?page_id=1865\"><img loading=\"lazy\" decoding=\"async\" class=\"alignnone size-full wp-image-1885\" src=\"http:\/\/www.trimunt.co.jp\/wp-content\/uploads\/2015\/03\/per01.jpg\" alt=\"per01\" width=\"100\" height=\"100\" srcset=\"https:\/\/www.trimunt.co.jp\/wp-content\/uploads\/2015\/03\/per01.jpg 200w, https:\/\/www.trimunt.co.jp\/wp-content\/uploads\/2015\/03\/per01-150x150.jpg 150w\" sizes=\"(max-width: 100px) 100vw, 100px\" \/><\/a><\/td>\n<td class=\"right-noline bottom-noline\">\n<h3><a title=\"Periodontic Series\" href=\"http:\/\/www.trimunt.co.jp\/?page_id=1865\">Series Periodontales<\/a><\/h3>\n<\/td>\n<\/tr>\n<\/tbody>\n<\/table>\n<\/div>\n<\/td>\n<\/tr>\n<\/tbody>\n<\/table>\n<p>&nbsp;<\/p>\n<p>&nbsp;<\/p>\n<p><\/p>","protected":false},"excerpt":{"rendered":"<p>&nbsp; Series de Pr\u00f3tesis Series de Dientes Anat\u00f3micas Series Ortodonticas Series de Cirug\u00eda Oral Series Pedi\u00e1tricos Series Periodontales &nbsp; &nbsp;<\/p>\n","protected":false},"author":1,"featured_media":0,"parent":0,"menu_order":20,"comment_status":"closed","ping_status":"closed","template":"","meta":{"jetpack_post_was_ever_published":false,"footnotes":""},"aioseo_notices":[],"jetpack_sharing_enabled":true,"jetpack_shortlink":"https:\/\/wp.me\/P6kiPj-7d","jetpack_likes_enabled":true,"_links":{"self":[{"href":"https:\/\/www.trimunt.co.jp\/es\/wp-json\/wp\/v2\/pages\/447"}],"collection":[{"href":"https:\/\/www.trimunt.co.jp\/es\/wp-json\/wp\/v2\/pages"}],"about":[{"href":"https:\/\/www.trimunt.co.jp\/es\/wp-json\/wp\/v2\/types\/page"}],"author":[{"embeddable":true,"href":"https:\/\/www.trimunt.co.jp\/es\/wp-json\/wp\/v2\/users\/1"}],"replies":[{"embeddable":true,"href":"https:\/\/www.trimunt.co.jp\/es\/wp-json\/wp\/v2\/comments?post=447"}],"version-history":[{"count":13,"href":"https:\/\/www.trimunt.co.jp\/es\/wp-json\/wp\/v2\/pages\/447\/revisions"}],"predecessor-version":[{"id":17585,"href":"https:\/\/www.trimunt.co.jp\/es\/wp-json\/wp\/v2\/pages\/447\/revisions\/17585"}],"wp:attachment":[{"href":"https:\/\/www.trimunt.co.jp\/es\/wp-json\/wp\/v2\/media?parent=447"}],"curies":[{"name":"wp","href":"https:\/\/api.w.org\/{rel}","templated":true}]}}