{"id":456,"date":"2014-12-02T10:01:52","date_gmt":"2014-12-02T01:01:52","guid":{"rendered":"http:\/\/trimunt.atworks-jp.net\/?page_id=456"},"modified":"2020-04-23T19:49:22","modified_gmt":"2020-04-23T10:49:22","slug":"edentulous-jaw","status":"publish","type":"page","link":"https:\/\/www.trimunt.co.jp\/es\/dental-study-models\/prosthetic-series\/edentulous-jaw\/","title":{"rendered":"Mand\u00edbula Desdentada"},"content":{"rendered":"<p><\/p>\n<p>&nbsp;<\/p>\n<div class=\"prod\">\n<table border=\"0\" width=\"100%\" cellspacing=\"0\" cellpadding=\"0\">\n<tbody>\n<tr>\n<th>DN-001-UPLA Modelo Desdentada con Encia Suave con\u00a0Freno y\u00a0Articulador Montable<\/th>\n<\/tr>\n<tr>\n<td>\n<table class=\"none\">\n<tbody>\n<tr>\n<td rowspan=\"2\" width=\"250\"><img loading=\"lazy\" decoding=\"async\" class=\"alignleft wp-image-1655\" src=\"http:\/\/www.trimunt.co.jp\/wp-content\/uploads\/2014\/12\/ej01.jpg\" alt=\"ej01\" width=\"250\" height=\"250\" srcset=\"https:\/\/www.trimunt.co.jp\/wp-content\/uploads\/2014\/12\/ej01.jpg 300w, https:\/\/www.trimunt.co.jp\/wp-content\/uploads\/2014\/12\/ej01-150x150.jpg 150w\" sizes=\"(max-width: 250px) 100vw, 250px\" \/><\/td>\n<td width=\"124\"><img loading=\"lazy\" decoding=\"async\" class=\"alignleft wp-image-1653\" src=\"http:\/\/www.trimunt.co.jp\/wp-content\/uploads\/2014\/12\/ej03-150x150.jpg\" alt=\"ej03\" width=\"124\" height=\"124\" srcset=\"https:\/\/www.trimunt.co.jp\/wp-content\/uploads\/2014\/12\/ej03-150x150.jpg 150w, https:\/\/www.trimunt.co.jp\/wp-content\/uploads\/2014\/12\/ej03.jpg 300w\" sizes=\"(max-width: 124px) 100vw, 124px\" \/><\/td>\n<td rowspan=\"2\"><img loading=\"lazy\" decoding=\"async\" class=\"alignleft wp-image-1652\" src=\"http:\/\/www.trimunt.co.jp\/wp-content\/uploads\/2014\/12\/ej04.jpg\" alt=\"ej04\" width=\"250\" height=\"250\" srcset=\"https:\/\/www.trimunt.co.jp\/wp-content\/uploads\/2014\/12\/ej04.jpg 300w, https:\/\/www.trimunt.co.jp\/wp-content\/uploads\/2014\/12\/ej04-150x150.jpg 150w\" sizes=\"(max-width: 250px) 100vw, 250px\" \/><\/td>\n<\/tr>\n<tr>\n<td><img loading=\"lazy\" decoding=\"async\" class=\"alignleft wp-image-1654\" src=\"http:\/\/www.trimunt.co.jp\/wp-content\/uploads\/2014\/12\/ej02-150x150.jpg\" alt=\"ej02\" width=\"124\" height=\"124\" srcset=\"https:\/\/www.trimunt.co.jp\/wp-content\/uploads\/2014\/12\/ej02-150x150.jpg 150w, https:\/\/www.trimunt.co.jp\/wp-content\/uploads\/2014\/12\/ej02.jpg 300w\" sizes=\"(max-width: 124px) 100vw, 124px\" \/><\/td>\n<\/tr>\n<tr>\n<td colspan=\"3\">\n<h4>Toma de Impresi\u00f3n<\/h4>\n<p>Completamente desdentada con la encia suave teniendo las caracteristicas morfologicas como la muesca pterigomaxilar y la palatina de foveolas g\u00e1stricas, que dan un entrenamiento para indicar la toma de impresi\u00f3n. Tejido de uretano suave que cubre sobre la base de resina dura.<\/p>\n<p>&nbsp;<\/p>\n<\/td>\n<\/tr>\n<tr>\n<td colspan=\"3\">\n<h4>Toma de Mordida<\/h4>\n<p>En combinaci\u00f3n con el borde de cera, utilizando el sistema de ADEM, usted puede practicar c\u00f3mo establecer el plano oclusal y la toma de mordida en posici\u00f3n vertical o\u00a0horizontalmente.<\/p>\n<p>&nbsp;<\/p>\n<\/td>\n<\/tr>\n<\/tbody>\n<\/table>\n<\/td>\n<\/tr>\n<\/tbody>\n<\/table>\n<\/div>\n<p><\/p>","protected":false},"excerpt":{"rendered":"<p>&nbsp; DN-001-UPLA Modelo Desdentada con Encia Suave con\u00a0Freno y\u00a0Articulador Montable Toma de Impresi\u00f3n Completamente desdentada con la encia suave teniendo las caracteristicas morfologicas como la muesca pterigomaxilar y la palatina de foveolas g\u00e1stricas, que dan un entrenamiento para indicar la toma de impresi\u00f3n. Tejido de uretano suave que cubre sobre la base de resina dura. [&hellip;]<\/p>\n","protected":false},"author":1,"featured_media":0,"parent":450,"menu_order":30,"comment_status":"closed","ping_status":"closed","template":"","meta":{"jetpack_post_was_ever_published":false,"footnotes":""},"aioseo_notices":[],"jetpack_sharing_enabled":true,"jetpack_shortlink":"https:\/\/wp.me\/P6kiPj-7m","jetpack_likes_enabled":true,"_links":{"self":[{"href":"https:\/\/www.trimunt.co.jp\/es\/wp-json\/wp\/v2\/pages\/456"}],"collection":[{"href":"https:\/\/www.trimunt.co.jp\/es\/wp-json\/wp\/v2\/pages"}],"about":[{"href":"https:\/\/www.trimunt.co.jp\/es\/wp-json\/wp\/v2\/types\/page"}],"author":[{"embeddable":true,"href":"https:\/\/www.trimunt.co.jp\/es\/wp-json\/wp\/v2\/users\/1"}],"replies":[{"embeddable":true,"href":"https:\/\/www.trimunt.co.jp\/es\/wp-json\/wp\/v2\/comments?post=456"}],"version-history":[{"count":41,"href":"https:\/\/www.trimunt.co.jp\/es\/wp-json\/wp\/v2\/pages\/456\/revisions"}],"predecessor-version":[{"id":17595,"href":"https:\/\/www.trimunt.co.jp\/es\/wp-json\/wp\/v2\/pages\/456\/revisions\/17595"}],"up":[{"embeddable":true,"href":"https:\/\/www.trimunt.co.jp\/es\/wp-json\/wp\/v2\/pages\/450"}],"wp:attachment":[{"href":"https:\/\/www.trimunt.co.jp\/es\/wp-json\/wp\/v2\/media?parent=456"}],"curies":[{"name":"wp","href":"https:\/\/api.w.org\/{rel}","templated":true}]}}