{"id":460,"date":"2014-12-02T10:02:29","date_gmt":"2014-12-02T01:02:29","guid":{"rendered":"http:\/\/trimunt.atworks-jp.net\/?page_id=460"},"modified":"2020-04-23T19:50:20","modified_gmt":"2020-04-23T10:50:20","slug":"orthodontic-series","status":"publish","type":"page","link":"https:\/\/www.trimunt.co.jp\/es\/dental-study-models\/orthodontic-series\/","title":{"rendered":"Series Ortodonticas"},"content":{"rendered":"<p><\/p>\n<p>&nbsp;<\/p>\n<div class=\"prod\">\n<table border=\"0\" width=\"100%\" cellspacing=\"0\" cellpadding=\"0\">\n<tbody>\n<tr>\n<th>ORT-KIT-1 Equipo de Ortodoncia Tipodonto<\/th>\n<\/tr>\n<tr>\n<td>\n<table class=\"none\" style=\"width: 100%;\" border=\"0\" cellspacing=\"0\" cellpadding=\"3\">\n<tbody>\n<tr>\n<td width=\"200\"><img loading=\"lazy\" decoding=\"async\" class=\"alignnone size-full wp-image-1746\" src=\"http:\/\/www.trimunt.co.jp\/wp-content\/uploads\/2014\/12\/ort01.jpg\" alt=\"ort01\" width=\"200\" height=\"200\" srcset=\"https:\/\/www.trimunt.co.jp\/wp-content\/uploads\/2014\/12\/ort01.jpg 200w, https:\/\/www.trimunt.co.jp\/wp-content\/uploads\/2014\/12\/ort01-150x150.jpg 150w\" sizes=\"(max-width: 200px) 100vw, 200px\" \/><\/td>\n<td>\n<table border=\"0\" cellspacing=\"0\" cellpadding=\"0\">\n<tbody>\n<tr>\n<td>Componentes:<\/td>\n<td>ORT-002 Ortodoncia Tipodonto<\/td>\n<\/tr>\n<tr>\n<td><\/td>\n<td>ORT-WAXC1-1 Clase 1\u00a0Formada de Cera<\/td>\n<\/tr>\n<tr>\n<td><\/td>\n<td>SIM-MT Dientes de metal 28 piezas<\/td>\n<\/tr>\n<\/tbody>\n<\/table>\n<p>&nbsp;<\/p>\n<p>El equipo basico consiste de ORT-WAXC1-1 Clase 1 Formada de Cera<\/p>\n<\/td>\n<\/tr>\n<\/tbody>\n<\/table>\n<\/td>\n<\/tr>\n<\/tbody>\n<\/table>\n<\/div>\n<p>&nbsp;<\/p>\n<div class=\"prod\">\n<table border=\"0\" width=\"100%\" cellspacing=\"0\" cellpadding=\"0\">\n<tbody>\n<tr>\n<th>ORT-KIT-3 Equipo de Ortodoncia Tipodonto para la Practica de Implante Mini<\/th>\n<\/tr>\n<tr>\n<td>\n<table class=\"none\" style=\"width: 100%;\" border=\"0\" cellspacing=\"0\" cellpadding=\"3\">\n<tbody>\n<tr>\n<td width=\"200\"><img loading=\"lazy\" decoding=\"async\" class=\"alignnone size-full wp-image-1747\" src=\"http:\/\/www.trimunt.co.jp\/wp-content\/uploads\/2014\/12\/ort02.jpg\" alt=\"ort02\" width=\"200\" height=\"200\" srcset=\"https:\/\/www.trimunt.co.jp\/wp-content\/uploads\/2014\/12\/ort02.jpg 200w, https:\/\/www.trimunt.co.jp\/wp-content\/uploads\/2014\/12\/ort02-150x150.jpg 150w\" sizes=\"(max-width: 200px) 100vw, 200px\" \/><\/td>\n<td colspan=\"2\">\n<table border=\"0\" cellspacing=\"0\" cellpadding=\"0\">\n<tbody>\n<tr>\n<td>Componentes:<\/td>\n<td>ORT-002 Ortodoncia Tipodonto<\/td>\n<\/tr>\n<tr>\n<td><\/td>\n<td>ORT-WAXC1-2 Mini Implante de cera para practica<\/td>\n<\/tr>\n<tr>\n<td><\/td>\n<td>SIM-MT Dientes de metal\u00a028 piezas<\/td>\n<\/tr>\n<tr>\n<td><\/td>\n<td><\/td>\n<\/tr>\n<\/tbody>\n<\/table>\n<\/td>\n<\/tr>\n<tr>\n<td style=\"vertical-align: bottom;\" colspan=\"3\" align=\"center\">\n<table border=\"0\" width=\"100%\" cellspacing=\"0\" cellpadding=\"0\">\n<tbody>\n<tr>\n<td style=\"vertical-align: bottom; text-align: center;\" width=\"50%\">\n<table class=\" aligncenter\" style=\"width: 100%;\" border=\"0\" cellspacing=\"0\" cellpadding=\"0\">\n<tbody>\n<tr>\n<td style=\"text-align: center;\" width=\"328\">\n<p><span style=\"font-size: 8pt;\">Hecho parcialmente de resina dura transparente <\/span><\/p>\n<p><span style=\"font-size: 8pt;\">para la incrustacion del implante mini.<\/span><\/p>\n<\/td>\n<\/tr>\n<tr>\n<td style=\"text-align: center;\"><img loading=\"lazy\" decoding=\"async\" class=\"alignnone wp-image-1743\" src=\"http:\/\/www.trimunt.co.jp\/wp-content\/uploads\/2014\/12\/File52.jpg\" alt=\"File52\" width=\"150\" height=\"132\" \/><\/td>\n<\/tr>\n<tr>\n<td style=\"text-align: center;\">\n<p><span style=\"font-size: 8pt;\">La parte de los dientes anteriores y <\/span><\/p>\n<p><span style=\"font-size: 8pt;\">primeros premolares son de cera suave.<\/span><\/p>\n<\/td>\n<\/tr>\n<\/tbody>\n<\/table>\n<\/td>\n<td style=\"vertical-align: bottom; text-align: center;\">\n<table class=\" aligncenter\" border=\"0\" cellspacing=\"0\" cellpadding=\"0\">\n<tbody>\n<tr>\n<td style=\"vertical-align: bottom;\" colspan=\"3\"><\/td>\n<\/tr>\n<tr>\n<td valign=\"middle\" width=\"150\"><img loading=\"lazy\" decoding=\"async\" class=\"alignnone wp-image-1744\" src=\"http:\/\/www.trimunt.co.jp\/wp-content\/uploads\/2014\/12\/ORT-KIT-3-1.png\" alt=\"ORT-KIT-3-1\" width=\"150\" height=\"111\" srcset=\"https:\/\/www.trimunt.co.jp\/wp-content\/uploads\/2014\/12\/ORT-KIT-3-1.png 408w, https:\/\/www.trimunt.co.jp\/wp-content\/uploads\/2014\/12\/ORT-KIT-3-1-300x222.png 300w\" sizes=\"(max-width: 150px) 100vw, 150px\" \/><\/td>\n<td valign=\"middle\" width=\"25\"><img loading=\"lazy\" decoding=\"async\" class=\"alignnone wp-image-1750\" src=\"http:\/\/www.trimunt.co.jp\/wp-content\/uploads\/2014\/12\/arrow.png\" alt=\"arrow\" width=\"25\" height=\"25\" \/><\/td>\n<td valign=\"middle\" width=\"150\"><img loading=\"lazy\" decoding=\"async\" class=\"alignnone wp-image-1745\" src=\"http:\/\/www.trimunt.co.jp\/wp-content\/uploads\/2014\/12\/ORT-KIT-3-2.png\" alt=\"ORT-KIT-3-2\" width=\"150\" height=\"111\" srcset=\"https:\/\/www.trimunt.co.jp\/wp-content\/uploads\/2014\/12\/ORT-KIT-3-2.png 409w, https:\/\/www.trimunt.co.jp\/wp-content\/uploads\/2014\/12\/ORT-KIT-3-2-300x222.png 300w\" sizes=\"(max-width: 150px) 100vw, 150px\" \/><\/td>\n<\/tr>\n<tr>\n<td colspan=\"3\"><span style=\"font-size: 8pt;\">Incrustacion de mini implante en el medio del superior izquierdo segundo biscupide y primer molar para obtener mejor traccion de los anteriores con el anclaje del mini implante.<\/span><\/td>\n<\/tr>\n<\/tbody>\n<\/table>\n<\/td>\n<\/tr>\n<\/tbody>\n<\/table>\n<\/td>\n<\/tr>\n<\/tbody>\n<\/table>\n<\/td>\n<\/tr>\n<\/tbody>\n<\/table>\n<\/div>\n<p>&nbsp;<\/p>\n<hr class=\"style-two\" \/>\n<p>&nbsp;<\/p>\n<div class=\"example11-wrap\">\n<table border=\"0\" width=\"100%\" cellspacing=\"0\" cellpadding=\"0\">\n<tbody>\n<tr>\n<td width=\"200\"><img loading=\"lazy\" decoding=\"async\" class=\"alignnone size-full wp-image-1777\" src=\"http:\/\/www.trimunt.co.jp\/wp-content\/uploads\/2014\/12\/ort03.jpg\" alt=\"ort03\" width=\"200\" height=\"200\" srcset=\"https:\/\/www.trimunt.co.jp\/wp-content\/uploads\/2014\/12\/ort03.jpg 200w, https:\/\/www.trimunt.co.jp\/wp-content\/uploads\/2014\/12\/ort03-150x150.jpg 150w\" sizes=\"(max-width: 200px) 100vw, 200px\" \/><\/td>\n<td>\n<h4>ORT-002 Ortodoncia Tipodonto<\/h4>\n<p>Funci\u00f3n simple pero amplio para cualquier tipo de formaci\u00f3n ortod\u00f3ncica. Miembro superior es f\u00e1cilmente ajustable para el movimiento protrusivo y lateral. Viene con montaje en articulador semiajustable.<\/p>\n<\/td>\n<\/tr>\n<\/tbody>\n<\/table>\n<\/div>\n<p>&nbsp;<\/p>\n<div class=\"example11-wrap\">\n<table border=\"0\" width=\"100%\" cellspacing=\"0\" cellpadding=\"0\">\n<tbody>\n<tr>\n<td width=\"200\"><img loading=\"lazy\" decoding=\"async\" class=\"alignnone size-full wp-image-1778\" src=\"http:\/\/www.trimunt.co.jp\/wp-content\/uploads\/2014\/12\/ort04.jpg\" alt=\"ort04\" width=\"200\" height=\"200\" srcset=\"https:\/\/www.trimunt.co.jp\/wp-content\/uploads\/2014\/12\/ort04.jpg 200w, https:\/\/www.trimunt.co.jp\/wp-content\/uploads\/2014\/12\/ort04-150x150.jpg 150w\" sizes=\"(max-width: 200px) 100vw, 200px\" \/><\/td>\n<td>\n<h4>ORT-WAXC1-1 Forma de Clase 1 de Cera<\/h4>\n<p>Cada tipo de Forma de Cera incluyendo su arco ideal esta disponible. Las formas de cera hecha a orden estan disponibles desde cierta cantidad.<\/p>\n<\/td>\n<\/tr>\n<\/tbody>\n<\/table>\n<\/div>\n<p>&nbsp;<\/p>\n<div class=\"example11-wrap\">\n<table border=\"0\" width=\"100%\" cellspacing=\"0\" cellpadding=\"0\">\n<tbody>\n<tr>\n<td width=\"200\"><img loading=\"lazy\" decoding=\"async\" class=\"alignnone size-full wp-image-1779\" src=\"http:\/\/www.trimunt.co.jp\/wp-content\/uploads\/2014\/12\/ort05.jpg\" alt=\"ort05\" width=\"200\" height=\"356\" srcset=\"https:\/\/www.trimunt.co.jp\/wp-content\/uploads\/2014\/12\/ort05.jpg 200w, https:\/\/www.trimunt.co.jp\/wp-content\/uploads\/2014\/12\/ort05-169x300.jpg 169w\" sizes=\"(max-width: 200px) 100vw, 200px\" \/><\/td>\n<td>\n<h4>SIM-MT juego<\/h4>\n<p>Dientes metalicos de ortodoncia arraigados anatomicamente en dos colores<\/p>\n<p>Cada diente arraigado de metal con la corona de resina blanca,\u00a0tiene su superficie bucal con las hendiduras concavas para tener mejor fuerza en las uniones de soportes de los brackets.<\/p>\n<\/td>\n<\/tr>\n<\/tbody>\n<\/table>\n<\/div>\n<p>&nbsp;<\/p>\n<div class=\"example11-wrap\">\n<table border=\"0\" width=\"100%\" cellspacing=\"0\" cellpadding=\"0\">\n<tbody>\n<tr>\n<td width=\"200\"><img loading=\"lazy\" decoding=\"async\" class=\"alignnone size-full wp-image-1781\" src=\"http:\/\/www.trimunt.co.jp\/wp-content\/uploads\/2014\/12\/ort06.jpg\" alt=\"ort06\" width=\"200\" height=\"200\" srcset=\"https:\/\/www.trimunt.co.jp\/wp-content\/uploads\/2014\/12\/ort06.jpg 200w, https:\/\/www.trimunt.co.jp\/wp-content\/uploads\/2014\/12\/ort06-150x150.jpg 150w\" sizes=\"(max-width: 200px) 100vw, 200px\" \/><\/td>\n<td>\n<h4>STD28F-UP\/BKLA Modelo de Demostracion ortodontica para soporte de Dientes<\/h4>\n<p>28 dientes atornillados con encia suave<br \/> Este viene con su Articulador de poste de montaje<\/p>\n<p> Herramienta adecuada para la practica ortodontica en la oficina o estudio personal. Los brackets y alambres vienen previamente con el juego.<\/p>\n<p>La cubierta oral es opcional.<br \/>Entrenamiento\u00a0para la ligadura, cepillado,\u00a0hilo dental\u00a0y estudio de\u00a0higiene bucal bajo tratamientos de ortodoncia.<\/p>\n<\/td>\n<\/tr>\n<\/tbody>\n<\/table>\n<\/div>\n<p>&nbsp;<\/p>\n<hr class=\"style-two\" \/>\n<p>&nbsp;<\/p>\n<div class=\"example11-wrap\">\n<table border=\"0\" width=\"100%\" cellspacing=\"0\" cellpadding=\"0\">\n<tbody>\n<tr>\n<td width=\"200\"><img loading=\"lazy\" decoding=\"async\" class=\"alignnone size-full wp-image-1783\" src=\"http:\/\/www.trimunt.co.jp\/wp-content\/uploads\/2014\/12\/ort07.jpg\" alt=\"ort07\" width=\"200\" height=\"200\" srcset=\"https:\/\/www.trimunt.co.jp\/wp-content\/uploads\/2014\/12\/ort07.jpg 200w, https:\/\/www.trimunt.co.jp\/wp-content\/uploads\/2014\/12\/ort07-150x150.jpg 150w\" sizes=\"(max-width: 200px) 100vw, 200px\" \/><\/td>\n<td rowspan=\"2\">\n<h2>Servicio de Aparatolog\u00eda fija(frenos, Brackets)<\/h2>\n<p>Cualquier tipo de Brackets pueden ser aplicados al pedido.<\/p>\n<p> Una herramienta eficaz para la demostracion o educacion al paciente. <br \/>Modelo pr\u00e1ctico para la pr\u00e1ctica de doblar el alambre y la\u00a0t\u00e9cnica de las ligas de goma.<br \/> Podemos engrabar el logo o las iniciales o cualquier mensaje en el modelo si nos envias el trabajo de arte.<br \/>\u00a0<br \/> Nosotros aceptamos pedidos especiales enviandonos sus aparatos originales de ortodoncia y asesoramos el estado oclusal como normal o clase 1 etc.\u00a0<br \/>\u00a0<br \/> Para mas informacion, por favor de contactarnos<\/p>\n<table class=\" aligncenter\" style=\"width: 100%;\" border=\"0\" align=\"center\">\n<tbody>\n<tr>\n<td style=\"vertical-align: bottom; text-align: center;\" width=\"33%\"><img loading=\"lazy\" decoding=\"async\" class=\"alignnone wp-image-1785 size-thumbnail\" src=\"http:\/\/www.trimunt.co.jp\/wp-content\/uploads\/2014\/12\/ort09-150x150.jpg\" alt=\"ort09\" width=\"150\" height=\"150\" srcset=\"https:\/\/www.trimunt.co.jp\/wp-content\/uploads\/2014\/12\/ort09-150x150.jpg 150w, https:\/\/www.trimunt.co.jp\/wp-content\/uploads\/2014\/12\/ort09.jpg 200w\" sizes=\"(max-width: 150px) 100vw, 150px\" \/><\/td>\n<td style=\"vertical-align: bottom; text-align: center;\" width=\"33%\"><img loading=\"lazy\" decoding=\"async\" class=\"alignnone wp-image-1786\" src=\"http:\/\/www.trimunt.co.jp\/wp-content\/uploads\/2014\/12\/ort10-186x300.jpg\" alt=\"ort10\" width=\"150\" height=\"242\" srcset=\"https:\/\/www.trimunt.co.jp\/wp-content\/uploads\/2014\/12\/ort10-186x300.jpg 186w, https:\/\/www.trimunt.co.jp\/wp-content\/uploads\/2014\/12\/ort10.jpg 200w\" sizes=\"(max-width: 150px) 100vw, 150px\" \/><\/td>\n<td style=\"vertical-align: bottom; text-align: center;\" width=\"33%\"><img loading=\"lazy\" decoding=\"async\" class=\"alignnone wp-image-1784 size-thumbnail\" src=\"http:\/\/www.trimunt.co.jp\/wp-content\/uploads\/2014\/12\/ort08-150x150.jpg\" alt=\"ort08\" width=\"150\" height=\"150\" srcset=\"https:\/\/www.trimunt.co.jp\/wp-content\/uploads\/2014\/12\/ort08-150x150.jpg 150w, https:\/\/www.trimunt.co.jp\/wp-content\/uploads\/2014\/12\/ort08.jpg 200w\" sizes=\"(max-width: 150px) 100vw, 150px\" \/><\/td>\n<\/tr>\n<tr>\n<td style=\"text-align: center;\">\n<p><span style=\"font-size: 8pt;\">Aplicar cada bracket transparente a la superficie de los dientes del arco ideal<\/span><\/p>\n<\/td>\n<td style=\"text-align: center;\">\n<p><span style=\"font-size: 8pt;\">Aplicar los brackets linguales al modelo<\/span><\/p>\n<\/td>\n<td style=\"text-align: center;\">\n<p><span style=\"font-size: 8pt;\">Aplicar cada bracket metalico y los alambres a la superficie del modelo de maloclusion<\/span><\/p>\n<\/td>\n<\/tr>\n<\/tbody>\n<\/table>\n<\/td>\n<\/tr>\n<tr>\n<td style=\"text-align: center;\"><a class=\"button hvr-rectangle-out\" title=\"Contact US\" href=\"http:\/\/www.trimunt.co.jp\/?page_id=17\">Contactarnos<\/a><\/td>\n<\/tr>\n<\/tbody>\n<\/table>\n<\/div>\n<p>&nbsp;<\/p>\n<p><\/p>","protected":false},"excerpt":{"rendered":"<p>&nbsp; ORT-KIT-1 Equipo de Ortodoncia Tipodonto Componentes: ORT-002 Ortodoncia Tipodonto ORT-WAXC1-1 Clase 1\u00a0Formada de Cera SIM-MT Dientes de metal 28 piezas &nbsp; El equipo basico consiste de ORT-WAXC1-1 Clase 1 Formada de Cera &nbsp; ORT-KIT-3 Equipo de Ortodoncia Tipodonto para la Practica de Implante Mini Componentes: ORT-002 Ortodoncia Tipodonto ORT-WAXC1-2 Mini Implante de cera para [&hellip;]<\/p>\n","protected":false},"author":1,"featured_media":0,"parent":447,"menu_order":30,"comment_status":"closed","ping_status":"closed","template":"","meta":{"jetpack_post_was_ever_published":false,"footnotes":""},"aioseo_notices":[],"jetpack_sharing_enabled":true,"jetpack_shortlink":"https:\/\/wp.me\/P6kiPj-7q","jetpack_likes_enabled":true,"_links":{"self":[{"href":"https:\/\/www.trimunt.co.jp\/es\/wp-json\/wp\/v2\/pages\/460"}],"collection":[{"href":"https:\/\/www.trimunt.co.jp\/es\/wp-json\/wp\/v2\/pages"}],"about":[{"href":"https:\/\/www.trimunt.co.jp\/es\/wp-json\/wp\/v2\/types\/page"}],"author":[{"embeddable":true,"href":"https:\/\/www.trimunt.co.jp\/es\/wp-json\/wp\/v2\/users\/1"}],"replies":[{"embeddable":true,"href":"https:\/\/www.trimunt.co.jp\/es\/wp-json\/wp\/v2\/comments?post=460"}],"version-history":[{"count":69,"href":"https:\/\/www.trimunt.co.jp\/es\/wp-json\/wp\/v2\/pages\/460\/revisions"}],"predecessor-version":[{"id":17601,"href":"https:\/\/www.trimunt.co.jp\/es\/wp-json\/wp\/v2\/pages\/460\/revisions\/17601"}],"up":[{"embeddable":true,"href":"https:\/\/www.trimunt.co.jp\/es\/wp-json\/wp\/v2\/pages\/447"}],"wp:attachment":[{"href":"https:\/\/www.trimunt.co.jp\/es\/wp-json\/wp\/v2\/media?parent=460"}],"curies":[{"name":"wp","href":"https:\/\/api.w.org\/{rel}","templated":true}]}}