{"id":462,"date":"2014-12-02T10:02:45","date_gmt":"2014-12-02T01:02:45","guid":{"rendered":"http:\/\/trimunt.atworks-jp.net\/?page_id=462"},"modified":"2020-04-23T19:50:29","modified_gmt":"2020-04-23T10:50:29","slug":"oral-surgery-series","status":"publish","type":"page","link":"https:\/\/www.trimunt.co.jp\/es\/dental-study-models\/oral-surgery-series\/","title":{"rendered":"Series de Cirug\u00eda Oral"},"content":{"rendered":"<p><\/p>\n<p>&nbsp;<\/p>\n<div class=\"prod\">\n<table border=\"0\" width=\"100%\" cellspacing=\"0\" cellpadding=\"0\">\n<tbody>\n<tr>\n<th>OSI-001 Ope-Trainer(entrenador de cirugia)\u00a0para la Incision y Sutura<\/th>\n<\/tr>\n<tr>\n<td>\n<table class=\"none\" style=\"width: 100%;\" border=\"0\" cellspacing=\"0\" cellpadding=\"3\">\n<tbody>\n<tr>\n<td rowspan=\"2\" width=\"200\"><img loading=\"lazy\" decoding=\"async\" class=\"alignnone wp-image-1613 size-full\" src=\"http:\/\/www.trimunt.co.jp\/wp-content\/uploads\/2014\/12\/imp011.jpg\" alt=\"\" width=\"200\" height=\"200\" srcset=\"https:\/\/www.trimunt.co.jp\/wp-content\/uploads\/2014\/12\/imp011.jpg 200w, https:\/\/www.trimunt.co.jp\/wp-content\/uploads\/2014\/12\/imp011-150x150.jpg 150w\" sizes=\"(max-width: 200px) 100vw, 200px\" \/><\/td>\n<td colspan=\"2\">\n<p>El Ope-Trainer fue desarrollado para\u00a0obtener la experiencia, sensacion y la tecnica de las\u00a0incisiones y suturas. Hecha de tres capas, representando la encia, periostio y el hueso alveolar. La base es transparente para evaluar los resultados despues de cada practica.<\/p>\n<\/td>\n<\/tr>\n<tr>\n<td width=\"150\"><img loading=\"lazy\" decoding=\"async\" class=\"alignnone wp-image-1614\" src=\"http:\/\/www.trimunt.co.jp\/wp-content\/uploads\/2014\/12\/imp012-150x150.jpg\" alt=\"imp012\" width=\"150\" height=\"150\" srcset=\"https:\/\/www.trimunt.co.jp\/wp-content\/uploads\/2014\/12\/imp012-150x150.jpg 150w, https:\/\/www.trimunt.co.jp\/wp-content\/uploads\/2014\/12\/imp012.jpg 200w\" sizes=\"(max-width: 150px) 100vw, 150px\" \/><\/td>\n<td><img loading=\"lazy\" decoding=\"async\" class=\"alignnone wp-image-1612 size-thumbnail\" src=\"http:\/\/www.trimunt.co.jp\/wp-content\/uploads\/2014\/12\/imp010-150x150.jpg\" alt=\"imp010\" width=\"150\" height=\"150\" srcset=\"https:\/\/www.trimunt.co.jp\/wp-content\/uploads\/2014\/12\/imp010-150x150.jpg 150w, https:\/\/www.trimunt.co.jp\/wp-content\/uploads\/2014\/12\/imp010.jpg 200w\" sizes=\"(max-width: 150px) 100vw, 150px\" \/><\/td>\n<\/tr>\n<\/tbody>\n<\/table>\n<\/td>\n<\/tr>\n<\/tbody>\n<\/table>\n<\/div>\n<p>&nbsp;<\/p>\n<div class=\"prod\">\n<table border=\"0\" width=\"100%\" cellspacing=\"0\" cellpadding=\"0\">\n<tbody>\n<tr>\n<th>\n<p>OSI30F-LA002 Modelo de Mandibula para Cirugia Oral<\/p>\n<\/th>\n<\/tr>\n<tr>\n<td>\n<table class=\"none\" style=\"width: 100%;\" border=\"0\" cellspacing=\"0\" cellpadding=\"3\">\n<tbody>\n<tr>\n<td rowspan=\"3\" width=\"200\"><img loading=\"lazy\" decoding=\"async\" class=\"alignnone size-full wp-image-1821\" src=\"http:\/\/www.trimunt.co.jp\/wp-content\/uploads\/2014\/12\/osi01.jpg\" alt=\"osi01\" width=\"200\" height=\"200\" srcset=\"https:\/\/www.trimunt.co.jp\/wp-content\/uploads\/2014\/12\/osi01.jpg 200w, https:\/\/www.trimunt.co.jp\/wp-content\/uploads\/2014\/12\/osi01-150x150.jpg 150w\" sizes=\"(max-width: 200px) 100vw, 200px\" \/><\/td>\n<td colspan=\"2\">\n<p>Para la pr\u00e1ctica de varios procedimientos quir\u00fargicos orales.<\/p>\n<p>Los dientes estan fijos y con un material suave que representa el ligamento periodontal.<\/p>\n<\/td>\n<\/tr>\n<tr>\n<td colspan=\"2\">\n<table border=\"0\" width=\"100%\" cellspacing=\"0\" cellpadding=\"0\">\n<tbody>\n<tr>\n<td width=\"33%\">\u00a0<img loading=\"lazy\" decoding=\"async\" class=\"alignnone wp-image-1818\" src=\"http:\/\/www.trimunt.co.jp\/wp-content\/uploads\/2014\/12\/osi01-1-150x150.jpg\" alt=\"osi01-1\" width=\"125\" height=\"125\" srcset=\"https:\/\/www.trimunt.co.jp\/wp-content\/uploads\/2014\/12\/osi01-1-150x150.jpg 150w, https:\/\/www.trimunt.co.jp\/wp-content\/uploads\/2014\/12\/osi01-1.jpg 200w\" sizes=\"(max-width: 125px) 100vw, 125px\" \/><\/td>\n<td width=\"33%\">\u00a0<img loading=\"lazy\" decoding=\"async\" class=\"alignnone wp-image-1820\" src=\"http:\/\/www.trimunt.co.jp\/wp-content\/uploads\/2014\/12\/osi01-3-150x150.jpg\" alt=\"osi01-3\" width=\"125\" height=\"125\" srcset=\"https:\/\/www.trimunt.co.jp\/wp-content\/uploads\/2014\/12\/osi01-3-150x150.jpg 150w, https:\/\/www.trimunt.co.jp\/wp-content\/uploads\/2014\/12\/osi01-3.jpg 200w\" sizes=\"(max-width: 125px) 100vw, 125px\" \/><\/td>\n<td width=\"33%\">\u00a0<img loading=\"lazy\" decoding=\"async\" class=\"alignnone wp-image-1819\" src=\"http:\/\/www.trimunt.co.jp\/wp-content\/uploads\/2014\/12\/osi01-2-150x150.jpg\" alt=\"osi01-2\" width=\"125\" height=\"125\" srcset=\"https:\/\/www.trimunt.co.jp\/wp-content\/uploads\/2014\/12\/osi01-2-150x150.jpg 150w, https:\/\/www.trimunt.co.jp\/wp-content\/uploads\/2014\/12\/osi01-2.jpg 200w\" sizes=\"(max-width: 125px) 100vw, 125px\" \/><\/td>\n<\/tr>\n<tr>\n<td>\n<ul>\n<li><span style=\"font-size: 8pt;\"><strong>Retiro de Pus<\/strong><br \/>La enc\u00eda\u00a0esta inflamada en el lado lateral derecho inferior con una ampolla de pus. Este viene proporcionado con un\u00a0l\u00edquido para la pr\u00e1ctica de drenaje y para quiter el pus.<\/span><\/li>\n<\/ul>\n<\/td>\n<td>\n<ul>\n<li><span style=\"font-size: 8pt;\"><strong>Extracci\u00f3n de muela de juicio impactada<\/strong><br \/> <\/span><span style=\"font-size: 8pt;\">#38 La muela de juicio esta incrustada horizontalmente para pr\u00e1cticar el extractamiento del hueso, corona o division de la raiz y extirpaci\u00f3n.<\/span><\/li>\n<\/ul>\n<p><span style=\"font-size: 8pt;\">\u00a0<\/span><\/p>\n<\/td>\n<td>\n<ul>\n<li><span style=\"font-size: 8pt;\"><strong>Extractamiento dificil de diente<\/strong><br \/> <\/span><span style=\"font-size: 8pt;\">#48\u00a0Para pr\u00e1ctica de la incisi\u00f3n gingival, descamaci\u00f3n, luxaci\u00f3n del diente, el legrado y sutura.<\/span><\/li>\n<\/ul>\n<p><span style=\"font-size: 8pt;\">\u00a0<\/span><\/p>\n<\/td>\n<\/tr>\n<\/tbody>\n<\/table>\n<\/td>\n<\/tr>\n<tr>\n<td width=\"150\"><\/td>\n<td><\/td>\n<\/tr>\n<\/tbody>\n<\/table>\n<\/td>\n<\/tr>\n<\/tbody>\n<\/table>\n<\/div>\n<p>&nbsp;<\/p>\n<div class=\"prod\">\n<table border=\"0\" width=\"100%\" cellspacing=\"0\" cellpadding=\"0\">\n<tbody>\n<tr>\n<th>\n<p>OSI28F-LA003 Modelo para Anestesia de Mandibula<\/p>\n<\/th>\n<\/tr>\n<tr>\n<td>\n<table class=\"none\" style=\"width: 100%;\" border=\"0\" cellspacing=\"0\" cellpadding=\"3\">\n<tbody>\n<tr>\n<td rowspan=\"2\" width=\"200\"><img loading=\"lazy\" decoding=\"async\" class=\"alignnone size-full wp-image-1822\" src=\"http:\/\/www.trimunt.co.jp\/wp-content\/uploads\/2014\/12\/osi02.jpg\" alt=\"osi02\" width=\"200\" height=\"200\" srcset=\"https:\/\/www.trimunt.co.jp\/wp-content\/uploads\/2014\/12\/osi02.jpg 200w, https:\/\/www.trimunt.co.jp\/wp-content\/uploads\/2014\/12\/osi02-150x150.jpg 150w\" sizes=\"(max-width: 200px) 100vw, 200px\" \/><\/td>\n<td colspan=\"2\">\n<p>Para practicar la infiltracion de anestesia. <br \/> Con encia suave para entrenamiento repetitivo.<\/p>\n<\/td>\n<\/tr>\n<tr>\n<td width=\"150\"><\/td>\n<td><\/td>\n<\/tr>\n<\/tbody>\n<\/table>\n<\/td>\n<\/tr>\n<\/tbody>\n<\/table>\n<\/div>\n<p>&nbsp;<\/p>\n<p><\/p>","protected":false},"excerpt":{"rendered":"<p>&nbsp; OSI-001 Ope-Trainer(entrenador de cirugia)\u00a0para la Incision y Sutura El Ope-Trainer fue desarrollado para\u00a0obtener la experiencia, sensacion y la tecnica de las\u00a0incisiones y suturas. Hecha de tres capas, representando la encia, periostio y el hueso alveolar. La base es transparente para evaluar los resultados despues de cada practica. &nbsp; OSI30F-LA002 Modelo de Mandibula para Cirugia [&hellip;]<\/p>\n","protected":false},"author":1,"featured_media":0,"parent":447,"menu_order":40,"comment_status":"closed","ping_status":"closed","template":"","meta":{"jetpack_post_was_ever_published":false,"footnotes":""},"aioseo_notices":[],"jetpack_sharing_enabled":true,"jetpack_shortlink":"https:\/\/wp.me\/P6kiPj-7s","jetpack_likes_enabled":true,"_links":{"self":[{"href":"https:\/\/www.trimunt.co.jp\/es\/wp-json\/wp\/v2\/pages\/462"}],"collection":[{"href":"https:\/\/www.trimunt.co.jp\/es\/wp-json\/wp\/v2\/pages"}],"about":[{"href":"https:\/\/www.trimunt.co.jp\/es\/wp-json\/wp\/v2\/types\/page"}],"author":[{"embeddable":true,"href":"https:\/\/www.trimunt.co.jp\/es\/wp-json\/wp\/v2\/users\/1"}],"replies":[{"embeddable":true,"href":"https:\/\/www.trimunt.co.jp\/es\/wp-json\/wp\/v2\/comments?post=462"}],"version-history":[{"count":29,"href":"https:\/\/www.trimunt.co.jp\/es\/wp-json\/wp\/v2\/pages\/462\/revisions"}],"predecessor-version":[{"id":17602,"href":"https:\/\/www.trimunt.co.jp\/es\/wp-json\/wp\/v2\/pages\/462\/revisions\/17602"}],"up":[{"embeddable":true,"href":"https:\/\/www.trimunt.co.jp\/es\/wp-json\/wp\/v2\/pages\/447"}],"wp:attachment":[{"href":"https:\/\/www.trimunt.co.jp\/es\/wp-json\/wp\/v2\/media?parent=462"}],"curies":[{"name":"wp","href":"https:\/\/api.w.org\/{rel}","templated":true}]}}