{"id":466,"date":"2014-12-02T10:06:06","date_gmt":"2014-12-02T01:06:06","guid":{"rendered":"http:\/\/trimunt.atworks-jp.net\/?page_id=466"},"modified":"2023-11-08T13:45:57","modified_gmt":"2023-11-08T04:45:57","slug":"dental-education-models","status":"publish","type":"page","link":"https:\/\/www.trimunt.co.jp\/es\/dental-education-models\/","title":{"rendered":"Modelos para la educacion del Paciente"},"content":{"rendered":"<p><\/p>\n<table width=\"100%\">\n<tbody>\n<tr>\n<td width=\"50%\">\n<div class=\"example11-wrap\">\n<table class=\"example11-table\" width=\"100%\">\n<tbody>\n<tr>\n<td class=\"bottom-noline\" width=\"100\"><a title=\"Orthodontic Models\" href=\"http:\/\/www.trimunt.co.jp\/?page_id=468\"><img loading=\"lazy\" decoding=\"async\" class=\"alignleft size-full wp-image-1127\" src=\"http:\/\/www.trimunt.co.jp\/wp-content\/uploads\/2014\/12\/deort_001.jpg\" alt=\"deort_001\" width=\"100\" height=\"100\" srcset=\"https:\/\/www.trimunt.co.jp\/wp-content\/uploads\/2014\/12\/deort_001.jpg 230w, https:\/\/www.trimunt.co.jp\/wp-content\/uploads\/2014\/12\/deort_001-150x150.jpg 150w\" sizes=\"(max-width: 100px) 100vw, 100px\" \/><\/a><\/td>\n<td class=\"right-noline bottom-noline\">\n<h3><a title=\"Orthodontic Models\" href=\"http:\/\/www.trimunt.co.jp\/?page_id=468\">Modelos de Ortodoncia<\/a><\/h3>\n<p>Herramienta ideal para la educaci\u00f3n y\u00a0consulta a los pacientes. Oportuno para ver y tocar su caso de maloclusi\u00f3n por observaci\u00f3n estereosc\u00f3pica.<\/td>\n<\/tr>\n<\/tbody>\n<\/table>\n<\/div>\n<\/td>\n<td width=\"50%\">\n<div class=\"example11-wrap\">\n<table class=\"example11-table\" width=\"100%\">\n<tbody>\n<tr>\n<td class=\"bottom-noline\" width=\"100\"><a title=\"Malocculusion Models\" href=\"http:\/\/www.trimunt.co.jp\/?page_id=470\"><img loading=\"lazy\" decoding=\"async\" class=\"alignleft wp-image-1137 size-full\" src=\"http:\/\/www.trimunt.co.jp\/wp-content\/uploads\/2014\/12\/demal_002.jpg\" alt=\"demal_002\" width=\"100\" height=\"100\" srcset=\"https:\/\/www.trimunt.co.jp\/wp-content\/uploads\/2014\/12\/demal_002.jpg 230w, https:\/\/www.trimunt.co.jp\/wp-content\/uploads\/2014\/12\/demal_002-150x150.jpg 150w\" sizes=\"(max-width: 100px) 100vw, 100px\" \/><\/a><\/td>\n<td class=\"right-noline bottom-noline\">\n<h3><a title=\"Malocculusion Models\" href=\"http:\/\/www.trimunt.co.jp\/?page_id=470\">Modelos de Maloclusi\u00f3n<\/a><\/h3>\n<p>Modelos de\u00a0maloclusi\u00f3n de dos tonos con articulador de plastico demostrando todos los tipos de clases de maloclusi\u00f3n. Los modelos est\u00e1n disponibles individualmente.<\/td>\n<\/tr>\n<\/tbody>\n<\/table>\n<\/div>\n<\/td>\n<\/tr>\n<tr>\n<td>\n<div class=\"example11-wrap\">\n<table class=\"example11-table\" width=\"100%\">\n<tbody>\n<tr>\n<td class=\"bottom-noline\" width=\"100\"><img loading=\"lazy\" decoding=\"async\" class=\"wp-image-1184 size-full alignleft\" src=\"https:\/\/www.trimunt.co.jp\/wp-content\/uploads\/2014\/12\/deper_004_r2_c2.jpg\" alt=\"\" width=\"230\" height=\"230\" srcset=\"https:\/\/www.trimunt.co.jp\/wp-content\/uploads\/2014\/12\/deper_004_r2_c2.jpg 230w, https:\/\/www.trimunt.co.jp\/wp-content\/uploads\/2014\/12\/deper_004_r2_c2-150x150.jpg 150w\" sizes=\"(max-width: 230px) 100vw, 230px\" \/><\/td>\n<td class=\"right-noline bottom-noline\">\n<h3><a title=\"Periodontal Disease Model\" href=\"http:\/\/www.trimunt.co.jp\/?page_id=472\">Series de Enfermedades de Periodoncia<\/a><\/h3>\n<\/td>\n<\/tr>\n<\/tbody>\n<\/table>\n<\/div>\n<\/td>\n<td>\n<div class=\"example11-wrap\">\n<table class=\"example11-table\" width=\"100%\">\n<tbody>\n<tr>\n<td class=\"bottom-noline\" width=\"100\"><a title=\"C&amp;B Models\" href=\"http:\/\/www.trimunt.co.jp\/?page_id=476\"><img loading=\"lazy\" decoding=\"async\" class=\"alignleft wp-image-956 size-full\" title=\"C&amp;B Models\" src=\"http:\/\/www.trimunt.co.jp\/wp-content\/uploads\/2014\/12\/decb_001_r2_c2.jpg\" alt=\"decb_001_r2_c2\" width=\"100\" height=\"100\" srcset=\"https:\/\/www.trimunt.co.jp\/wp-content\/uploads\/2014\/12\/decb_001_r2_c2.jpg 230w, https:\/\/www.trimunt.co.jp\/wp-content\/uploads\/2014\/12\/decb_001_r2_c2-150x150.jpg 150w\" sizes=\"(max-width: 100px) 100vw, 100px\" \/><\/a><\/td>\n<td class=\"right-noline bottom-noline\">\n<h3><a title=\"C&amp;B Models\" href=\"http:\/\/www.trimunt.co.jp\/?page_id=476\">Modelos C&amp;B<\/a><\/h3>\n<\/td>\n<\/tr>\n<\/tbody>\n<\/table>\n<\/div>\n<\/td>\n<\/tr>\n<tr>\n<td>\n<div class=\"example11-wrap\">\n<table class=\"example11-table\" width=\"100%\">\n<tbody>\n<tr>\n<td class=\"bottom-noline\" width=\"100\"><a title=\"Anatomical Models\" href=\"http:\/\/www.trimunt.co.jp\/?page_id=478\"><img loading=\"lazy\" decoding=\"async\" class=\"alignleft wp-image-1035 size-full\" title=\"Anatomical Models\" src=\"http:\/\/www.trimunt.co.jp\/wp-content\/uploads\/2014\/12\/ANA28F-LA001-01.png\" alt=\"ANA28F-LA001-01\" width=\"100\" height=\"100\" srcset=\"https:\/\/www.trimunt.co.jp\/wp-content\/uploads\/2014\/12\/ANA28F-LA001-01.png 230w, https:\/\/www.trimunt.co.jp\/wp-content\/uploads\/2014\/12\/ANA28F-LA001-01-150x150.png 150w\" sizes=\"(max-width: 100px) 100vw, 100px\" \/><\/a><\/td>\n<td class=\"right-noline bottom-noline\">\n<h3><a title=\"Anatomical Models\" href=\"http:\/\/www.trimunt.co.jp\/?page_id=478\">Modelos de Anatonomia<\/a><\/h3>\n<\/td>\n<\/tr>\n<\/tbody>\n<\/table>\n<\/div>\n<\/td>\n<td>\n<div class=\"example11-wrap\">\n<table class=\"example11-table\" width=\"100%\">\n<tbody>\n<tr>\n<td class=\"bottom-noline\" width=\"100\"><a title=\"Denture Models\" href=\"http:\/\/www.trimunt.co.jp\/?page_id=474\"><img loading=\"lazy\" decoding=\"async\" class=\"alignleft wp-image-1082 size-full\" title=\"Denture Models\" src=\"http:\/\/www.trimunt.co.jp\/wp-content\/uploads\/2014\/12\/deden_001_r2_c2.jpg\" alt=\"deden_001_r2_c2\" width=\"100\" height=\"100\" srcset=\"https:\/\/www.trimunt.co.jp\/wp-content\/uploads\/2014\/12\/deden_001_r2_c2.jpg 230w, https:\/\/www.trimunt.co.jp\/wp-content\/uploads\/2014\/12\/deden_001_r2_c2-150x150.jpg 150w\" sizes=\"(max-width: 100px) 100vw, 100px\" \/><\/a><\/td>\n<td class=\"right-noline bottom-noline\">\n<h3><a title=\"Denture Models\" href=\"http:\/\/www.trimunt.co.jp\/?page_id=474\">Modelos de Dentura<\/a><\/h3>\n<\/td>\n<\/tr>\n<\/tbody>\n<\/table>\n<\/div>\n<p><!--\n\n<div class=\"example11-wrap\">\n\n\n<table class=\"example11-table\" width=\"100%\">\n\n\n<tbody>\n\n\n<tr>\n\n\n<td class=\"bottom-noline\" width=\"100\"><a title=\"Atrophied Ridges Demonstration Models\" href=\"http:\/\/www.trimunt.co.jp\/?page_id=480\"><img loading=\"lazy\" decoding=\"async\" class=\"alignleft wp-image-1069 size-thumbnail\" src=\"http:\/\/www.trimunt.co.jp\/wp-content\/uploads\/2014\/12\/deana_003-e1428379991144-150x150.jpg\" alt=\"deana_003\" width=\"101\" height=\"100\" \/><\/a><\/td>\n\n\n\n\n<td class=\"right-noline bottom-noline\">\n\n\n<h3><a title=\"Atrophied Ridges Demonstration Models\" href=\"http:\/\/www.trimunt.co.jp\/?page_id=480\">Demostraci\u00f3n de Modelos de Crestas Atrofiadas<\/a><\/h3>\n\n\nJuego de 4 demostrando\u00a0el avance de la perdida del hueso.<\/td>\n\n\n<\/tr>\n\n\n<\/tbody>\n\n\n<\/table>\n\n\n<\/div>\n\n--><\/td>\n<\/tr>\n<\/tbody>\n<\/table>\n<p>&nbsp;<\/p>","protected":false},"excerpt":{"rendered":"<p>Modelos de Ortodoncia Herramienta ideal para la educaci\u00f3n y\u00a0consulta a los pacientes. Oportuno para ver y tocar su caso de maloclusi\u00f3n por observaci\u00f3n estereosc\u00f3pica. Modelos de Maloclusi\u00f3n Modelos de\u00a0maloclusi\u00f3n de dos tonos con articulador de plastico demostrando todos los tipos de clases de maloclusi\u00f3n. Los modelos est\u00e1n disponibles individualmente. Series de Enfermedades de Periodoncia Modelos [&hellip;]<\/p>\n","protected":false},"author":1,"featured_media":0,"parent":0,"menu_order":30,"comment_status":"closed","ping_status":"closed","template":"","meta":{"jetpack_post_was_ever_published":false,"footnotes":""},"aioseo_notices":[],"jetpack_sharing_enabled":true,"jetpack_shortlink":"https:\/\/wp.me\/P6kiPj-7w","jetpack_likes_enabled":true,"_links":{"self":[{"href":"https:\/\/www.trimunt.co.jp\/es\/wp-json\/wp\/v2\/pages\/466"}],"collection":[{"href":"https:\/\/www.trimunt.co.jp\/es\/wp-json\/wp\/v2\/pages"}],"about":[{"href":"https:\/\/www.trimunt.co.jp\/es\/wp-json\/wp\/v2\/types\/page"}],"author":[{"embeddable":true,"href":"https:\/\/www.trimunt.co.jp\/es\/wp-json\/wp\/v2\/users\/1"}],"replies":[{"embeddable":true,"href":"https:\/\/www.trimunt.co.jp\/es\/wp-json\/wp\/v2\/comments?post=466"}],"version-history":[{"count":23,"href":"https:\/\/www.trimunt.co.jp\/es\/wp-json\/wp\/v2\/pages\/466\/revisions"}],"predecessor-version":[{"id":17666,"href":"https:\/\/www.trimunt.co.jp\/es\/wp-json\/wp\/v2\/pages\/466\/revisions\/17666"}],"wp:attachment":[{"href":"https:\/\/www.trimunt.co.jp\/es\/wp-json\/wp\/v2\/media?parent=466"}],"curies":[{"name":"wp","href":"https:\/\/api.w.org\/{rel}","templated":true}]}}