{"id":470,"date":"2014-12-02T10:06:39","date_gmt":"2014-12-02T01:06:39","guid":{"rendered":"http:\/\/trimunt.atworks-jp.net\/?page_id=470"},"modified":"2020-04-23T19:51:53","modified_gmt":"2020-04-23T10:51:53","slug":"malocculusion-models","status":"publish","type":"page","link":"https:\/\/www.trimunt.co.jp\/es\/dental-education-models\/malocculusion-models\/","title":{"rendered":"Modelos de Maloclusi\u00f3n"},"content":{"rendered":"<p><\/p>\n<p><span style=\"line-height: 1.5;\">Modelos de maloclusi\u00f3n en dos tonos de colores con articulacion de plastico demostrando todo tipo de clases maloclusi\u00f3n. <br \/>Los modelos est\u00e1n disponibles individualmente.\u00a0<\/span><\/p>\n<p>&nbsp;<\/p>\n<table width=\"100%\">\n<tbody>\n<tr>\n<td width=\"33%\">\n<div class=\"prod\">\n<table width=\"100%\" cellspacing=\"0\" cellpadding=\"10\">\n<tbody>\n<tr>\n<th>DEMAL-001 \u00a0\u00a0Arco Ideal<\/th>\n<\/tr>\n<tr>\n<td>\u00a0<img loading=\"lazy\" decoding=\"async\" class=\"alignleft wp-image-1136 size-full\" src=\"http:\/\/www.trimunt.co.jp\/wp-content\/uploads\/2014\/12\/demal_001.jpg\" alt=\"demal_001\" width=\"230\" height=\"230\" srcset=\"https:\/\/www.trimunt.co.jp\/wp-content\/uploads\/2014\/12\/demal_001.jpg 230w, https:\/\/www.trimunt.co.jp\/wp-content\/uploads\/2014\/12\/demal_001-150x150.jpg 150w\" sizes=\"(max-width: 230px) 100vw, 230px\" \/><\/td>\n<\/tr>\n<\/tbody>\n<\/table>\n<\/div>\n<\/td>\n<td width=\"33%\">\n<div class=\"prod\">\n<table width=\"100%\" cellspacing=\"0\" cellpadding=\"10\">\n<tbody>\n<tr>\n<th>\n<p>DEMAL-002 \u00a0 Clase I<\/p>\n<\/th>\n<\/tr>\n<tr>\n<td>\u00a0<img loading=\"lazy\" decoding=\"async\" class=\"alignleft wp-image-1137 size-full\" src=\"http:\/\/www.trimunt.co.jp\/wp-content\/uploads\/2014\/12\/demal_002.jpg\" alt=\"demal_002\" width=\"230\" height=\"230\" srcset=\"https:\/\/www.trimunt.co.jp\/wp-content\/uploads\/2014\/12\/demal_002.jpg 230w, https:\/\/www.trimunt.co.jp\/wp-content\/uploads\/2014\/12\/demal_002-150x150.jpg 150w\" sizes=\"(max-width: 230px) 100vw, 230px\" \/><\/td>\n<\/tr>\n<\/tbody>\n<\/table>\n<\/div>\n<\/td>\n<\/tr>\n<tr>\n<td width=\"33%\">\n<div class=\"prod\">\n<div class=\"prod\">\n<table width=\"100%\" cellspacing=\"0\" cellpadding=\"10\">\n<tbody>\n<tr>\n<th>DEMAL-003 \u00a0 Clase II-1<\/th>\n<\/tr>\n<tr>\n<td>\u00a0<img loading=\"lazy\" decoding=\"async\" class=\"alignleft wp-image-1138 size-full\" src=\"http:\/\/www.trimunt.co.jp\/wp-content\/uploads\/2014\/12\/demal_003.jpg\" alt=\"demal_003\" width=\"230\" height=\"230\" srcset=\"https:\/\/www.trimunt.co.jp\/wp-content\/uploads\/2014\/12\/demal_003.jpg 230w, https:\/\/www.trimunt.co.jp\/wp-content\/uploads\/2014\/12\/demal_003-150x150.jpg 150w\" sizes=\"(max-width: 230px) 100vw, 230px\" \/><\/td>\n<\/tr>\n<\/tbody>\n<\/table>\n<\/div>\n<\/div>\n<\/td>\n<td width=\"33%\">\n<div class=\"prod\">\n<table width=\"100%\" cellspacing=\"0\" cellpadding=\"10\">\n<tbody>\n<tr>\n<th>DEMAL-004 \u00a0 Clase II-2<\/th>\n<\/tr>\n<tr>\n<td>\u00a0<img loading=\"lazy\" decoding=\"async\" class=\"alignleft wp-image-1139 size-full\" src=\"http:\/\/www.trimunt.co.jp\/wp-content\/uploads\/2014\/12\/demal_004.jpg\" alt=\"demal_004\" width=\"230\" height=\"230\" srcset=\"https:\/\/www.trimunt.co.jp\/wp-content\/uploads\/2014\/12\/demal_004.jpg 230w, https:\/\/www.trimunt.co.jp\/wp-content\/uploads\/2014\/12\/demal_004-150x150.jpg 150w\" sizes=\"(max-width: 230px) 100vw, 230px\" \/><\/td>\n<\/tr>\n<\/tbody>\n<\/table>\n<\/div>\n<\/td>\n<\/tr>\n<tr>\n<td>\n<div class=\"prod\">\n<table width=\"100%\" cellspacing=\"0\" cellpadding=\"10\">\n<tbody>\n<tr>\n<th>DEMAL-005 \u00a0 Clase III<\/th>\n<\/tr>\n<tr>\n<td>\u00a0<img loading=\"lazy\" decoding=\"async\" class=\"alignleft wp-image-1140 size-full\" src=\"http:\/\/www.trimunt.co.jp\/wp-content\/uploads\/2014\/12\/demal_005.jpg\" alt=\"demal_005\" width=\"230\" height=\"230\" srcset=\"https:\/\/www.trimunt.co.jp\/wp-content\/uploads\/2014\/12\/demal_005.jpg 230w, https:\/\/www.trimunt.co.jp\/wp-content\/uploads\/2014\/12\/demal_005-150x150.jpg 150w\" sizes=\"(max-width: 230px) 100vw, 230px\" \/><\/td>\n<\/tr>\n<\/tbody>\n<\/table>\n<\/div>\n<\/td>\n<td><\/td>\n<\/tr>\n<\/tbody>\n<\/table>\n<p><\/p>","protected":false},"excerpt":{"rendered":"<p>Modelos de maloclusi\u00f3n en dos tonos de colores con articulacion de plastico demostrando todo tipo de clases maloclusi\u00f3n. Los modelos est\u00e1n disponibles individualmente.\u00a0 &nbsp; DEMAL-001 \u00a0\u00a0Arco Ideal \u00a0 DEMAL-002 \u00a0 Clase I \u00a0 DEMAL-003 \u00a0 Clase II-1 \u00a0 DEMAL-004 \u00a0 Clase II-2 \u00a0 DEMAL-005 \u00a0 Clase III \u00a0<\/p>\n","protected":false},"author":1,"featured_media":0,"parent":466,"menu_order":20,"comment_status":"closed","ping_status":"closed","template":"","meta":{"jetpack_post_was_ever_published":false,"footnotes":""},"aioseo_notices":[],"jetpack_sharing_enabled":true,"jetpack_shortlink":"https:\/\/wp.me\/P6kiPj-7A","jetpack_likes_enabled":true,"_links":{"self":[{"href":"https:\/\/www.trimunt.co.jp\/es\/wp-json\/wp\/v2\/pages\/470"}],"collection":[{"href":"https:\/\/www.trimunt.co.jp\/es\/wp-json\/wp\/v2\/pages"}],"about":[{"href":"https:\/\/www.trimunt.co.jp\/es\/wp-json\/wp\/v2\/types\/page"}],"author":[{"embeddable":true,"href":"https:\/\/www.trimunt.co.jp\/es\/wp-json\/wp\/v2\/users\/1"}],"replies":[{"embeddable":true,"href":"https:\/\/www.trimunt.co.jp\/es\/wp-json\/wp\/v2\/comments?post=470"}],"version-history":[{"count":16,"href":"https:\/\/www.trimunt.co.jp\/es\/wp-json\/wp\/v2\/pages\/470\/revisions"}],"predecessor-version":[{"id":17614,"href":"https:\/\/www.trimunt.co.jp\/es\/wp-json\/wp\/v2\/pages\/470\/revisions\/17614"}],"up":[{"embeddable":true,"href":"https:\/\/www.trimunt.co.jp\/es\/wp-json\/wp\/v2\/pages\/466"}],"wp:attachment":[{"href":"https:\/\/www.trimunt.co.jp\/es\/wp-json\/wp\/v2\/media?parent=470"}],"curies":[{"name":"wp","href":"https:\/\/api.w.org\/{rel}","templated":true}]}}