{"id":472,"date":"2014-12-02T10:18:24","date_gmt":"2014-12-02T01:18:24","guid":{"rendered":"http:\/\/trimunt.atworks-jp.net\/?page_id=472"},"modified":"2023-08-18T14:05:52","modified_gmt":"2023-08-18T05:05:52","slug":"periodontal-disease-model","status":"publish","type":"page","link":"https:\/\/www.trimunt.co.jp\/es\/dental-education-models\/periodontal-disease-model\/","title":{"rendered":"Series de Enfermedades de Periodoncia"},"content":{"rendered":"<p><\/p>\n<p>&nbsp;<\/p>\n<div class=\"prod\">\n<!--\n\n\n<table width=\"100%\" cellspacing=\"0\" cellpadding=\"10\">\n\n\n<tbody>\n\n\n<tr>\n\n\n<th>\n\n\n<p class=\"product_h3\">DEPER-001 2x tama\u00f1o natural, modelo de mand\u00edbula inferior con enfermedad periodontal<\/p>\n\n<\/th>\n\n\n<\/tr>\n\n\n\n\n<tr>\n\n\n<td>\n\n\n<table class=\"none\" width=\"100%\">\n\n\n<tbody>\n\n\n<tr>\n\n\n<td width=\"230\"><img loading=\"lazy\" decoding=\"async\" class=\"alignleft wp-image-1151 size-full\" title=\"\u5de6\u5074\u306f\u6b6f\u57a2\u3092\u4ed8\u7740\u3055\u305b\u3001\u5c0f\u81fc\u6b6f\u306e\u6954\u72b6\u6b20\u640d\u306f\u529b\u4efb\u305b\u306e\u30d6\u30e9\u30c3\u30b7\u30f3\u30b0\u306e \u7d50\u679c\u3067\u3042\u308b\u3068\u3044\u3046\u3053\u3068\u304c\u308f\u304b\u308a\u3084\u3059\u304f\u8aac\u660e\u3067\u304d\u308b\u3088\u3046\u306b\u306a\u3063\u3066\u3044\u307e\u3059\u3002 \u307e\u305f\u53f3\u5074\u306f\u6b6f\u5468\u75c5\u306e\u9032\u884c\u3057\u3066\u3044\u304f\u69d8\u5b50\u3092\u518d\u73fe\u3057\u3066\u3044\u307e\u3059\u3002\" src=\"http:\/\/www.trimunt.co.jp\/wp-content\/uploads\/2014\/12\/deper_001_r2_c2_f4.jpg\" alt=\"deper_001_r2_c2_f4\" width=\"230\" height=\"230\" srcset=\"https:\/\/www.trimunt.co.jp\/wp-content\/uploads\/2014\/12\/deper_001_r2_c2_f4.jpg 230w, https:\/\/www.trimunt.co.jp\/wp-content\/uploads\/2014\/12\/deper_001_r2_c2_f4-150x150.jpg 150w\" sizes=\"(max-width: 230px) 100vw, 230px\" \/><\/td>\n\n\n\n\n<td>En el lado izquierdo se puede observar el c\u00e1lculo dental(sarro) y abrasi\u00f3n dental, mostrando la enfermedad periodontal en grados.\n\n\n<table width=\"100%\">\n\n\n<tbody>\n\n\n<tr valign=\"top\">\n\n\n<td width=\"273\">\n\n\n<p class=\"product_p1\"><strong>Lado izquierdo<\/strong><br \/>c\u00e1lculo dental(sarro)<br \/>Defecto en forma de cu\u00f1a<\/p>\n\n\n\n\n<p class=\"product_p1\">El septimo diente inferior izquierdo esta seccionada a la mitad para mostrar el esmalte, la dentina y la pulpa dental.<\/p>\n\n<\/td>\n\n\n\n\n<td>\n\n\n<p class=\"product_p1\"><strong>Lado derecho <\/strong><br \/>Etapa avanzada de gingivitis\u2190Etapa temprana de la gingivitis<\/p>\n\n<\/td>\n\n\n<\/tr>\n\n\n\n\n<tr>\n\n\n<td><img loading=\"lazy\" decoding=\"async\" class=\"alignleft wp-image-1152 size-thumbnail\" title=\"\u5de6\u5074 \u6954\u72b6\u6b20\u640d \u4e0b\u984e\u5de67\u756a\u306f\u5782\u76f4\u65ad\u9762\u304c\u898b\u3089\u308c\u3001 \u30a8\u30ca\u30e1\u30eb\u8cea\u3001\u8c61\u7259\u8cea\u3001\u6b6f\u9ac4\u3092\u518d\u73fe\u3057\u3066\u3044\u308b\" src=\"http:\/\/www.trimunt.co.jp\/wp-content\/uploads\/2014\/12\/deper_001_r5_c6-150x100.jpg\" alt=\"deper_001_r5_c6\" width=\"150\" height=\"100\" \/><\/td>\n\n\n\n\n<td><img loading=\"lazy\" decoding=\"async\" class=\"alignleft wp-image-1153 size-thumbnail\" title=\"\u53f3\u5074 \u91cd\u5ea6\u6b6f\u5468\u6b6f\u8089\u2190\u8efd\u5ea6\u6b6f\u8089\" src=\"http:\/\/www.trimunt.co.jp\/wp-content\/uploads\/2014\/12\/deper_001_r5_c8-150x100.jpg\" alt=\"deper_001_r5_c8\" width=\"150\" height=\"100\" \/><\/td>\n\n\n<\/tr>\n\n\n<\/tbody>\n\n<\/table>\n\n\n<\/td>\n\n\n<\/tr>\n\n\n<\/tbody>\n\n<\/table>\n\n\n<\/td>\n\n\n<\/tr>\n\n\n<\/tbody>\n\n<\/table>\n\n\n\n\n<p>&nbsp;<\/p>\n\n\n\n\n<table width=\"100%\" cellspacing=\"0\" cellpadding=\"10\">\n\n\n<tbody>\n\n\n<tr>\n\n\n<th>\n\n\n<p class=\"product_h3\">DEPER-002 2x tama\u00f1o natural, modelo de la enfermedad Periodontal<\/p>\n\n<\/th>\n\n\n<\/tr>\n\n\n\n\n<tr>\n\n\n<td>\n\n\n<table class=\"none\" width=\"100%\">\n\n\n<tbody>\n\n\n<tr>\n\n\n<td rowspan=\"2\" width=\"230\"><img loading=\"lazy\" decoding=\"async\" class=\"alignleft wp-image-1157 size-full\" title=\"\u6b6f\u5468\u75be\u60a3\u306e\u9032\u884c\u3092\u4e0a\u4e0b\u5de6\u53f3\u306e\u30d1\u30fc\u30c8\u306b\u5206\u3051\u3066\u518d\u73fe\u3057\u305f\u6a21\u578b\u3067\u3059\u3002 \u60a3\u8005\u69d8\u306e\u75c7\u72b6\u306b\u5408\u308f\u305b\u3066\u73fe\u72b6\u3092\u8aac\u660e\u3067\u304d\u3001\u5408\u308f\u305b\u3066\u6b6f\u307f\u304c\u304d\u306e\u6307\u5c0e\u3082 \u884c\u3046\u3053\u3068\u304c\u3067\u304d\u307e\u3059\u3002\" src=\"http:\/\/www.trimunt.co.jp\/wp-content\/uploads\/2014\/12\/deper_002_r2_c2_f2.jpg\" alt=\"deper_002_r2_c2_f2\" width=\"230\" height=\"230\" srcset=\"https:\/\/www.trimunt.co.jp\/wp-content\/uploads\/2014\/12\/deper_002_r2_c2_f2.jpg 230w, https:\/\/www.trimunt.co.jp\/wp-content\/uploads\/2014\/12\/deper_002_r2_c2_f2-150x150.jpg 150w\" sizes=\"(max-width: 230px) 100vw, 230px\" \/><\/td>\n\n\n\n\n<td width=\"70\"><img loading=\"lazy\" decoding=\"async\" class=\"alignleft wp-image-1163\" title=\"\u6b6f\u5468\u75be\u60a3\u306e\u9032\u884c\u3092\u4e0a\u4e0b\u5de6\u53f3\u306e\u30d1\u30fc\u30c8\u306b\u5206\u3051\u3066\u518d\u73fe\u3057\u305f\u6a21\u578b\u3067\u3059\u3002 \u60a3\u8005\u69d8\u306e\u75c7\u72b6\u306b\u5408\u308f\u305b\u3066\u73fe\u72b6\u3092\u8aac\u660e\u3067\u304d\u3001\u5408\u308f\u305b\u3066\u6b6f\u307f\u304c\u304d\u306e\u6307\u5c0e\u3082 \u884c\u3046\u3053\u3068\u304c\u3067\u304d\u307e\u3059\u3002\" src=\"http:\/\/www.trimunt.co.jp\/wp-content\/uploads\/2014\/12\/deper_002_r2_c2.jpg\" alt=\"deper_002_r2_c2\" width=\"70\" height=\"70\" srcset=\"https:\/\/www.trimunt.co.jp\/wp-content\/uploads\/2014\/12\/deper_002_r2_c2.jpg 230w, https:\/\/www.trimunt.co.jp\/wp-content\/uploads\/2014\/12\/deper_002_r2_c2-150x150.jpg 150w\" sizes=\"(max-width: 70px) 100vw, 70px\" \/><\/td>\n\n\n\n\n<td>\n\n\n<p class=\"product_p2\">Cada cuadrante demuestra las etapas de la gingivatis para demostrar claramente a los pacientes sobre el progreso de la enfermedad periodontal.<\/p>\n\n\n\n\n<p class=\"product_p2\">Tambi\u00e9n se puede usar para instruir c\u00f3mo cepillarse los dientes correctamente.<\/p>\n\n<\/td>\n\n\n<\/tr>\n\n\n\n\n<tr>\n\n\n<td colspan=\"2\" width=\"70\">\n\n\n<table width=\"100%\">\n\n\n<tbody>\n\n\n<tr>\n\n\n<td width=\"60\"><img loading=\"lazy\" decoding=\"async\" class=\"alignleft wp-image-1158\" title=\"\u4e0a\u984e\u53f3\u5074 \u4e2d\u5ea6  \u9aa8\u9000\u7e2e\u306b\u4f34\u3044\u6b6f\u8089\u3082\u9000\u7e2e\u3001\u305d\u306e\u70ba\u6b6f\u51a0\u4e73\u982d\u306b\u7a7a\u9699\u304c\u767a\u751f\u3057\u3001\u6b6f\u77f3\u304c\u6e9c\u307e\u308b\u72b6\u614b\" src=\"http:\/\/www.trimunt.co.jp\/wp-content\/uploads\/2014\/12\/deper_002_r2_c2_f3.jpg\" alt=\"deper_002_r2_c2_f3\" width=\"60\" height=\"60\" srcset=\"https:\/\/www.trimunt.co.jp\/wp-content\/uploads\/2014\/12\/deper_002_r2_c2_f3.jpg 230w, https:\/\/www.trimunt.co.jp\/wp-content\/uploads\/2014\/12\/deper_002_r2_c2_f3-150x150.jpg 150w\" sizes=\"(max-width: 60px) 100vw, 60px\" \/><\/td>\n\n\n\n\n<td width=\"100\">\n\n\n<p class=\"product_p1\"><strong>Derecho superior<span class=\"style1\"><br \/><span style=\"color: #ff0000;\">Etapa moderada <\/span><\/span><\/strong><br \/>Enc\u00eda es retra\u00eddo acompa\u00f1ado por atrofia \u00f3sea.<\/p>\n\n\n\n\n<p class=\"product_p1\">Creando un espacio de papila interdental y con c\u00e1lculo.<\/p>\n\n\n\n\n<p>&nbsp;<\/p>\n\n\n\n\n<p>&nbsp;<\/p>\n\n<\/td>\n\n\n\n\n<td width=\"60\"><img loading=\"lazy\" decoding=\"async\" class=\"alignleft wp-image-1168\" title=\"\u4e0a\u984e\u5de6\u5074 \u8efd\u5ea6  \u6b6f\u8089\u708e\u306e\u816b\u308c\u304c\u898b\u3089\u308c\u3001\u6b6f\u8089\u7e01\u4e0a\u306b\u6b6f\u77f3\u304c\u4ed8\u7740\u3001#3\u306b\u6954\u72b6\u6b20\u640d\u3042\u308a\" src=\"http:\/\/www.trimunt.co.jp\/wp-content\/uploads\/2014\/12\/deper_002_r5_c8.jpg\" alt=\"deper_002_r5_c8\" width=\"120\" height=\"60\" \/><\/td>\n\n\n\n\n<td width=\"100\">\n\n\n<p class=\"product_p1\"><strong>Parte superior izquierda <span class=\"style1\"><br \/><span style=\"color: #ff0000;\">Etapa menor<\/span> <\/span><\/strong><br \/>Encia inflamada con c\u00e1lculo sobre la supragingival teniendo la abrasi\u00f3n del diente en el #3.<\/p>\n\n\n\n\n<p>&nbsp;<\/p>\n\n\n\n\n<p>&nbsp;<\/p>\n\n<\/td>\n\n\n<\/tr>\n\n\n\n\n<tr>\n\n\n<td><img loading=\"lazy\" decoding=\"async\" class=\"alignleft wp-image-1159\" title=\"\u4e0b\u984e\u53f3\u5074 \u91cd\u5ea6  \u6b6f\u69fd\u9aa8\u304c\u7834\u58ca\u3055\u308c\u3001\u6b6f\u6839\u304c\u9732\u51fa\u3001\u6b6f\u77f3\u304c\u591a\u3044\u72b6\u614b\" src=\"http:\/\/www.trimunt.co.jp\/wp-content\/uploads\/2014\/12\/deper_002_r2_c2_f4.jpg\" alt=\"deper_002_r2_c2_f4\" width=\"60\" height=\"60\" srcset=\"https:\/\/www.trimunt.co.jp\/wp-content\/uploads\/2014\/12\/deper_002_r2_c2_f4.jpg 230w, https:\/\/www.trimunt.co.jp\/wp-content\/uploads\/2014\/12\/deper_002_r2_c2_f4-150x150.jpg 150w\" sizes=\"(max-width: 60px) 100vw, 60px\" \/><\/td>\n\n\n\n\n<td>\n\n\n<p class=\"product_p1\"><strong>Inferior derecho <br \/><span class=\"style1\" style=\"color: #ff0000;\">Etapa severa <\/span><\/strong><br \/>El hueso alveolar es destruido. La pulpa dental es expuesta y con mucho volumen de c\u00e1lculo dental(sarro).<\/p>\n\n<\/td>\n\n\n\n\n<td>\n\n\n<table width=\"100%\" cellspacing=\"0\" cellpadding=\"0\">\n\n\n<tbody>\n\n\n<tr>\n\n\n<td><img loading=\"lazy\" decoding=\"async\" class=\"alignleft wp-image-1161\" title=\"\u4e0b\u984e\u5de6\u5074 \u5065\u5168\u6b6f  1\u756a\u30687\u756a\u306f\u7740\u8131\u53ef\u80fd\u306a\u65ad\u9762\u6b6f\u3067\u3001\u30a8\u30ca\u30e1\u30eb\u8cea\u3001\u8c61\u7259\u8cea\u3001\u6b6f\u9ac4\u3092\u518d\u73fe\u3057\u3066\u3044\u308b\" src=\"http:\/\/www.trimunt.co.jp\/wp-content\/uploads\/2014\/12\/deper_002_r2_c2_f6.jpg\" alt=\"deper_002_r2_c2_f6\" width=\"58\" height=\"58\" srcset=\"https:\/\/www.trimunt.co.jp\/wp-content\/uploads\/2014\/12\/deper_002_r2_c2_f6.jpg 230w, https:\/\/www.trimunt.co.jp\/wp-content\/uploads\/2014\/12\/deper_002_r2_c2_f6-150x150.jpg 150w\" sizes=\"(max-width: 58px) 100vw, 58px\" \/><\/td>\n\n\n\n\n<td><img loading=\"lazy\" decoding=\"async\" class=\"alignleft wp-image-1162\" title=\"\u4e0b\u984e\u5de6\u5074 \u5065\u5168\u6b6f  1\u756a\u30687\u756a\u306f\u7740\u8131\u53ef\u80fd\u306a\u65ad\u9762\u6b6f\u3067\u3001\u30a8\u30ca\u30e1\u30eb\u8cea\u3001\u8c61\u7259\u8cea\u3001\u6b6f\u9ac4\u3092\u518d\u73fe\u3057\u3066\u3044\u308b\" src=\"http:\/\/www.trimunt.co.jp\/wp-content\/uploads\/2014\/12\/deper_002_r2_c2_f7.jpg\" alt=\"deper_002_r2_c2_f7\" width=\"58\" height=\"58\" srcset=\"https:\/\/www.trimunt.co.jp\/wp-content\/uploads\/2014\/12\/deper_002_r2_c2_f7.jpg 230w, https:\/\/www.trimunt.co.jp\/wp-content\/uploads\/2014\/12\/deper_002_r2_c2_f7-150x150.jpg 150w\" sizes=\"(max-width: 58px) 100vw, 58px\" \/><\/td>\n\n\n<\/tr>\n\n\n<\/tbody>\n\n<\/table>\n\n\n<\/td>\n\n\n\n\n<td>\n\n\n<p class=\"product_p1\"><strong>Inferior izquierda <br \/><span class=\"style1\" style=\"color: #ff0000;\">Condici\u00f3n saludable <\/span><\/strong><br \/>Los dientes #1 y #7 son extra\u00edbles y a la mitad demostrando el esmalte, dentina y pulpa.<\/p>\n\n<\/td>\n\n\n<\/tr>\n\n\n<\/tbody>\n\n<\/table>\n\n\n<\/td>\n\n\n<\/tr>\n\n\n<\/tbody>\n\n<\/table>\n\n\n<\/td>\n\n\n<\/tr>\n\n\n<\/tbody>\n\n<\/table>\n\n\n--><\/p>\n<p>&nbsp;<\/p>\n<table width=\"100%\" cellspacing=\"0\" cellpadding=\"10\">\n<tbody>\n<tr>\n<th>\n<p class=\"product_h3\">DEPER-003 Cepillo dental ampliada<\/p>\n<\/th>\n<\/tr>\n<tr>\n<td>\n<table class=\"none\" width=\"100%\">\n<tbody>\n<tr>\n<td width=\"230\"><img loading=\"lazy\" decoding=\"async\" class=\"alignleft wp-image-1182 size-full\" src=\"http:\/\/www.trimunt.co.jp\/wp-content\/uploads\/2014\/12\/deper_003.jpg\" alt=\"deper_003\" width=\"230\" height=\"230\" srcset=\"https:\/\/www.trimunt.co.jp\/wp-content\/uploads\/2014\/12\/deper_003.jpg 230w, https:\/\/www.trimunt.co.jp\/wp-content\/uploads\/2014\/12\/deper_003-150x150.jpg 150w\" sizes=\"(max-width: 230px) 100vw, 230px\" \/><\/td>\n<td><\/td>\n<\/tr>\n<\/tbody>\n<\/table>\n<\/td>\n<\/tr>\n<\/tbody>\n<\/table>\n<p>&nbsp;<\/p>\n<table width=\"100%\" cellspacing=\"0\" cellpadding=\"10\">\n<tbody>\n<tr>\n<th>\n<p class=\"product_h3\">DEPER-004 Modelo de enfermedad Periodental y enfermedad dental<\/p>\n<\/th>\n<\/tr>\n<tr>\n<td>\n<table class=\"none\" width=\"100%\">\n<tbody>\n<tr>\n<td width=\"230\"><img loading=\"lazy\" decoding=\"async\" class=\"alignleft wp-image-1184 size-full\" title=\"Oversized half-sectioned model, featuring pulp necrosis, pulp gangrene, infected root canal, root canal treatment done after pulpectomy, pulpitis caused by fracture and bone atrophy and gingival retraction by periodontal disease.\" src=\"http:\/\/www.trimunt.co.jp\/wp-content\/uploads\/2014\/12\/deper_004_r2_c2.jpg\" alt=\"deper_004_r2_c2\" width=\"230\" height=\"230\" srcset=\"https:\/\/www.trimunt.co.jp\/wp-content\/uploads\/2014\/12\/deper_004_r2_c2.jpg 230w, https:\/\/www.trimunt.co.jp\/wp-content\/uploads\/2014\/12\/deper_004_r2_c2-150x150.jpg 150w\" sizes=\"(max-width: 230px) 100vw, 230px\" \/><\/td>\n<td width=\"110\"><img loading=\"lazy\" decoding=\"async\" class=\"alignleft wp-image-1183\" title=\"On buccal side, featuring moderate to severe stage of periodontal disease, root furcation of 2nd molar is exposed with deposition of dental calculus by bone atrophy and gingival retraction.\" src=\"http:\/\/www.trimunt.co.jp\/wp-content\/uploads\/2014\/12\/deper_004_r2_c2_f2.jpg\" alt=\"deper_004_r2_c2_f2\" width=\"110\" height=\"110\" srcset=\"https:\/\/www.trimunt.co.jp\/wp-content\/uploads\/2014\/12\/deper_004_r2_c2_f2.jpg 230w, https:\/\/www.trimunt.co.jp\/wp-content\/uploads\/2014\/12\/deper_004_r2_c2_f2-150x150.jpg 150w\" sizes=\"(max-width: 110px) 100vw, 110px\" \/><\/td>\n<td>\n<p>Modelo seccionada a la mitad en gran tama\u00f1o.<\/p>\n<p>En el lado bucal, mostrando etapa moderada a etapa severa de la enfermedad periodontal, y furcaciones de ra\u00edz en la segunda muela. La muela es expuesta con la deposici\u00f3n del c\u00e1lculo dental por atrofia del hueso y retractaci\u00f3n de encia(gingival).<\/p>\n<\/td>\n<\/tr>\n<\/tbody>\n<\/table>\n<\/td>\n<\/tr>\n<\/tbody>\n<\/table>\n<p>&nbsp;<\/p>\n<\/div>\n<p><\/p>","protected":false},"excerpt":{"rendered":"<p>&nbsp; &nbsp; DEPER-003 Cepillo dental ampliada &nbsp; DEPER-004 Modelo de enfermedad Periodental y enfermedad dental Modelo seccionada a la mitad en gran tama\u00f1o. En el lado bucal, mostrando etapa moderada a etapa severa de la enfermedad periodontal, y furcaciones de ra\u00edz en la segunda muela. La muela es expuesta con la deposici\u00f3n del c\u00e1lculo dental [&hellip;]<\/p>\n","protected":false},"author":1,"featured_media":0,"parent":466,"menu_order":30,"comment_status":"closed","ping_status":"closed","template":"","meta":{"jetpack_post_was_ever_published":false,"footnotes":""},"aioseo_notices":[],"jetpack_sharing_enabled":true,"jetpack_shortlink":"https:\/\/wp.me\/P6kiPj-7C","jetpack_likes_enabled":true,"_links":{"self":[{"href":"https:\/\/www.trimunt.co.jp\/es\/wp-json\/wp\/v2\/pages\/472"}],"collection":[{"href":"https:\/\/www.trimunt.co.jp\/es\/wp-json\/wp\/v2\/pages"}],"about":[{"href":"https:\/\/www.trimunt.co.jp\/es\/wp-json\/wp\/v2\/types\/page"}],"author":[{"embeddable":true,"href":"https:\/\/www.trimunt.co.jp\/es\/wp-json\/wp\/v2\/users\/1"}],"replies":[{"embeddable":true,"href":"https:\/\/www.trimunt.co.jp\/es\/wp-json\/wp\/v2\/comments?post=472"}],"version-history":[{"count":50,"href":"https:\/\/www.trimunt.co.jp\/es\/wp-json\/wp\/v2\/pages\/472\/revisions"}],"predecessor-version":[{"id":17651,"href":"https:\/\/www.trimunt.co.jp\/es\/wp-json\/wp\/v2\/pages\/472\/revisions\/17651"}],"up":[{"embeddable":true,"href":"https:\/\/www.trimunt.co.jp\/es\/wp-json\/wp\/v2\/pages\/466"}],"wp:attachment":[{"href":"https:\/\/www.trimunt.co.jp\/es\/wp-json\/wp\/v2\/media?parent=472"}],"curies":[{"name":"wp","href":"https:\/\/api.w.org\/{rel}","templated":true}]}}