{"id":474,"date":"2014-12-02T10:18:40","date_gmt":"2014-12-02T01:18:40","guid":{"rendered":"http:\/\/trimunt.atworks-jp.net\/?page_id=474"},"modified":"2020-04-23T19:52:02","modified_gmt":"2020-04-23T10:52:02","slug":"denture-models","status":"publish","type":"page","link":"https:\/\/www.trimunt.co.jp\/es\/dental-education-models\/denture-models\/","title":{"rendered":"Series de Dentadura"},"content":{"rendered":"<p><\/p>\n<p>&nbsp;<\/p>\n<div class=\"prod\">\n<table width=\"100%\" cellspacing=\"0\" cellpadding=\"10\">\n<tbody>\n<tr>\n<th>\n<p class=\"product_h3\">DEDEN-001 Dentaduras parciales de metal<\/p>\n<\/th>\n<\/tr>\n<tr>\n<td>\n<table class=\"none\" width=\"100%\" cellspacing=\"0\" cellpadding=\"0\">\n<tbody>\n<tr>\n<td rowspan=\"2\" width=\"230\"><img loading=\"lazy\" decoding=\"async\" class=\"alignleft wp-image-1082 size-full\" title=\"Right\uff1a  Resin clasp on cuspid  Left implant\uff1a  To demonstrate tooth mobility and depression occurred over time by denture\" src=\"http:\/\/www.trimunt.co.jp\/wp-content\/uploads\/2014\/12\/deden_001_r2_c2.jpg\" alt=\"deden_001_r2_c2\" width=\"230\" height=\"230\" srcset=\"https:\/\/www.trimunt.co.jp\/wp-content\/uploads\/2014\/12\/deden_001_r2_c2.jpg 230w, https:\/\/www.trimunt.co.jp\/wp-content\/uploads\/2014\/12\/deden_001_r2_c2-150x150.jpg 150w\" sizes=\"(max-width: 230px) 100vw, 230px\" \/><\/td>\n<td width=\"115\"><img loading=\"lazy\" decoding=\"async\" class=\"alignleft wp-image-1080\" title=\"Right\uff1a  Resin clasp on cuspid  Left implant\uff1a  To demonstrate tooth mobility and depression occurred over time by denture\" src=\"http:\/\/www.trimunt.co.jp\/wp-content\/uploads\/2014\/12\/deden_001_r2_c2_f2.jpg\" alt=\"deden_001_r2_c2_f2\" width=\"110\" height=\"110\" srcset=\"https:\/\/www.trimunt.co.jp\/wp-content\/uploads\/2014\/12\/deden_001_r2_c2_f2.jpg 230w, https:\/\/www.trimunt.co.jp\/wp-content\/uploads\/2014\/12\/deden_001_r2_c2_f2-150x150.jpg 150w\" sizes=\"(max-width: 110px) 100vw, 110px\" \/><\/td>\n<td rowspan=\"2\">\n<p class=\"product_p2\">Derecha:<\/p>\n<p class=\"product_p2\">Broche de resina en c\u00faspide<\/p>\n<p class=\"product_p2\">\n<p class=\"product_p2\">Implante izquierda:<\/p>\n<p class=\"product_p2\">Para demostrar la movilidad del diente y la resorci\u00f3n causada sobre tiempo en la dentadura.<\/p>\n<\/td>\n<\/tr>\n<tr>\n<td><img loading=\"lazy\" decoding=\"async\" class=\"alignleft wp-image-1081\" title=\"Right\uff1a  Resin clasp on cuspid  Left implant\uff1a  To demonstrate tooth mobility and depression occurred over time by denture\" src=\"http:\/\/www.trimunt.co.jp\/wp-content\/uploads\/2014\/12\/deden_001_r2_c2_f3.jpg\" alt=\"deden_001_r2_c2_f3\" width=\"110\" height=\"110\" srcset=\"https:\/\/www.trimunt.co.jp\/wp-content\/uploads\/2014\/12\/deden_001_r2_c2_f3.jpg 230w, https:\/\/www.trimunt.co.jp\/wp-content\/uploads\/2014\/12\/deden_001_r2_c2_f3-150x150.jpg 150w\" sizes=\"(max-width: 110px) 100vw, 110px\" \/><\/td>\n<\/tr>\n<\/tbody>\n<\/table>\n<\/td>\n<\/tr>\n<\/tbody>\n<\/table>\n<p>&nbsp;<\/p>\n<table width=\"100%\" cellspacing=\"0\" cellpadding=\"10\">\n<tbody>\n<tr>\n<th>\n<p class=\"product_h3\">DEDEN-002 Dentadura Maxilar sin broche<\/p>\n<\/th>\n<\/tr>\n<tr>\n<td>\n<table class=\"none\" width=\"100%\" cellspacing=\"0\" cellpadding=\"0\">\n<tbody>\n<tr>\n<td rowspan=\"2\" width=\"230\"><img loading=\"lazy\" decoding=\"async\" class=\"alignleft wp-image-1092 size-full\" title=\"Missing portion  Upper right  4,5,6   \t Upper left  3,4\" src=\"http:\/\/www.trimunt.co.jp\/wp-content\/uploads\/2014\/12\/deden_002_r2_c2.jpg\" alt=\"deden_002_r2_c2\" width=\"230\" height=\"230\" srcset=\"https:\/\/www.trimunt.co.jp\/wp-content\/uploads\/2014\/12\/deden_002_r2_c2.jpg 230w, https:\/\/www.trimunt.co.jp\/wp-content\/uploads\/2014\/12\/deden_002_r2_c2-150x150.jpg 150w\" sizes=\"(max-width: 230px) 100vw, 230px\" \/><\/td>\n<td width=\"115\"><img loading=\"lazy\" decoding=\"async\" class=\"alignleft wp-image-1091\" title=\"Missing portion  Upper right  4,5,6   \t Upper left  3,4\" src=\"http:\/\/www.trimunt.co.jp\/wp-content\/uploads\/2014\/12\/deden_002_r2_c2_f2.jpg\" alt=\"deden_002_r2_c2_f2\" width=\"110\" height=\"110\" srcset=\"https:\/\/www.trimunt.co.jp\/wp-content\/uploads\/2014\/12\/deden_002_r2_c2_f2.jpg 230w, https:\/\/www.trimunt.co.jp\/wp-content\/uploads\/2014\/12\/deden_002_r2_c2_f2-150x150.jpg 150w\" sizes=\"(max-width: 110px) 100vw, 110px\" \/><\/td>\n<td rowspan=\"2\">\n<table border=\"0\">\n<tbody>\n<tr>\n<td width=\"100\">\n<p class=\"product_p2\">Porciones faltantes<\/p>\n<\/td>\n<td width=\"80\">\n<p class=\"product_p2\">Superior derecha<\/p>\n<\/td>\n<td align=\"right\" width=\"80\">\n<p class=\"product_p3\">4,5,6<\/p>\n<\/td>\n<\/tr>\n<tr>\n<td><\/td>\n<td>\n<p class=\"product_p2\">Superior izquierda<\/p>\n<\/td>\n<td align=\"right\">\n<p class=\"product_p3\">3,4<\/p>\n<\/td>\n<\/tr>\n<\/tbody>\n<\/table>\n<\/td>\n<\/tr>\n<tr>\n<td><\/td>\n<\/tr>\n<\/tbody>\n<\/table>\n<\/td>\n<\/tr>\n<\/tbody>\n<\/table>\n<p>&nbsp;<\/p>\n<table width=\"100%\" cellspacing=\"0\" cellpadding=\"10\">\n<tbody>\n<tr>\n<th>\n<p class=\"product_h3\">DEDEN-003 Dentadura Maxilar sin broche<\/p>\n<\/th>\n<\/tr>\n<tr>\n<td>\n<table class=\"none\" width=\"100%\" cellspacing=\"0\" cellpadding=\"0\">\n<tbody>\n<tr>\n<td rowspan=\"2\" width=\"230\"><img loading=\"lazy\" decoding=\"async\" class=\"alignleft wp-image-1096 size-full\" title=\"Missing teeth  Lower right  1,5,6,7   \t Lower left  1,6,7\" src=\"http:\/\/www.trimunt.co.jp\/wp-content\/uploads\/2014\/12\/deden_003_r2_c2.jpg\" alt=\"deden_003_r2_c2\" width=\"230\" height=\"230\" srcset=\"https:\/\/www.trimunt.co.jp\/wp-content\/uploads\/2014\/12\/deden_003_r2_c2.jpg 230w, https:\/\/www.trimunt.co.jp\/wp-content\/uploads\/2014\/12\/deden_003_r2_c2-150x150.jpg 150w\" sizes=\"(max-width: 230px) 100vw, 230px\" \/><\/td>\n<td width=\"115\"><img loading=\"lazy\" decoding=\"async\" class=\"alignleft wp-image-1095\" title=\"Missing teeth  Lower right  1,5,6,7   \t Lower left  1,6,7\" src=\"http:\/\/www.trimunt.co.jp\/wp-content\/uploads\/2014\/12\/deden_003_r2_c2_f2.jpg\" alt=\"deden_003_r2_c2_f2\" width=\"110\" height=\"110\" srcset=\"https:\/\/www.trimunt.co.jp\/wp-content\/uploads\/2014\/12\/deden_003_r2_c2_f2.jpg 230w, https:\/\/www.trimunt.co.jp\/wp-content\/uploads\/2014\/12\/deden_003_r2_c2_f2-150x150.jpg 150w\" sizes=\"(max-width: 110px) 100vw, 110px\" \/><\/td>\n<td rowspan=\"2\">\n<table border=\"0\">\n<tbody>\n<tr>\n<td width=\"100\">\n<p class=\"product_p2\">Porci\u00f3n faltante<\/p>\n<\/td>\n<td width=\"80\">\n<p class=\"product_p2\">Inferior Derecha<\/p>\n<\/td>\n<td align=\"right\" width=\"80\">\n<p class=\"product_p3\">1,5,6,7<\/p>\n<\/td>\n<\/tr>\n<tr>\n<td><\/td>\n<td>\n<p class=\"product_p2\">Inferior Izquierda<\/p>\n<\/td>\n<td align=\"right\">\n<p class=\"product_p3\">1,6,7<\/p>\n<\/td>\n<\/tr>\n<\/tbody>\n<\/table>\n<\/td>\n<\/tr>\n<\/tbody>\n<\/table>\n<\/td>\n<\/tr>\n<\/tbody>\n<\/table>\n<p>&nbsp;<\/p>\n<table width=\"100%\" cellspacing=\"0\" cellpadding=\"10\">\n<tbody>\n<tr>\n<th>\n<p class=\"product_h3\">DEDEN-004 Implante de Soobredentaduras- Bar Hader<\/p>\n<\/th>\n<\/tr>\n<tr>\n<td>\n<table class=\"none\" width=\"100%\" cellspacing=\"0\" cellpadding=\"0\">\n<tbody>\n<tr>\n<td rowspan=\"2\" width=\"230\"><img loading=\"lazy\" decoding=\"async\" class=\"alignleft wp-image-1104 size-full\" title=\" Lower arch, fully edentulous clear, hard base 4 generic external hex implants with screws  Milled aluminum bar pink acrylic overdenture with 3 clip attachments\" src=\"http:\/\/www.trimunt.co.jp\/wp-content\/uploads\/2014\/12\/deden004-01.jpg\" alt=\"deden004-01\" width=\"230\" height=\"230\" srcset=\"https:\/\/www.trimunt.co.jp\/wp-content\/uploads\/2014\/12\/deden004-01.jpg 230w, https:\/\/www.trimunt.co.jp\/wp-content\/uploads\/2014\/12\/deden004-01-150x150.jpg 150w\" sizes=\"(max-width: 230px) 100vw, 230px\" \/><\/td>\n<td width=\"115\"><img loading=\"lazy\" decoding=\"async\" class=\"alignleft wp-image-1102\" title=\" Lower arch, fully edentulous clear, hard base 4 generic external hex implants with screws  Milled aluminum bar pink acrylic overdenture with 3 clip attachments\" src=\"http:\/\/www.trimunt.co.jp\/wp-content\/uploads\/2014\/12\/deden_004-02.jpg\" alt=\"deden_004-02\" width=\"110\" height=\"110\" srcset=\"https:\/\/www.trimunt.co.jp\/wp-content\/uploads\/2014\/12\/deden_004-02.jpg 230w, https:\/\/www.trimunt.co.jp\/wp-content\/uploads\/2014\/12\/deden_004-02-150x150.jpg 150w\" sizes=\"(max-width: 110px) 100vw, 110px\" \/><\/td>\n<td rowspan=\"2\">\n<ul>\n<li>Arco inferior, desdentada, con base dura<\/li>\n<li>4 implantes hexagonales externos gen\u00e9ricos con tornillos<\/li>\n<li>Sobredentadura de barra de aluminio molido y acrilico rosa con tres clips<\/li>\n<\/ul>\n<\/td>\n<\/tr>\n<tr>\n<td><img loading=\"lazy\" decoding=\"async\" class=\"alignleft wp-image-1103\" title=\" Lower arch, fully edentulous clear, hard base 4 generic external hex implants with screws  Milled aluminum bar pink acrylic overdenture with 3 clip attachments\" src=\"http:\/\/www.trimunt.co.jp\/wp-content\/uploads\/2014\/12\/deden_004-03.jpg\" alt=\"deden_004-03\" width=\"110\" height=\"110\" srcset=\"https:\/\/www.trimunt.co.jp\/wp-content\/uploads\/2014\/12\/deden_004-03.jpg 230w, https:\/\/www.trimunt.co.jp\/wp-content\/uploads\/2014\/12\/deden_004-03-150x150.jpg 150w\" sizes=\"(max-width: 110px) 100vw, 110px\" \/><\/td>\n<\/tr>\n<\/tbody>\n<\/table>\n<\/td>\n<\/tr>\n<\/tbody>\n<\/table>\n<p>&nbsp;<\/p>\n<table width=\"100%\" cellspacing=\"0\" cellpadding=\"10\">\n<tbody>\n<tr>\n<th>\n<p class=\"product_h3\">DEDEN-005 Implantes de Sobredentaduras- Locador<\/p>\n<\/th>\n<\/tr>\n<tr>\n<td>\n<table class=\"none\" width=\"100%\" cellspacing=\"0\" cellpadding=\"0\">\n<tbody>\n<tr>\n<td rowspan=\"2\" width=\"230\"><img loading=\"lazy\" decoding=\"async\" class=\"alignleft wp-image-1108 size-full\" title=\" Lower arch, clear, hard base (2) Brass analogs acrylic overdenture with (2) Locator caps\" src=\"http:\/\/www.trimunt.co.jp\/wp-content\/uploads\/2014\/12\/deden005-01.jpg\" alt=\"deden005-01\" width=\"230\" height=\"230\" srcset=\"https:\/\/www.trimunt.co.jp\/wp-content\/uploads\/2014\/12\/deden005-01.jpg 230w, https:\/\/www.trimunt.co.jp\/wp-content\/uploads\/2014\/12\/deden005-01-150x150.jpg 150w\" sizes=\"(max-width: 230px) 100vw, 230px\" \/><\/td>\n<td width=\"115\"><img loading=\"lazy\" decoding=\"async\" class=\"alignleft wp-image-1106\" title=\" Lower arch, clear, hard base (2) Brass analogs acrylic overdenture with (2) Locator caps\" src=\"http:\/\/www.trimunt.co.jp\/wp-content\/uploads\/2014\/12\/deden_005-02.jpg\" alt=\"deden_005-02\" width=\"110\" height=\"110\" srcset=\"https:\/\/www.trimunt.co.jp\/wp-content\/uploads\/2014\/12\/deden_005-02.jpg 230w, https:\/\/www.trimunt.co.jp\/wp-content\/uploads\/2014\/12\/deden_005-02-150x150.jpg 150w\" sizes=\"(max-width: 110px) 100vw, 110px\" \/><\/td>\n<td rowspan=\"2\">\n<ul>\n<li>Arco inferior, claro, base dura<\/li>\n<li>\u00a0(2) Sobredentadura acr\u00edlico de an\u00e1logos de lat\u00f3n con (2) tapas de localizador<\/li>\n<\/ul>\n<\/td>\n<\/tr>\n<tr>\n<td><img loading=\"lazy\" decoding=\"async\" class=\"alignleft wp-image-1107\" title=\" Lower arch, clear, hard base (2) Brass analogs acrylic overdenture with (2) Locator caps\" src=\"http:\/\/www.trimunt.co.jp\/wp-content\/uploads\/2014\/12\/deden_005-03.jpg\" alt=\"deden_005-03\" width=\"110\" height=\"110\" srcset=\"https:\/\/www.trimunt.co.jp\/wp-content\/uploads\/2014\/12\/deden_005-03.jpg 230w, https:\/\/www.trimunt.co.jp\/wp-content\/uploads\/2014\/12\/deden_005-03-150x150.jpg 150w\" sizes=\"(max-width: 110px) 100vw, 110px\" \/><\/td>\n<\/tr>\n<\/tbody>\n<\/table>\n<\/td>\n<\/tr>\n<\/tbody>\n<\/table>\n<p>&nbsp;<\/p>\n<table width=\"100%\" cellspacing=\"0\" cellpadding=\"10\">\n<tbody>\n<tr>\n<th>\n<p class=\"product_h3\">DEDEN-006 Implantes de Sobredentaduras- Empotramiento de Zest<\/p>\n<\/th>\n<\/tr>\n<tr>\n<td>\n<table class=\"none\" width=\"100%\" cellspacing=\"0\" cellpadding=\"0\">\n<tbody>\n<tr>\n<td rowspan=\"2\" width=\"230\"><img loading=\"lazy\" decoding=\"async\" class=\"alignleft wp-image-1111 size-full\" title=\"Lower arch, fully edentulous clear, hard base (2) Zest abutments over implants pink acrylic overdenture with (2) locator caps\" src=\"http:\/\/www.trimunt.co.jp\/wp-content\/uploads\/2014\/12\/deden006-01.jpg\" alt=\"deden006-01\" width=\"230\" height=\"230\" srcset=\"https:\/\/www.trimunt.co.jp\/wp-content\/uploads\/2014\/12\/deden006-01.jpg 230w, https:\/\/www.trimunt.co.jp\/wp-content\/uploads\/2014\/12\/deden006-01-150x150.jpg 150w\" sizes=\"(max-width: 230px) 100vw, 230px\" \/><\/td>\n<td width=\"115\"><img loading=\"lazy\" decoding=\"async\" class=\"alignleft wp-image-1109\" title=\"Lower arch, fully edentulous clear, hard base (2) Zest abutments over implants pink acrylic overdenture with (2) locator caps\" src=\"http:\/\/www.trimunt.co.jp\/wp-content\/uploads\/2014\/12\/deden_006-02.jpg\" alt=\"deden_006-02\" width=\"110\" height=\"110\" srcset=\"https:\/\/www.trimunt.co.jp\/wp-content\/uploads\/2014\/12\/deden_006-02.jpg 230w, https:\/\/www.trimunt.co.jp\/wp-content\/uploads\/2014\/12\/deden_006-02-150x150.jpg 150w\" sizes=\"(max-width: 110px) 100vw, 110px\" \/><\/td>\n<td rowspan=\"2\">\n<ul>\n<li>Arco inferior, desdentada, con base dura<\/li>\n<li>(2)Empotramientos de Zest sobre implantes de sobredentadura de acrilico rosa con (2) tapas de localizador<\/li>\n<\/ul>\n<\/td>\n<\/tr>\n<tr>\n<td><img loading=\"lazy\" decoding=\"async\" class=\"alignleft wp-image-1110\" title=\"Lower arch, fully edentulous clear, hard base (2) Zest abutments over implants pink acrylic overdenture with (2) locator caps\" src=\"http:\/\/www.trimunt.co.jp\/wp-content\/uploads\/2014\/12\/deden_006-03.jpg\" alt=\"deden_006-03\" width=\"110\" height=\"110\" srcset=\"https:\/\/www.trimunt.co.jp\/wp-content\/uploads\/2014\/12\/deden_006-03.jpg 230w, https:\/\/www.trimunt.co.jp\/wp-content\/uploads\/2014\/12\/deden_006-03-150x150.jpg 150w\" sizes=\"(max-width: 110px) 100vw, 110px\" \/><\/td>\n<\/tr>\n<\/tbody>\n<\/table>\n<\/td>\n<\/tr>\n<\/tbody>\n<\/table>\n<p>&nbsp;<\/p>\n<table width=\"100%\" cellspacing=\"0\" cellpadding=\"10\">\n<tbody>\n<tr>\n<th>\n<p class=\"product_h3\">DEDEN-007 Implante Sobredentadura &#8211; H\u00edbrido<\/p>\n<\/th>\n<\/tr>\n<tr>\n<td>\n<table class=\"none\" width=\"100%\" cellspacing=\"0\" cellpadding=\"0\">\n<tbody>\n<tr>\n<td rowspan=\"2\" width=\"230\"><img loading=\"lazy\" decoding=\"async\" class=\"alignleft wp-image-1115 size-full\" title=\"Lower arch, fully edentulous clear, hard base 5 generic external hex implants with screws denture teeth on pink acrylic    Excellent tool for explaining aesthetic satisfaction, recovery of masticatory function by denture fixed with a screw system, and for demonstration of the way of cleaning after implant treatment.\" src=\"http:\/\/www.trimunt.co.jp\/wp-content\/uploads\/2014\/12\/deden007-01.jpg\" alt=\"deden007-01\" width=\"230\" height=\"230\" srcset=\"https:\/\/www.trimunt.co.jp\/wp-content\/uploads\/2014\/12\/deden007-01.jpg 230w, https:\/\/www.trimunt.co.jp\/wp-content\/uploads\/2014\/12\/deden007-01-150x150.jpg 150w\" sizes=\"(max-width: 230px) 100vw, 230px\" \/><\/td>\n<td width=\"115\"><img loading=\"lazy\" decoding=\"async\" class=\"alignleft wp-image-1113\" title=\"Lower arch, fully edentulous clear, hard base 5 generic external hex implants with screws denture teeth on pink acrylic    Excellent tool for explaining aesthetic satisfaction, recovery of masticatory function by denture fixed with a screw system, and for demonstration of the way of cleaning after implant treatment.\" src=\"http:\/\/www.trimunt.co.jp\/wp-content\/uploads\/2014\/12\/deden_007-02.jpg\" alt=\"deden_007-02\" width=\"110\" height=\"110\" srcset=\"https:\/\/www.trimunt.co.jp\/wp-content\/uploads\/2014\/12\/deden_007-02.jpg 230w, https:\/\/www.trimunt.co.jp\/wp-content\/uploads\/2014\/12\/deden_007-02-150x150.jpg 150w\" sizes=\"(max-width: 110px) 100vw, 110px\" \/><\/td>\n<td rowspan=\"2\">\n<ul>\n<li>\u00a0Arco inferior, desdentado, base dura<\/li>\n<li>\u00a05 implantes gen\u00e9ricos externos hexagonales con tornillos dientes en dentadura de acrilico rosa<\/li>\n<\/ul>\n<p>&nbsp;<\/p>\n<p><span style=\"color: #ff0000;\">Excelente herramienta para explicar la satisfacci\u00f3n est\u00e9tica, recuperaci\u00f3n de la funci\u00f3n masticatoria por pr\u00f3tesis fija con un sistema de tornillo y para la demostraci\u00f3n de la manera de limpiar despu\u00e9s del tratamiento con implantes.<\/span><\/p>\n<\/td>\n<\/tr>\n<tr>\n<td><img loading=\"lazy\" decoding=\"async\" class=\"alignleft wp-image-1114\" title=\"Lower arch, fully edentulous clear, hard base 5 generic external hex implants with screws denture teeth on pink acrylic    Excellent tool for explaining aesthetic satisfaction, recovery of masticatory function by denture fixed with a screw system, and for demonstration of the way of cleaning after implant treatment.\" src=\"http:\/\/www.trimunt.co.jp\/wp-content\/uploads\/2014\/12\/deden_007-03.jpg\" alt=\"deden_007-03\" width=\"110\" height=\"110\" srcset=\"https:\/\/www.trimunt.co.jp\/wp-content\/uploads\/2014\/12\/deden_007-03.jpg 230w, https:\/\/www.trimunt.co.jp\/wp-content\/uploads\/2014\/12\/deden_007-03-150x150.jpg 150w\" sizes=\"(max-width: 110px) 100vw, 110px\" \/><\/td>\n<\/tr>\n<\/tbody>\n<\/table>\n<\/td>\n<\/tr>\n<\/tbody>\n<\/table>\n<p>&nbsp;<\/p>\n<\/div>\n<p><\/p>","protected":false},"excerpt":{"rendered":"<p>&nbsp; DEDEN-001 Dentaduras parciales de metal Derecha: Broche de resina en c\u00faspide Implante izquierda: Para demostrar la movilidad del diente y la resorci\u00f3n causada sobre tiempo en la dentadura. &nbsp; DEDEN-002 Dentadura Maxilar sin broche Porciones faltantes Superior derecha 4,5,6 Superior izquierda 3,4 &nbsp; DEDEN-003 Dentadura Maxilar sin broche Porci\u00f3n faltante Inferior Derecha 1,5,6,7 Inferior [&hellip;]<\/p>\n","protected":false},"author":1,"featured_media":0,"parent":466,"menu_order":70,"comment_status":"closed","ping_status":"closed","template":"","meta":{"jetpack_post_was_ever_published":false,"footnotes":""},"aioseo_notices":[],"jetpack_sharing_enabled":true,"jetpack_shortlink":"https:\/\/wp.me\/P6kiPj-7E","jetpack_likes_enabled":true,"_links":{"self":[{"href":"https:\/\/www.trimunt.co.jp\/es\/wp-json\/wp\/v2\/pages\/474"}],"collection":[{"href":"https:\/\/www.trimunt.co.jp\/es\/wp-json\/wp\/v2\/pages"}],"about":[{"href":"https:\/\/www.trimunt.co.jp\/es\/wp-json\/wp\/v2\/types\/page"}],"author":[{"embeddable":true,"href":"https:\/\/www.trimunt.co.jp\/es\/wp-json\/wp\/v2\/users\/1"}],"replies":[{"embeddable":true,"href":"https:\/\/www.trimunt.co.jp\/es\/wp-json\/wp\/v2\/comments?post=474"}],"version-history":[{"count":39,"href":"https:\/\/www.trimunt.co.jp\/es\/wp-json\/wp\/v2\/pages\/474\/revisions"}],"predecessor-version":[{"id":17618,"href":"https:\/\/www.trimunt.co.jp\/es\/wp-json\/wp\/v2\/pages\/474\/revisions\/17618"}],"up":[{"embeddable":true,"href":"https:\/\/www.trimunt.co.jp\/es\/wp-json\/wp\/v2\/pages\/466"}],"wp:attachment":[{"href":"https:\/\/www.trimunt.co.jp\/es\/wp-json\/wp\/v2\/media?parent=474"}],"curies":[{"name":"wp","href":"https:\/\/api.w.org\/{rel}","templated":true}]}}