{"id":476,"date":"2014-12-02T10:20:43","date_gmt":"2014-12-02T01:20:43","guid":{"rendered":"http:\/\/trimunt.atworks-jp.net\/?page_id=476"},"modified":"2020-04-23T19:51:56","modified_gmt":"2020-04-23T10:51:56","slug":"cb-models","status":"publish","type":"page","link":"https:\/\/www.trimunt.co.jp\/es\/dental-education-models\/cb-models\/","title":{"rendered":"C&#038;B Models"},"content":{"rendered":"<p><\/p>\n<p>&nbsp;<\/p>\n<div class=\"prod\">\n<table width=\"100%\" cellspacing=\"0\" cellpadding=\"10\">\n<tbody>\n<tr>\n<th>DECB-001 Ausencia de un diente Implante vs puente<\/th>\n<\/tr>\n<tr>\n<td>\n<table class=\"none\" width=\"100%\">\n<tbody>\n<tr>\n<td><img loading=\"lazy\" decoding=\"async\" class=\"alignleft wp-image-956 size-full\" title=\"Upper 2nd left and right bicuspid and right central are missing. Effective model to show the advantage of a single implant compared with a bridge.\" src=\"http:\/\/www.trimunt.co.jp\/wp-content\/uploads\/2014\/12\/decb_001_r2_c2.jpg\" alt=\"decb_001_r2_c2\" width=\"230\" height=\"230\" srcset=\"https:\/\/www.trimunt.co.jp\/wp-content\/uploads\/2014\/12\/decb_001_r2_c2.jpg 230w, https:\/\/www.trimunt.co.jp\/wp-content\/uploads\/2014\/12\/decb_001_r2_c2-150x150.jpg 150w\" sizes=\"(max-width: 230px) 100vw, 230px\" \/><\/td>\n<td>Faltan los bic\u00faspides, segundo superior y derecho, y derecha central.  Modelo eficaz para demostrar la ventaja que tiene sobre un implante simple comparado con un puente dental.<\/p>\n<table width=\"100%\">\n<tbody>\n<tr>\n<td width=\"70\"><img loading=\"lazy\" decoding=\"async\" class=\"alignleft wp-image-953\" title=\"Implant  Protecing residual teeth. Anchored as natural teeth in the jaw bone for chewing without any uncomfortable feeling. Biting strength is restored as natural teeth. Jaw bone is not atrophied easily.\" src=\"http:\/\/www.trimunt.co.jp\/wp-content\/uploads\/2014\/12\/decb_001_r2_c2_f2-150x150.jpg\" alt=\"decb_001_r2_c2_f2\" width=\"70\" height=\"70\" srcset=\"https:\/\/www.trimunt.co.jp\/wp-content\/uploads\/2014\/12\/decb_001_r2_c2_f2-150x150.jpg 150w, https:\/\/www.trimunt.co.jp\/wp-content\/uploads\/2014\/12\/decb_001_r2_c2_f2.jpg 230w\" sizes=\"(max-width: 70px) 100vw, 70px\" \/><\/td>\n<td width=\"70\"><img loading=\"lazy\" decoding=\"async\" class=\"aligncenter wp-image-954\" title=\"Implant  Protecing residual teeth. Anchored as natural teeth in the jaw bone for chewing without any uncomfortable feeling. Biting strength is restored as natural teeth. Jaw bone is not atrophied easily.\" src=\"http:\/\/www.trimunt.co.jp\/wp-content\/uploads\/2014\/12\/decb_001_r2_c2_f3-150x150.jpg\" alt=\"decb_001_r2_c2_f3\" width=\"70\" height=\"70\" srcset=\"https:\/\/www.trimunt.co.jp\/wp-content\/uploads\/2014\/12\/decb_001_r2_c2_f3-150x150.jpg 150w, https:\/\/www.trimunt.co.jp\/wp-content\/uploads\/2014\/12\/decb_001_r2_c2_f3.jpg 230w\" sizes=\"(max-width: 70px) 100vw, 70px\" \/><\/td>\n<td>\n<p><strong>Implante<\/strong><\/p>\n<ul>\n<li>Protegimiento de dientes residuales.<\/li>\n<li>Anclado como un diente natural en el hueso de la mand\u00edbula para masticar sin ninguna sensaci\u00f3n inc\u00f3moda.<\/li>\n<\/ul>\n<\/td>\n<\/tr>\n<tr>\n<td width=\"70\"><img loading=\"lazy\" decoding=\"async\" class=\"alignleft wp-image-955\" title=\"Bridge  Food particles clog up betweenpontic and gingivae easily. Growing pressure on adjacent teeth will be the reason for tooth loss. Both adjacent teeth have to be prepared even though these are healthy teeth to make a bridge.\" src=\"http:\/\/www.trimunt.co.jp\/wp-content\/uploads\/2014\/12\/decb_001_r2_c2_f4-150x150.jpg\" alt=\"decb_001_r2_c2_f4\" width=\"70\" height=\"70\" srcset=\"https:\/\/www.trimunt.co.jp\/wp-content\/uploads\/2014\/12\/decb_001_r2_c2_f4-150x150.jpg 150w, https:\/\/www.trimunt.co.jp\/wp-content\/uploads\/2014\/12\/decb_001_r2_c2_f4.jpg 230w\" sizes=\"(max-width: 70px) 100vw, 70px\" \/><\/td>\n<td colspan=\"2\">\n<p><strong>Puente<\/strong><\/p>\n<ul>\n<li>Las part\u00edculas de los alimentos se pueden atascar f\u00e1cilmente entre el p\u00f3ntico y la encia.<\/li>\n<li>La presi\u00f3n causada en los dientes adyacentes ser\u00e1 la raz\u00f3n de la p\u00e9rdida de los dientes.<\/li>\n<li>Ambos dientes adyacentes tienen que ser preparados a pesar de que estos son dientes sanos para hacer un puente dental.<\/li>\n<\/ul>\n<\/td>\n<\/tr>\n<\/tbody>\n<\/table>\n<\/td>\n<\/tr>\n<tr>\n<td colspan=\"2\"><\/td>\n<\/tr>\n<\/tbody>\n<\/table>\n<\/td>\n<\/tr>\n<\/tbody>\n<\/table>\n<p>&nbsp;<\/p>\n<table width=\"100%\" cellspacing=\"0\" cellpadding=\"10\">\n<tbody>\n<tr>\n<th>DECB-002 Implante con defecto intermediario (con ventana transparente) vs puente<\/th>\n<\/tr>\n<tr>\n<td>\n<table class=\"none\" width=\"100%\">\n<tbody>\n<tr>\n<td><img loading=\"lazy\" decoding=\"async\" class=\"alignleft wp-image-995 size-full\" title=\" Upper right &amp; left #4,5, 6 are missing and having ample remaining bone. Window to view and understand the dental implant as an ample post on the right molar.\" src=\"http:\/\/www.trimunt.co.jp\/wp-content\/uploads\/2014\/12\/decb_002_r2_c2.jpg\" alt=\"decb_002_r2_c2\" width=\"230\" height=\"230\" srcset=\"https:\/\/www.trimunt.co.jp\/wp-content\/uploads\/2014\/12\/decb_002_r2_c2.jpg 230w, https:\/\/www.trimunt.co.jp\/wp-content\/uploads\/2014\/12\/decb_002_r2_c2-150x150.jpg 150w\" sizes=\"(max-width: 230px) 100vw, 230px\" \/><\/td>\n<td>Faltan superior derecha &#038; izquierda #4,5,6 pero con abundante hueso restante.<br \/>\nVentana para ver y entender el implante dental como un amplio poste en la muela derecha.<\/p>\n<table width=\"100%\">\n<tbody>\n<tr>\n<td width=\"70\"><img loading=\"lazy\" decoding=\"async\" class=\"alignleft wp-image-992\" title=\"Implant  Jaw bone is not easily atrophied. Protecting residual teeth. To anchor in the jaw bone and can chew without uncomortable feeling.\" src=\"http:\/\/www.trimunt.co.jp\/wp-content\/uploads\/2014\/12\/decb_002_r2_c2_f2.jpg\" alt=\"decb_002_r2_c2_f2\" width=\"70\" height=\"70\" srcset=\"https:\/\/www.trimunt.co.jp\/wp-content\/uploads\/2014\/12\/decb_002_r2_c2_f2.jpg 230w, https:\/\/www.trimunt.co.jp\/wp-content\/uploads\/2014\/12\/decb_002_r2_c2_f2-150x150.jpg 150w\" sizes=\"(max-width: 70px) 100vw, 70px\" \/><\/td>\n<td width=\"70\"><img loading=\"lazy\" decoding=\"async\" class=\"alignleft wp-image-994\" title=\"Implant  Jaw bone is not easily atrophied. Protecting residual teeth. To anchor in the jaw bone and can chew without uncomortable feeling.\" src=\"http:\/\/www.trimunt.co.jp\/wp-content\/uploads\/2014\/12\/decb_002_r2_c2_f4.jpg\" alt=\"decb_002_r2_c2_f4\" width=\"70\" height=\"70\" srcset=\"https:\/\/www.trimunt.co.jp\/wp-content\/uploads\/2014\/12\/decb_002_r2_c2_f4.jpg 230w, https:\/\/www.trimunt.co.jp\/wp-content\/uploads\/2014\/12\/decb_002_r2_c2_f4-150x150.jpg 150w\" sizes=\"(max-width: 70px) 100vw, 70px\" \/><\/td>\n<td>\n<p><strong>Implante<\/strong><\/p>\n<ul>\n<li>Hueso de la mand\u00edbula no es f\u00e1cilmente atrofiado.<\/li>\n<li>Protegiendo dientes residuales. Anclado(sujetado) en el hueso de la mandibula para ser posible de masticar sin cualquier sensaci\u00f3n inc\u00f3moda.<\/li>\n<li>Anclado en el hueso de la mandibula para ser posible de masticar sin cualquier sensaci\u00f3n inc\u00f3moda.<\/li>\n<\/ul>\n<\/td>\n<\/tr>\n<tr>\n<td width=\"70\"><img loading=\"lazy\" decoding=\"async\" class=\"alignleft wp-image-993\" title=\"Bridge  Food particles easily clog up between the pontic and gingivae. Growing pressure on adjacent teeth will be the reason for tooth loss. Both adjacent teeth have to be prepared even though these are healthy teeth to make a bridge.\" src=\"http:\/\/www.trimunt.co.jp\/wp-content\/uploads\/2014\/12\/decb_002_r2_c2_f3.jpg\" alt=\"decb_002_r2_c2_f3\" width=\"70\" height=\"70\" srcset=\"https:\/\/www.trimunt.co.jp\/wp-content\/uploads\/2014\/12\/decb_002_r2_c2_f3.jpg 230w, https:\/\/www.trimunt.co.jp\/wp-content\/uploads\/2014\/12\/decb_002_r2_c2_f3-150x150.jpg 150w\" sizes=\"(max-width: 70px) 100vw, 70px\" \/><\/td>\n<td colspan=\"2\">\n<p><strong>Puente<\/strong><\/p>\n<ul>\n<li>Las part\u00edculas de alimentos pueden atascar entre el p\u00f3ntico y la encia f\u00e1cilmente.<\/li>\n<li>La presi\u00f3n causada en los dientes adyacentes ser\u00e1 la raz\u00f3n de la p\u00e9rdida de los dientes.\n    <\/li>\n<li>Ambos dientes adyacentes tienen que ser preparados a pesar de que estos son dientes sanos para hacer un puente dental.<\/li>\n<\/ul>\n<\/td>\n<\/tr>\n<\/tbody>\n<\/table>\n<\/td>\n<\/tr>\n<tr>\n<td colspan=\"2\"><\/td>\n<\/tr>\n<\/tbody>\n<\/table>\n<\/td>\n<\/tr>\n<\/tbody>\n<\/table>\n<p>&nbsp;<\/p>\n<table width=\"100%\" cellspacing=\"0\" cellpadding=\"10\">\n<tbody>\n<tr>\n<th>DECB-003  Implantes con defecto de extremo libre vs Dentadura parcial<\/th>\n<\/tr>\n<tr>\n<td>\n<table class=\"none\" width=\"100%\">\n<tbody>\n<tr>\n<td><img loading=\"lazy\" decoding=\"async\" class=\"alignleft wp-image-1004 size-full\" title=\"Both right &amp; left molar are missing but having ample remaining bone. To demonstrate the problem of having a denture to patients.\" src=\"http:\/\/www.trimunt.co.jp\/wp-content\/uploads\/2014\/12\/decb_003_r2_c2-2.jpg\" alt=\"decb_003_r2_c2-2\" width=\"230\" height=\"230\" srcset=\"https:\/\/www.trimunt.co.jp\/wp-content\/uploads\/2014\/12\/decb_003_r2_c2-2.jpg 230w, https:\/\/www.trimunt.co.jp\/wp-content\/uploads\/2014\/12\/decb_003_r2_c2-2-150x150.jpg 150w\" sizes=\"(max-width: 230px) 100vw, 230px\" \/><\/td>\n<td>\n<p>&nbsp;<\/p>\n<p>Faltan ambas muelas derechas &#038; izquierdas pero con abundante hueso.<br \/>\nPara demostrar los problemas teniendo dentadura a los pacientes.<\/p>\n<p><strong>Implante<\/strong><\/p>\n<ul>\n<li>Protegiendo los dientes restantes.<\/li>\n<li>Anclado como un diente natural en el hueso de la mand\u00edbula para masticar sin ninguna sensaci\u00f3n inc\u00f3moda.<\/li>\n<li>El hueso de la mand\u00edbula no se atrof\u00eda f\u00e1cilmente.<\/li>\n<\/ul>\n<p class=\"product_p1\">&nbsp;<\/p>\n<p><strong>Dentura Parcial<\/strong><\/p>\n<ul>\n<li>Un premolar tiene que soportar la dentadura, por lo tanto el broche y el canto aveolar est\u00e1n bajo tensi\u00f3n.<\/li>\n<li>La sumersi\u00f3n o presi\u00f3n lateral puede causar el movimiento lateral.<\/li>\n<\/ul>\n<p class=\"product_p1\"><img loading=\"lazy\" decoding=\"async\" class=\"alignleft wp-image-1002\" title=\"Both right &amp; left molar are missing but having ample remaining bone. To demonstrate the problem of having a denture to patients.\" src=\"http:\/\/www.trimunt.co.jp\/wp-content\/uploads\/2014\/12\/decb_003_r2_c2_f2.jpg\" alt=\"decb_003_r2_c2_f2\" width=\"136\" height=\"70\" srcset=\"https:\/\/www.trimunt.co.jp\/wp-content\/uploads\/2014\/12\/decb_003_r2_c2_f2.jpg 447w, https:\/\/www.trimunt.co.jp\/wp-content\/uploads\/2014\/12\/decb_003_r2_c2_f2-300x154.jpg 300w\" sizes=\"(max-width: 136px) 100vw, 136px\" \/><\/p>\n<\/td>\n<\/tr>\n<tr>\n<td colspan=\"2\"><\/td>\n<\/tr>\n<\/tbody>\n<\/table>\n<\/td>\n<\/tr>\n<\/tbody>\n<\/table>\n<p>&nbsp;<\/p>\n<table width=\"100%\" cellspacing=\"0\" cellpadding=\"10\">\n<tbody>\n<tr>\n<th>DECB-004 Corona y puente<\/th>\n<\/tr>\n<tr>\n<td>\n<table class=\"none\" width=\"100%\" cellspacing=\"0\" cellpadding=\"0\">\n<tbody>\n<tr>\n<td><img loading=\"lazy\" decoding=\"async\" class=\"alignleft wp-image-1017 size-full\" title=\"to explain and suggest various types of crown and bridge restorations to patients.\" src=\"http:\/\/www.trimunt.co.jp\/wp-content\/uploads\/2014\/12\/decb_004_r2_c2.jpg\" alt=\"decb_004_r2_c2\" width=\"230\" height=\"230\" srcset=\"https:\/\/www.trimunt.co.jp\/wp-content\/uploads\/2014\/12\/decb_004_r2_c2.jpg 230w, https:\/\/www.trimunt.co.jp\/wp-content\/uploads\/2014\/12\/decb_004_r2_c2-150x150.jpg 150w\" sizes=\"(max-width: 230px) 100vw, 230px\" \/><\/td>\n<td>\n<p>Para explicar y sugerir varios tipos de coronas y restauraciones de puentes a los pacientes<\/p>\n<table width=\"100%\" cellspacing=\"0\" cellpadding=\"0\">\n<tbody>\n<tr>\n<td width=\"33%\"><img loading=\"lazy\" decoding=\"async\" class=\"alignleft wp-image-1012\" title=\"Right 7th.\nPorcelain Inlay\" src=\"http:\/\/www.trimunt.co.jp\/wp-content\/uploads\/2014\/12\/decb_004_r2_c2_f2.jpg\" alt=\"decb_004_r2_c2_f2\" width=\"70\" height=\"70\" srcset=\"https:\/\/www.trimunt.co.jp\/wp-content\/uploads\/2014\/12\/decb_004_r2_c2_f2.jpg 230w, https:\/\/www.trimunt.co.jp\/wp-content\/uploads\/2014\/12\/decb_004_r2_c2_f2-150x150.jpg 150w\" sizes=\"(max-width: 70px) 100vw, 70px\" \/><\/td>\n<td width=\"33%\"><img loading=\"lazy\" decoding=\"async\" class=\"alignleft wp-image-1014\" title=\"Right 1st. \nPorcelain Jacket\" src=\"http:\/\/www.trimunt.co.jp\/wp-content\/uploads\/2014\/12\/decb_004_r2_c2_f4.jpg\" alt=\"decb_004_r2_c2_f4\" width=\"70\" height=\"70\" srcset=\"https:\/\/www.trimunt.co.jp\/wp-content\/uploads\/2014\/12\/decb_004_r2_c2_f4.jpg 230w, https:\/\/www.trimunt.co.jp\/wp-content\/uploads\/2014\/12\/decb_004_r2_c2_f4-150x150.jpg 150w\" sizes=\"(max-width: 70px) 100vw, 70px\" \/><\/td>\n<td width=\"33%\"><img loading=\"lazy\" decoding=\"async\" class=\"alignleft wp-image-1016\" title=\"Left 3rd-5th.\nCeramic Bridge\" src=\"http:\/\/www.trimunt.co.jp\/wp-content\/uploads\/2014\/12\/decb_004_r2_c2_f6.jpg\" alt=\"decb_004_r2_c2_f6\" width=\"70\" height=\"70\" srcset=\"https:\/\/www.trimunt.co.jp\/wp-content\/uploads\/2014\/12\/decb_004_r2_c2_f6.jpg 230w, https:\/\/www.trimunt.co.jp\/wp-content\/uploads\/2014\/12\/decb_004_r2_c2_f6-150x150.jpg 150w\" sizes=\"(max-width: 70px) 100vw, 70px\" \/><\/td>\n<\/tr>\n<tr>\n<td>\n<p class=\"product_p1\">Derecho septima<br \/>\n  Empaste de porcelana<\/p>\n<\/td>\n<td>\n<p class=\"product_p1\">Derecha primera\u00a0<br \/>\n  Corona de Porcelana<\/p>\n<\/td>\n<td>\n<p class=\"product_p1\">Izquierda tercera a quinta<br \/>\n  Puente ceramica<\/p>\n<\/td>\n<\/tr>\n<tr>\n<td><img loading=\"lazy\" decoding=\"async\" class=\"alignleft wp-image-1013\" title=\"Right 6th. \nGold Crown\" src=\"http:\/\/www.trimunt.co.jp\/wp-content\/uploads\/2014\/12\/decb_004_r2_c2_f3.jpg\" alt=\"decb_004_r2_c2_f3\" width=\"70\" height=\"70\" srcset=\"https:\/\/www.trimunt.co.jp\/wp-content\/uploads\/2014\/12\/decb_004_r2_c2_f3.jpg 230w, https:\/\/www.trimunt.co.jp\/wp-content\/uploads\/2014\/12\/decb_004_r2_c2_f3-150x150.jpg 150w\" sizes=\"(max-width: 70px) 100vw, 70px\" \/><\/td>\n<td><img loading=\"lazy\" decoding=\"async\" class=\"alignleft wp-image-1015\" title=\"Left 1st.\nVeneer\" src=\"http:\/\/www.trimunt.co.jp\/wp-content\/uploads\/2014\/12\/decb_004_r2_c2_f5.jpg\" alt=\"decb_004_r2_c2_f5\" width=\"70\" height=\"70\" srcset=\"https:\/\/www.trimunt.co.jp\/wp-content\/uploads\/2014\/12\/decb_004_r2_c2_f5.jpg 230w, https:\/\/www.trimunt.co.jp\/wp-content\/uploads\/2014\/12\/decb_004_r2_c2_f5-150x150.jpg 150w\" sizes=\"(max-width: 70px) 100vw, 70px\" \/><\/td>\n<td><\/td>\n<\/tr>\n<tr>\n<td>\n<p class=\"product_p1\">Derecha sexta<br \/>\n  Corona de Oro<\/p>\n<\/td>\n<td>\n<p class=\"product_p1\">Izquierda primera<br \/>\n  Chapa, funda, veneer<\/p>\n<\/td>\n<td><\/td>\n<\/tr>\n<\/tbody>\n<\/table>\n<\/td>\n<\/tr>\n<tr>\n<td colspan=\"2\"><\/td>\n<\/tr>\n<\/tbody>\n<\/table>\n<\/td>\n<\/tr>\n<\/tbody>\n<\/table>\n<p>&nbsp;<\/p>\n<\/div>\n<p><\/p>","protected":false},"excerpt":{"rendered":"<p>&nbsp; DECB-001 Ausencia de un diente Implante vs puente Faltan los bic\u00faspides, segundo superior y derecho, y derecha central. Modelo eficaz para demostrar la ventaja que tiene sobre un implante simple comparado con un puente dental. Implante Protegimiento de dientes residuales. Anclado como un diente natural en el hueso de la mand\u00edbula para masticar sin [&hellip;]<\/p>\n","protected":false},"author":1,"featured_media":0,"parent":466,"menu_order":40,"comment_status":"closed","ping_status":"closed","template":"","meta":{"jetpack_post_was_ever_published":false,"footnotes":""},"aioseo_notices":[],"jetpack_sharing_enabled":true,"jetpack_shortlink":"https:\/\/wp.me\/P6kiPj-7G","jetpack_likes_enabled":true,"_links":{"self":[{"href":"https:\/\/www.trimunt.co.jp\/es\/wp-json\/wp\/v2\/pages\/476"}],"collection":[{"href":"https:\/\/www.trimunt.co.jp\/es\/wp-json\/wp\/v2\/pages"}],"about":[{"href":"https:\/\/www.trimunt.co.jp\/es\/wp-json\/wp\/v2\/types\/page"}],"author":[{"embeddable":true,"href":"https:\/\/www.trimunt.co.jp\/es\/wp-json\/wp\/v2\/users\/1"}],"replies":[{"embeddable":true,"href":"https:\/\/www.trimunt.co.jp\/es\/wp-json\/wp\/v2\/comments?post=476"}],"version-history":[{"count":102,"href":"https:\/\/www.trimunt.co.jp\/es\/wp-json\/wp\/v2\/pages\/476\/revisions"}],"predecessor-version":[{"id":17616,"href":"https:\/\/www.trimunt.co.jp\/es\/wp-json\/wp\/v2\/pages\/476\/revisions\/17616"}],"up":[{"embeddable":true,"href":"https:\/\/www.trimunt.co.jp\/es\/wp-json\/wp\/v2\/pages\/466"}],"wp:attachment":[{"href":"https:\/\/www.trimunt.co.jp\/es\/wp-json\/wp\/v2\/media?parent=476"}],"curies":[{"name":"wp","href":"https:\/\/api.w.org\/{rel}","templated":true}]}}