{"id":478,"date":"2014-12-02T10:20:43","date_gmt":"2014-12-02T01:20:43","guid":{"rendered":"http:\/\/trimunt.atworks-jp.net\/?page_id=478"},"modified":"2023-09-14T16:25:58","modified_gmt":"2023-09-14T07:25:58","slug":"anatomical-models","status":"publish","type":"page","link":"https:\/\/www.trimunt.co.jp\/es\/dental-education-models\/anatomical-models\/","title":{"rendered":"Modelos de Anatonomia"},"content":{"rendered":"<p>&nbsp;<\/p>\n<div class=\"prod\">\n<table width=\"100%\" cellspacing=\"0\" cellpadding=\"10\">\n<tbody>\n<tr>\n<th>\n<p class=\"product_h3\">ANA28F-LA001 (Transparente) Modelo de dientes arraigado anat\u00f3micos extra\u00edbles<\/p>\n<\/th>\n<\/tr>\n<tr>\n<td>\n<table class=\"none\" width=\"100%\">\n<tbody>\n<tr>\n<td colspan=\"2\" width=\"230\" height=\"230\"><img loading=\"lazy\" decoding=\"async\" class=\"alignleft wp-image-1035 size-full\" title=\"\u5929\u7136\u6b6f\u306e\u5f62\u614b\u3092\u3057\u305f\u6b6f\u7259\u304c\u3001\u8edf\u8cea\u30bf\u30a4\u30d7\u306e\u984e\u306b\u88c5\u7740\u3055\u308c\u3066\u3044\u307e\u3059\u3002 \u6b6f\u306f\u7740\u8131\u53ef\u80fd\u3001\u6b6f\u51a0\u3084\u6b6f\u6839\u5f62\u614b\u306e\u89b3\u5bdf\u3082\u53ef\u80fd\u3002 \u6b20\u640d\u90e8\u4f4d\u306e\u518d\u73fe\u3001\u4e0d\u6b63\u54ac\u5408\u306e\u8aac\u660e\u306a\u3069\u984e\u304c\u67d4\u3089\u304b\u3044\u5206\u3001\u591a\u76ee\u7684\u306b \u60a3\u8005\u69d8\u8aac\u660e\u7528\u306b\u7528\u3044\u308b\u3053\u3068\u304c\u53ef\u80fd\u3067\u3059\u3002\" src=\"http:\/\/www.trimunt.co.jp\/wp-content\/uploads\/2014\/12\/ANA28F-LA001-01.png\" alt=\"ANA28F-LA001-01\" width=\"230\" height=\"230\" srcset=\"https:\/\/www.trimunt.co.jp\/wp-content\/uploads\/2014\/12\/ANA28F-LA001-01.png 230w, https:\/\/www.trimunt.co.jp\/wp-content\/uploads\/2014\/12\/ANA28F-LA001-01-150x150.png 150w\" sizes=\"(max-width: 230px) 100vw, 230px\" \/><\/td>\n<td rowspan=\"2\">\n<p class=\"product_p2\">Herramienta adecuada para observar los movimientos del instrumento.<\/p>\n<p class=\"product_p2\">Especialmente para el raspado y alisado periodontal de la ra\u00edz.<\/p>\n<p>&nbsp;<\/p>\n<table border=\"0\" width=\"100%\" cellspacing=\"0\" cellpadding=\"0\">\n<tbody>\n<tr>\n<td style=\"text-align: center;\" colspan=\"3\"><span style=\"font-size: 10pt;\"><strong>Educaci\u00f3n al Paciente mediante el uso de la enc\u00eda suave<br \/>\n<\/strong><\/span><\/td>\n<\/tr>\n<tr>\n<td width=\"33%\"><img loading=\"lazy\" decoding=\"async\" class=\" wp-image-2659 aligncenter\" src=\"http:\/\/www.trimunt.co.jp\/wp-content\/uploads\/2014\/12\/ana28f_01.png\" alt=\"ana28f_01\" width=\"130\" height=\"120\" \/><\/td>\n<td width=\"33%\"><img loading=\"lazy\" decoding=\"async\" class=\" wp-image-2657 aligncenter\" src=\"http:\/\/www.trimunt.co.jp\/wp-content\/uploads\/2014\/12\/ana28f_02.png\" alt=\"ana28f_02\" width=\"129\" height=\"120\" \/><\/td>\n<td width=\"33%\"><img loading=\"lazy\" decoding=\"async\" class=\" wp-image-2660 aligncenter\" src=\"http:\/\/www.trimunt.co.jp\/wp-content\/uploads\/2014\/12\/ana28f_03.png\" alt=\"ana28f_03\" width=\"129\" height=\"120\" \/><\/td>\n<\/tr>\n<tr>\n<td style=\"text-align: center;\"><span style=\"font-size: 8pt;\">Demostraci\u00f3n del<br \/>\ncaso de maloclusi\u00f3n <\/span><\/td>\n<td style=\"text-align: center;\"><span style=\"font-size: 8pt;\">Demostraci\u00f3n del<br \/>\narco superior estrecho <\/span><\/td>\n<td style=\"text-align: center;\"><span style=\"font-size: 8pt;\">Demostraci\u00f3n de<br \/>\nla inclinaci\u00f3n del diente producido por<br \/>\nla p\u00e9rdida de diente <\/span><\/td>\n<\/tr>\n<\/tbody>\n<\/table>\n<p>&nbsp;<\/p>\n<table border=\"0\" width=\"100%\">\n<tbody>\n<tr>\n<td><img loading=\"lazy\" decoding=\"async\" class=\" wp-image-2658 aligncenter\" src=\"http:\/\/www.trimunt.co.jp\/wp-content\/uploads\/2014\/12\/ana28f_05.png\" alt=\"ana28f_05\" width=\"359\" height=\"183\" srcset=\"https:\/\/www.trimunt.co.jp\/wp-content\/uploads\/2014\/12\/ana28f_05.png 510w, https:\/\/www.trimunt.co.jp\/wp-content\/uploads\/2014\/12\/ana28f_05-300x153.png 300w\" sizes=\"(max-width: 359px) 100vw, 359px\" \/><\/td>\n<\/tr>\n<tr>\n<td style=\"text-align: center;\"><span style=\"font-size: 8pt;\">Los dientes de 2 colores son duplicados de dientes naturales.<br \/>\n<\/span><\/td>\n<\/tr>\n<\/tbody>\n<\/table>\n<\/td>\n<\/tr>\n<tr>\n<td width=\"110\"><img loading=\"lazy\" decoding=\"async\" class=\"alignleft wp-image-1036\" title=\"\u5929\u7136\u6b6f\u306e\u5f62\u614b\u3092\u3057\u305f\u6b6f\u7259\u304c\u3001\u8edf\u8cea\u30bf\u30a4\u30d7\u306e\u984e\u306b\u88c5\u7740\u3055\u308c\u3066\u3044\u307e\u3059\u3002 \u6b6f\u306f\u7740\u8131\u53ef\u80fd\u3001\u6b6f\u51a0\u3084\u6b6f\u6839\u5f62\u614b\u306e\u89b3\u5bdf\u3082\u53ef\u80fd\u3002 \u6b20\u640d\u90e8\u4f4d\u306e\u518d\u73fe\u3001\u4e0d\u6b63\u54ac\u5408\u306e\u8aac\u660e\u306a\u3069\u984e\u304c\u67d4\u3089\u304b\u3044\u5206\u3001\u591a\u76ee\u7684\u306b \u60a3\u8005\u69d8\u8aac\u660e\u7528\u306b\u7528\u3044\u308b\u3053\u3068\u304c\u53ef\u80fd\u3067\u3059\u3002\" src=\"http:\/\/www.trimunt.co.jp\/wp-content\/uploads\/2014\/12\/ANA28F-LA001-02.png\" alt=\"ANA28F-LA001-02\" width=\"110\" height=\"110\" srcset=\"https:\/\/www.trimunt.co.jp\/wp-content\/uploads\/2014\/12\/ANA28F-LA001-02.png 230w, https:\/\/www.trimunt.co.jp\/wp-content\/uploads\/2014\/12\/ANA28F-LA001-02-150x150.png 150w\" sizes=\"(max-width: 110px) 100vw, 110px\" \/><\/td>\n<td width=\"110\"><img loading=\"lazy\" decoding=\"async\" class=\"alignleft wp-image-1037\" title=\"\u5929\u7136\u6b6f\u306e\u5f62\u614b\u3092\u3057\u305f\u6b6f\u7259\u304c\u3001\u8edf\u8cea\u30bf\u30a4\u30d7\u306e\u984e\u306b\u88c5\u7740\u3055\u308c\u3066\u3044\u307e\u3059\u3002 \u6b6f\u306f\u7740\u8131\u53ef\u80fd\u3001\u6b6f\u51a0\u3084\u6b6f\u6839\u5f62\u614b\u306e\u89b3\u5bdf\u3082\u53ef\u80fd\u3002 \u6b20\u640d\u90e8\u4f4d\u306e\u518d\u73fe\u3001\u4e0d\u6b63\u54ac\u5408\u306e\u8aac\u660e\u306a\u3069\u984e\u304c\u67d4\u3089\u304b\u3044\u5206\u3001\u591a\u76ee\u7684\u306b \u60a3\u8005\u69d8\u8aac\u660e\u7528\u306b\u7528\u3044\u308b\u3053\u3068\u304c\u53ef\u80fd\u3067\u3059\u3002\" src=\"http:\/\/www.trimunt.co.jp\/wp-content\/uploads\/2014\/12\/ANA28F-LA001-03.png\" alt=\"ANA28F-LA001-03\" width=\"110\" height=\"110\" srcset=\"https:\/\/www.trimunt.co.jp\/wp-content\/uploads\/2014\/12\/ANA28F-LA001-03.png 230w, https:\/\/www.trimunt.co.jp\/wp-content\/uploads\/2014\/12\/ANA28F-LA001-03-150x150.png 150w\" sizes=\"(max-width: 110px) 100vw, 110px\" \/><\/td>\n<\/tr>\n<\/tbody>\n<\/table>\n<p>&nbsp;<\/td>\n<\/tr>\n<\/tbody>\n<\/table>\n<p>&nbsp;<\/p>\n<table width=\"100%\" cellspacing=\"0\" cellpadding=\"10\">\n<tbody>\n<tr>\n<th>\n<p class=\"product_h3\">ANA28F-LA002 (Rosa) Modelo de dientes arraigado anat\u00f3micos extra\u00edbles<\/p>\n<\/th>\n<\/tr>\n<tr>\n<td>\n<table class=\"none\" width=\"100%\">\n<tbody>\n<tr>\n<td colspan=\"2\" width=\"230\" height=\"230\"><img loading=\"lazy\" decoding=\"async\" class=\"alignleft wp-image-1049 size-full\" title=\"\u5929\u7136\u6b6f\u306e\u5f62\u614b\u3092\u3057\u305f\u6b6f\u7259\u304c\u3001\u8edf\u8cea\u30bf\u30a4\u30d7\u306e\u984e\u306b\u88c5\u7740\u3055\u308c\u3066\u3044\u307e\u3059\u3002 \u6b6f\u306f\u7740\u8131\u53ef\u80fd\u3001\u6b6f\u51a0\u3084\u6b6f\u6839\u5f62\u614b\u306e\u89b3\u5bdf\u3082\u53ef\u80fd\u3002 \u6b20\u640d\u90e8\u4f4d\u306e\u518d\u73fe\u3001\u4e0d\u6b63\u54ac\u5408\u306e\u8aac\u660e\u306a\u3069\u984e\u304c\u67d4\u3089\u304b\u3044\u5206\u3001\u591a\u76ee\u7684\u306b \u60a3\u8005\u69d8\u8aac\u660e\u7528\u306b\u7528\u3044\u308b\u3053\u3068\u304c\u53ef\u80fd\u3067\u3059\u3002\" src=\"http:\/\/www.trimunt.co.jp\/wp-content\/uploads\/2014\/12\/ANA28F-LA002-01.png\" alt=\"ANA28F-LA002-01\" width=\"230\" height=\"230\" srcset=\"https:\/\/www.trimunt.co.jp\/wp-content\/uploads\/2014\/12\/ANA28F-LA002-01.png 230w, https:\/\/www.trimunt.co.jp\/wp-content\/uploads\/2014\/12\/ANA28F-LA002-01-150x150.png 150w\" sizes=\"(max-width: 230px) 100vw, 230px\" \/><\/td>\n<td colspan=\"2\" rowspan=\"2\">\n<p class=\"product_p2\">Los dientes son facilmente extraibles y volverse a poner en la suave encia.<\/p>\n<p class=\"product_p2\">Entrenamiento de pr\u00e1ctica para aprender la anatonom\u00eda del diente, oclusi\u00f3n, la forma de la ra\u00edz, etc. mediante el uso de un modelo real.<\/p>\n<p>&nbsp;<\/p>\n<table border=\"0\" width=\"100%\" cellspacing=\"0\" cellpadding=\"0\">\n<tbody>\n<tr>\n<td style=\"text-align: center;\" colspan=\"3\"><span style=\"font-size: 10pt;\"><strong>Educaci\u00f3n al Paciente mediante el uso de la enc\u00eda suave <\/strong><\/span><\/td>\n<\/tr>\n<tr>\n<td width=\"33%\"><img loading=\"lazy\" decoding=\"async\" class=\" wp-image-2659 aligncenter\" src=\"http:\/\/www.trimunt.co.jp\/wp-content\/uploads\/2014\/12\/ana28f_01.png\" alt=\"ana28f_01\" width=\"130\" height=\"120\" \/><\/td>\n<td width=\"33%\"><img loading=\"lazy\" decoding=\"async\" class=\" wp-image-2657 aligncenter\" src=\"http:\/\/www.trimunt.co.jp\/wp-content\/uploads\/2014\/12\/ana28f_02.png\" alt=\"ana28f_02\" width=\"129\" height=\"120\" \/><\/td>\n<td width=\"33%\"><img loading=\"lazy\" decoding=\"async\" class=\" wp-image-2660 aligncenter\" src=\"http:\/\/www.trimunt.co.jp\/wp-content\/uploads\/2014\/12\/ana28f_03.png\" alt=\"ana28f_03\" width=\"129\" height=\"120\" \/><\/td>\n<\/tr>\n<tr>\n<td style=\"text-align: center;\"><span style=\"font-size: 8pt;\">Demostraci\u00f3n del<br \/>\ncaso de maloclusi\u00f3n <\/span><\/td>\n<td style=\"text-align: center;\"><span style=\"font-size: 8pt;\">Demostraci\u00f3n del<br \/>\narco superior estrecho <\/span><\/td>\n<td style=\"text-align: center;\"><span style=\"font-size: 8pt;\">Demostraci\u00f3n de<br \/>\nla inclinaci\u00f3n del diente producido por<br \/>\nla p\u00e9rdida de diente <\/span><\/td>\n<\/tr>\n<\/tbody>\n<\/table>\n<p>&nbsp;<\/p>\n<table border=\"0\" width=\"100%\">\n<tbody>\n<tr>\n<td><img loading=\"lazy\" decoding=\"async\" class=\" wp-image-2658 aligncenter\" src=\"http:\/\/www.trimunt.co.jp\/wp-content\/uploads\/2014\/12\/ana28f_05.png\" alt=\"ana28f_05\" width=\"359\" height=\"183\" srcset=\"https:\/\/www.trimunt.co.jp\/wp-content\/uploads\/2014\/12\/ana28f_05.png 510w, https:\/\/www.trimunt.co.jp\/wp-content\/uploads\/2014\/12\/ana28f_05-300x153.png 300w\" sizes=\"(max-width: 359px) 100vw, 359px\" \/><\/td>\n<\/tr>\n<tr>\n<td style=\"text-align: center;\"><span style=\"font-size: 8pt;\">Los dientes de 2 colores son duplicados de dientes naturales. <\/span><\/td>\n<\/tr>\n<\/tbody>\n<\/table>\n<\/td>\n<\/tr>\n<tr>\n<td width=\"110\"><img loading=\"lazy\" decoding=\"async\" class=\"alignleft wp-image-1050\" title=\"\u5929\u7136\u6b6f\u306e\u5f62\u614b\u3092\u3057\u305f\u6b6f\u7259\u304c\u3001\u8edf\u8cea\u30bf\u30a4\u30d7\u306e\u984e\u306b\u88c5\u7740\u3055\u308c\u3066\u3044\u307e\u3059\u3002 \u6b6f\u306f\u7740\u8131\u53ef\u80fd\u3001\u6b6f\u51a0\u3084\u6b6f\u6839\u5f62\u614b\u306e\u89b3\u5bdf\u3082\u53ef\u80fd\u3002 \u6b20\u640d\u90e8\u4f4d\u306e\u518d\u73fe\u3001\u4e0d\u6b63\u54ac\u5408\u306e\u8aac\u660e\u306a\u3069\u984e\u304c\u67d4\u3089\u304b\u3044\u5206\u3001\u591a\u76ee\u7684\u306b \u60a3\u8005\u69d8\u8aac\u660e\u7528\u306b\u7528\u3044\u308b\u3053\u3068\u304c\u53ef\u80fd\u3067\u3059\u3002\" src=\"http:\/\/www.trimunt.co.jp\/wp-content\/uploads\/2014\/12\/ANA28F-LA002-02.png\" alt=\"ANA28F-LA002-02\" width=\"110\" height=\"110\" srcset=\"https:\/\/www.trimunt.co.jp\/wp-content\/uploads\/2014\/12\/ANA28F-LA002-02.png 230w, https:\/\/www.trimunt.co.jp\/wp-content\/uploads\/2014\/12\/ANA28F-LA002-02-150x150.png 150w\" sizes=\"(max-width: 110px) 100vw, 110px\" \/><\/td>\n<td width=\"110\"><img loading=\"lazy\" decoding=\"async\" class=\"alignleft wp-image-1051\" title=\"\u5929\u7136\u6b6f\u306e\u5f62\u614b\u3092\u3057\u305f\u6b6f\u7259\u304c\u3001\u8edf\u8cea\u30bf\u30a4\u30d7\u306e\u984e\u306b\u88c5\u7740\u3055\u308c\u3066\u3044\u307e\u3059\u3002 \u6b6f\u306f\u7740\u8131\u53ef\u80fd\u3001\u6b6f\u51a0\u3084\u6b6f\u6839\u5f62\u614b\u306e\u89b3\u5bdf\u3082\u53ef\u80fd\u3002 \u6b20\u640d\u90e8\u4f4d\u306e\u518d\u73fe\u3001\u4e0d\u6b63\u54ac\u5408\u306e\u8aac\u660e\u306a\u3069\u984e\u304c\u67d4\u3089\u304b\u3044\u5206\u3001\u591a\u76ee\u7684\u306b \u60a3\u8005\u69d8\u8aac\u660e\u7528\u306b\u7528\u3044\u308b\u3053\u3068\u304c\u53ef\u80fd\u3067\u3059\u3002\" src=\"http:\/\/www.trimunt.co.jp\/wp-content\/uploads\/2014\/12\/ANA28F-LA0012-03.png\" alt=\"ANA28F-LA0012-03\" width=\"110\" height=\"110\" srcset=\"https:\/\/www.trimunt.co.jp\/wp-content\/uploads\/2014\/12\/ANA28F-LA0012-03.png 230w, https:\/\/www.trimunt.co.jp\/wp-content\/uploads\/2014\/12\/ANA28F-LA0012-03-150x150.png 150w\" sizes=\"(max-width: 110px) 100vw, 110px\" \/><\/td>\n<\/tr>\n<\/tbody>\n<\/table>\n<\/td>\n<\/tr>\n<\/tbody>\n<\/table>\n<p>&nbsp;<\/p>\n<table width=\"100%\" cellspacing=\"0\" cellpadding=\"10\">\n<tbody>\n<tr>\n<th>\n<p class=\"product_h3\">DEANA-001 Modelo de Quijada Transparente<\/p>\n<\/th>\n<\/tr>\n<tr>\n<td>\n<table class=\"none\" width=\"100%\">\n<tbody>\n<tr>\n<td rowspan=\"2\"><img loading=\"lazy\" decoding=\"async\" class=\"alignleft wp-image-1053 size-full\" title=\"Removable anatomical rooted teeth model. Anatomical rooted teeth in soft gingivae. The teeth are removable. Ideal tool for learning tooth anatomy. Demonstration for teeth inclination, extrusion and protrusion occurred by missing portion malocclusion, used in many ways due to soft gingivae flexibility.\" src=\"http:\/\/www.trimunt.co.jp\/wp-content\/uploads\/2014\/12\/deana_001_r2_c2_f2.jpg\" alt=\"deana_001_r2_c2_f2\" width=\"230\" height=\"230\" srcset=\"https:\/\/www.trimunt.co.jp\/wp-content\/uploads\/2014\/12\/deana_001_r2_c2_f2.jpg 230w, https:\/\/www.trimunt.co.jp\/wp-content\/uploads\/2014\/12\/deana_001_r2_c2_f2-150x150.jpg 150w\" sizes=\"(max-width: 230px) 100vw, 230px\" \/><\/td>\n<td width=\"115\"><img loading=\"lazy\" decoding=\"async\" class=\"alignleft wp-image-1054\" title=\"Removable anatomical rooted teeth model. Anatomical rooted teeth in soft gingivae. The teeth are removable. Ideal tool for learning tooth anatomy. Demonstration for teeth inclination, extrusion and protrusion occurred by missing portion malocclusion, used in many ways due to soft gingivae flexibility.\" src=\"http:\/\/www.trimunt.co.jp\/wp-content\/uploads\/2014\/12\/deana_001_r2_c2.jpg\" alt=\"deana_001_r2_c2\" width=\"110\" height=\"110\" srcset=\"https:\/\/www.trimunt.co.jp\/wp-content\/uploads\/2014\/12\/deana_001_r2_c2.jpg 230w, https:\/\/www.trimunt.co.jp\/wp-content\/uploads\/2014\/12\/deana_001_r2_c2-150x150.jpg 150w\" sizes=\"(max-width: 110px) 100vw, 110px\" \/><\/td>\n<td rowspan=\"2\">\n<p class=\"product_p2\">Modelo de dientes removibles anat\u00f3micos arraigados dientes anat\u00f3micos arraigados con enc\u00eda suaves.<\/p>\n<p class=\"product_p2\">Herramienta ideal para el aprendizaje de la anatom\u00eda del diente.<\/p>\n<p class=\"product_p2\">Ideal para la demostacion de la inclinaci\u00f3n de dientes, extrusi\u00f3n y protrusi\u00f3n ocurrido por dientes faltantes, y\/o maloclusi\u00f3n. Tiene muchos usos debido a su suave y flexible encia.<\/p>\n<\/td>\n<\/tr>\n<tr>\n<td width=\"115\"><\/td>\n<\/tr>\n<\/tbody>\n<\/table>\n<\/td>\n<\/tr>\n<\/tbody>\n<\/table>\n<p><!--\n\n\n<table width=\"100%\" cellspacing=\"0\" cellpadding=\"10\">\n\n\n<tbody>\n\n\n<tr>\n\n\n<th>\n\n\n<p class=\"product_h3\">DEANA-002 Cr\u00e1neo de demostraci\u00f3n de 10 piezas<\/p>\n\n\n<\/th>\n\n\n<\/tr>\n\n\n\n\n<tr>\n\n\n<td>\n\n\n<table class=\"none\" width=\"100%\">\n\n\n<tbody>\n\n\n<tr>\n\n\n<td rowspan=\"2\" width=\"230\"><img loading=\"lazy\" decoding=\"async\" class=\"alignleft wp-image-1059 size-full\" title=\"The finest 10 piece skull. The calvarium is horizontally sectioned and the jaw is spring-held. Skull base is sectioned sagittally on one side of the cribiform plate and the vomer is removable. Temporal bone: One side is removable and sectioned showing the cochlea and tympanic membrane with the ossicles in place. Temporal bone opposite side: Mastoid dissection showing the semicircular canal and facial nerve. Mandible and Maxilla - one side: Both upper and lower jaws are dissected exposing the anatomically rooted teeth with artificial blood and nerve supply added. Opposite side: Maxillary sinus opening and lower jaw buccal plate is removable showing underlying structures.\" src=\"http:\/\/www.trimunt.co.jp\/wp-content\/uploads\/2014\/12\/deana_002_r2_c2.jpg\" alt=\"deana_002_r2_c2\" width=\"230\" height=\"230\" srcset=\"https:\/\/www.trimunt.co.jp\/wp-content\/uploads\/2014\/12\/deana_002_r2_c2.jpg 230w, https:\/\/www.trimunt.co.jp\/wp-content\/uploads\/2014\/12\/deana_002_r2_c2-150x150.jpg 150w\" sizes=\"(max-width: 230px) 100vw, 230px\" \/><\/td>\n\n\n\n\n<td width=\"115\"><img loading=\"lazy\" decoding=\"async\" class=\"alignleft wp-image-1058\" title=\"The finest 10 piece skull. The calvarium is horizontally sectioned and the jaw is spring-held. Skull base is sectioned sagittally on one side of the cribiform plate and the vomer is removable. Temporal bone: One side is removable and sectioned showing the cochlea and tympanic membrane with the ossicles in place. Temporal bone opposite side: Mastoid dissection showing the semicircular canal and facial nerve. Mandible and Maxilla - one side: Both upper and lower jaws are dissected exposing the anatomically rooted teeth with artificial blood and nerve supply added. Opposite side: Maxillary sinus opening and lower jaw buccal plate is removable showing underlying structures.\" src=\"http:\/\/www.trimunt.co.jp\/wp-content\/uploads\/2014\/12\/deana_002_r2_c2_f3.jpg\" alt=\"deana_002_r2_c2_f3\" width=\"110\" height=\"110\" srcset=\"https:\/\/www.trimunt.co.jp\/wp-content\/uploads\/2014\/12\/deana_002_r2_c2_f3.jpg 230w, https:\/\/www.trimunt.co.jp\/wp-content\/uploads\/2014\/12\/deana_002_r2_c2_f3-150x150.jpg 150w\" sizes=\"(max-width: 110px) 100vw, 110px\" \/><\/td>\n\n\n\n\n<td rowspan=\"2\">\n\n\n<p class=\"product_p2\">El mejor cr\u00e1neo de demostraci\u00f3n de 10 piezas. La calvaria esta seccionada horizontalmente y la mandibula sujetada con resortes. La base del cr\u00e1neo esta seccionada en plano sagital desde un lado de la l\u00e1mina cribiforme y el v\u00f3mer es removible.<\/p>\n\n\n\n\n<p class=\"product_p2\">Hueso Temporal: Un lado es extra\u00edble y seccionado mostrando la c\u00f3clea y la membrana timp\u00e1nica con los huesecillos en el lugar.<\/p>\n\n\n\n\n<p class=\"product_p2\">Lado opuesto del hueso temporal: Disecci\u00f3n mastoide mostrando el canal semicircular y el nervio facial.<\/p>\n\n\n\n\n<p class=\"product_p2\">Mandibula y Maxila - un lado: Las mand\u00edbulas superiores e inferiores estan disectadas exponiendose anat\u00f3micamente los dientes arraigados con sangre artificial y los nervios.<\/p>\n\n\n\n\n<p class=\"product_p2\">Lado Opuesto: La apertura del seno maxilar y la placa de la mandibula inferior son extra\u00edbles mostrando las estructuras subyacentes.<\/p>\n\n\n<\/td>\n\n\n<\/tr>\n\n\n\n\n<tr>\n\n\n<td width=\"115\"><img loading=\"lazy\" decoding=\"async\" class=\"alignleft wp-image-1057\" title=\"The finest 10 piece skull. The calvarium is horizontally sectioned and the jaw is spring-held. Skull base is sectioned sagittally on one side of the cribiform plate and the vomer is removable. Temporal bone: One side is removable and sectioned showing the cochlea and tympanic membrane with the ossicles in place. Temporal bone opposite side: Mastoid dissection showing the semicircular canal and facial nerve. Mandible and Maxilla - one side: Both upper and lower jaws are dissected exposing the anatomically rooted teeth with artificial blood and nerve supply added. Opposite side: Maxillary sinus opening and lower jaw buccal plate is removable showing underlying structures.\" src=\"http:\/\/www.trimunt.co.jp\/wp-content\/uploads\/2014\/12\/deana_002_r2_c2_f2.jpg\" alt=\"deana_002_r2_c2_f2\" width=\"110\" height=\"110\" srcset=\"https:\/\/www.trimunt.co.jp\/wp-content\/uploads\/2014\/12\/deana_002_r2_c2_f2.jpg 230w, https:\/\/www.trimunt.co.jp\/wp-content\/uploads\/2014\/12\/deana_002_r2_c2_f2-150x150.jpg 150w\" sizes=\"(max-width: 110px) 100vw, 110px\" \/><\/td>\n\n\n<\/tr>\n\n\n<\/tbody>\n\n\n<\/table>\n\n\n<\/td>\n\n\n<\/tr>\n\n\n<\/tbody>\n\n\n<\/table>\n\n\n--><br \/>\n&nbsp;<\/p>\n<\/div>\n<p><\/p>","protected":false},"excerpt":{"rendered":"<p>&nbsp; ANA28F-LA001 (Transparente) Modelo de dientes arraigado anat\u00f3micos extra\u00edbles Herramienta adecuada para observar los movimientos del instrumento. Especialmente para el raspado y alisado periodontal de la ra\u00edz. &nbsp; Educaci\u00f3n al Paciente mediante el uso de la enc\u00eda suave Demostraci\u00f3n del caso de maloclusi\u00f3n Demostraci\u00f3n del arco superior estrecho Demostraci\u00f3n de la inclinaci\u00f3n del diente producido [&hellip;]<\/p>\n","protected":false},"author":1,"featured_media":0,"parent":466,"menu_order":50,"comment_status":"closed","ping_status":"closed","template":"","meta":{"jetpack_post_was_ever_published":false,"footnotes":""},"aioseo_notices":[],"jetpack_sharing_enabled":true,"jetpack_shortlink":"https:\/\/wp.me\/P6kiPj-7I","jetpack_likes_enabled":true,"_links":{"self":[{"href":"https:\/\/www.trimunt.co.jp\/es\/wp-json\/wp\/v2\/pages\/478"}],"collection":[{"href":"https:\/\/www.trimunt.co.jp\/es\/wp-json\/wp\/v2\/pages"}],"about":[{"href":"https:\/\/www.trimunt.co.jp\/es\/wp-json\/wp\/v2\/types\/page"}],"author":[{"embeddable":true,"href":"https:\/\/www.trimunt.co.jp\/es\/wp-json\/wp\/v2\/users\/1"}],"replies":[{"embeddable":true,"href":"https:\/\/www.trimunt.co.jp\/es\/wp-json\/wp\/v2\/comments?post=478"}],"version-history":[{"count":51,"href":"https:\/\/www.trimunt.co.jp\/es\/wp-json\/wp\/v2\/pages\/478\/revisions"}],"predecessor-version":[{"id":17655,"href":"https:\/\/www.trimunt.co.jp\/es\/wp-json\/wp\/v2\/pages\/478\/revisions\/17655"}],"up":[{"embeddable":true,"href":"https:\/\/www.trimunt.co.jp\/es\/wp-json\/wp\/v2\/pages\/466"}],"wp:attachment":[{"href":"https:\/\/www.trimunt.co.jp\/es\/wp-json\/wp\/v2\/media?parent=478"}],"curies":[{"name":"wp","href":"https:\/\/api.w.org\/{rel}","templated":true}]}}