{"id":9,"date":"2014-11-20T16:21:10","date_gmt":"2014-11-20T07:21:10","guid":{"rendered":"http:\/\/trimunt.atworks-jp.net\/?page_id=9"},"modified":"2020-04-23T19:44:17","modified_gmt":"2020-04-23T10:44:17","slug":"adem-dental-simulator","status":"publish","type":"page","link":"https:\/\/www.trimunt.co.jp\/es\/adem-dental-simulator\/","title":{"rendered":"Sistema ADEM"},"content":{"rendered":"<p><\/p>\n<p>&nbsp;<\/p>\n<div class=\"example11-wrap\">\n<table class=\"example11-table\" width=\"100%\">\n<tbody>\n<tr>\n<td class=\"bottom-noline\" width=\"206\"><a title=\"Cabeza Fantasma\" href=\"http:\/\/www.trimunt.co.jp\/?page_id=228\"><img loading=\"lazy\" decoding=\"async\" class=\" wp-image-705 aligncenter\" src=\"http:\/\/www.trimunt.co.jp\/wp-content\/uploads\/2014\/11\/011-300x300.jpg\" alt=\"01\" width=\"100\" height=\"100\" srcset=\"https:\/\/www.trimunt.co.jp\/wp-content\/uploads\/2014\/11\/011-300x300.jpg 300w, https:\/\/www.trimunt.co.jp\/wp-content\/uploads\/2014\/11\/011-150x150.jpg 150w, https:\/\/www.trimunt.co.jp\/wp-content\/uploads\/2014\/11\/011.jpg 500w\" sizes=\"(max-width: 100px) 100vw, 100px\" \/><\/a><\/td>\n<td class=\"right-noline bottom-noline\">\n<h3><a title=\"ADEM Phantom System\" href=\"http:\/\/www.trimunt.co.jp\/?page_id=228\">Cabeza Fantasma<\/a><\/h3>\n<p>Innovadoramente por la b\u00fasqueda de\u00a0 la utilidad \u00faltima. Permitiendo tanto\u00a0a profesores como alumnos a preparar f\u00e1cilmente y r\u00e1pidamente antes de cada clase aparte de sus caracter\u00edsticas sobresalientes.<\/p>\n<p><a class=\"button hvr-rectangle-out\" title=\"Partes Opcionales\" href=\"http:\/\/www.trimunt.co.jp\/?page_id=1199\">Partes Opcionales<\/a><\/p>\n<\/td>\n<\/tr>\n<\/tbody>\n<\/table>\n<\/div>\n<p>&nbsp;<\/p>\n<div class=\"example11-wrap\">\n<table class=\"example11-table\" width=\"100%\">\n<tbody>\n<tr>\n<td class=\"bottom-noline\" width=\"206\"><a title=\"Manequi Simple\" href=\"http:\/\/www.trimunt.co.jp\/?page_id=230\"><img loading=\"lazy\" decoding=\"async\" class=\"aligncenter wp-image-706\" src=\"http:\/\/www.trimunt.co.jp\/wp-content\/uploads\/2014\/11\/021-300x300.jpg\" alt=\"02\" width=\"100\" height=\"100\" srcset=\"https:\/\/www.trimunt.co.jp\/wp-content\/uploads\/2014\/11\/021-300x300.jpg 300w, https:\/\/www.trimunt.co.jp\/wp-content\/uploads\/2014\/11\/021-150x150.jpg 150w, https:\/\/www.trimunt.co.jp\/wp-content\/uploads\/2014\/11\/021.jpg 500w\" sizes=\"(max-width: 100px) 100vw, 100px\" \/><\/a><\/td>\n<td class=\"right-noline bottom-noline\">\n<h3><a title=\"\u30b7Manequi Simple\" href=\"http:\/\/www.trimunt.co.jp\/?page_id=230\">Manequi Simple<\/a><\/h3>\n<p>Recomendado a ellos que no quieren las funciones del Fantasma pero\u00a0<br \/> un sencillo sistema para la oficina o entrenamiento personal.\u00a0<br \/> Se puede guardar facilmente en el maletin despues de uso.<\/p>\n<p><a class=\"button hvr-rectangle-out\" title=\"Partes Opcionales\" href=\"http:\/\/www.trimunt.co.jp\/?page_id=1249\">Partes Opcionales<\/a><\/p>\n<\/td>\n<\/tr>\n<\/tbody>\n<\/table>\n<\/div>\n<p>&nbsp;<\/p>\n<div class=\"example11-wrap\">\n<table class=\"example11-table\" width=\"100%\">\n<tbody>\n<tr>\n<td class=\"bottom-noline\" width=\"99\"><a title=\"Mounting System\" href=\"http:\/\/www.trimunt.co.jp\/?page_id=436\"><img loading=\"lazy\" decoding=\"async\" class=\"aligncenter wp-image-708 size-thumbnail\" src=\"http:\/\/www.trimunt.co.jp\/wp-content\/uploads\/2014\/11\/041-150x150.jpg\" alt=\"04\" width=\"100\" height=\"100\" srcset=\"https:\/\/www.trimunt.co.jp\/wp-content\/uploads\/2014\/11\/041-150x150.jpg 150w, https:\/\/www.trimunt.co.jp\/wp-content\/uploads\/2014\/11\/041-300x300.jpg 300w, https:\/\/www.trimunt.co.jp\/wp-content\/uploads\/2014\/11\/041.jpg 500w\" sizes=\"(max-width: 100px) 100vw, 100px\" \/><\/a><\/td>\n<td class=\"bottom-noline\" width=\"99\"><a title=\"Mounting System\" href=\"http:\/\/www.trimunt.co.jp\/?page_id=436\"><img loading=\"lazy\" decoding=\"async\" class=\"aligncenter wp-image-707 size-thumbnail\" src=\"http:\/\/www.trimunt.co.jp\/wp-content\/uploads\/2014\/11\/031-150x150.jpg\" alt=\"03\" width=\"100\" height=\"100\" srcset=\"https:\/\/www.trimunt.co.jp\/wp-content\/uploads\/2014\/11\/031-150x150.jpg 150w, https:\/\/www.trimunt.co.jp\/wp-content\/uploads\/2014\/11\/031-300x300.jpg 300w, https:\/\/www.trimunt.co.jp\/wp-content\/uploads\/2014\/11\/031.jpg 500w\" sizes=\"(max-width: 100px) 100vw, 100px\" \/><\/a><\/td>\n<td class=\"right-noline bottom-noline\">\n<h3><a title=\"Mounting System\" href=\"http:\/\/www.trimunt.co.jp\/?page_id=436\">Unidad de Montaje<\/a><\/h3>\n<\/td>\n<\/tr>\n<\/tbody>\n<\/table>\n<\/div>\n<p>&nbsp;<\/p>\n<p><\/p>","protected":false},"excerpt":{"rendered":"<p>&nbsp; Cabeza Fantasma Innovadoramente por la b\u00fasqueda de\u00a0 la utilidad \u00faltima. Permitiendo tanto\u00a0a profesores como alumnos a preparar f\u00e1cilmente y r\u00e1pidamente antes de cada clase aparte de sus caracter\u00edsticas sobresalientes. Partes Opcionales &nbsp; Manequi Simple Recomendado a ellos que no quieren las funciones del Fantasma pero\u00a0 un sencillo sistema para la oficina o entrenamiento personal.\u00a0 [&hellip;]<\/p>\n","protected":false},"author":1,"featured_media":0,"parent":0,"menu_order":10,"comment_status":"closed","ping_status":"closed","template":"","meta":{"jetpack_post_was_ever_published":false,"footnotes":""},"aioseo_notices":[],"jetpack_sharing_enabled":true,"jetpack_shortlink":"https:\/\/wp.me\/P6kiPj-9","jetpack_likes_enabled":true,"_links":{"self":[{"href":"https:\/\/www.trimunt.co.jp\/es\/wp-json\/wp\/v2\/pages\/9"}],"collection":[{"href":"https:\/\/www.trimunt.co.jp\/es\/wp-json\/wp\/v2\/pages"}],"about":[{"href":"https:\/\/www.trimunt.co.jp\/es\/wp-json\/wp\/v2\/types\/page"}],"author":[{"embeddable":true,"href":"https:\/\/www.trimunt.co.jp\/es\/wp-json\/wp\/v2\/users\/1"}],"replies":[{"embeddable":true,"href":"https:\/\/www.trimunt.co.jp\/es\/wp-json\/wp\/v2\/comments?post=9"}],"version-history":[{"count":78,"href":"https:\/\/www.trimunt.co.jp\/es\/wp-json\/wp\/v2\/pages\/9\/revisions"}],"predecessor-version":[{"id":17564,"href":"https:\/\/www.trimunt.co.jp\/es\/wp-json\/wp\/v2\/pages\/9\/revisions\/17564"}],"wp:attachment":[{"href":"https:\/\/www.trimunt.co.jp\/es\/wp-json\/wp\/v2\/media?parent=9"}],"curies":[{"name":"wp","href":"https:\/\/api.w.org\/{rel}","templated":true}]}}